{"id":5559,"date":"2022-10-22T14:40:54","date_gmt":"2022-10-22T14:40:54","guid":{"rendered":"https:\/\/cabeolica.com\/?page_id=5559"},"modified":"2025-04-25T17:00:08","modified_gmt":"2025-04-25T18:00:08","slug":"projeto-de-expansao","status":"publish","type":"page","link":"\/en\/projeto-de-expansao\/","title":{"rendered":"Expansion Project"},"content":{"rendered":"<div class=\"vc_row wpb_row vc_row-fluid vc_custom_1564573773033\"><div class=\"wpb_column vc_column_container vc_col-sm-12\"><div class=\"vc_column-inner\"><div class=\"wpb_wrapper\"><div class=\"vc_empty_space\"   style=\"height: 32px\"><span class=\"vc_empty_space_inner\"><\/span><\/div><div class=\"vc_empty_space\"   style=\"height: 32px\"><span class=\"vc_empty_space_inner\"><\/span><\/div><div class=\"title-box  text-center\"><h4 class=\"title\">Cabe\u00f3lica's new expansion project comprises the installation of 3 wind turbines of 4.5 MW and batteries energy storage systems (BESS) with operation set to commence by the end of 2025:<\/h4><\/div><div class=\"vc_empty_space\"   style=\"height: 32px\"><span class=\"vc_empty_space_inner\"><\/span><\/div><\/div><\/div><\/div><\/div><div class=\"vc_row wpb_row vc_row-fluid\"><div class=\"wpb_column vc_column_container vc_col-sm-6\"><div class=\"vc_column-inner\"><div class=\"wpb_wrapper\">\n        <div class=\"row\">\n            <div class=\"col-sm-12\"><div class=\"owl-carousel\" data-dots=\"true\" data-nav=\"false\" data-items=\"1\" data-items-laptop=\"1\" data-items-tab=\"1\" data-items-mobile=\"1\" data-items-mobile-sm=\"1\" data-autoplay=\"true\" data-loop=\"true\" data-margin=\"30\"><div class=\"Consulting-img  text-left\"><img decoding=\"async\" src=\"https:\/\/cabeolica.com\/wp-content\/uploads\/2022\/09\/DG_0999-Close-up-lum-50-scaled.jpg\" alt=\"slider\"><\/div><div class=\"Consulting-img  text-left\"><img decoding=\"async\" src=\"https:\/\/cabeolica.com\/wp-content\/uploads\/2022\/09\/Parque-Cabeolica-mindelo-by-nivaldo-medina-22-scaled.jpg\" alt=\"slider\"><\/div><div class=\"Consulting-img  text-left\"><img decoding=\"async\" src=\"https:\/\/cabeolica.com\/wp-content\/uploads\/2022\/09\/DG_0899-Parque-eolico-lum-50-scaled.jpg\" alt=\"slider\"><\/div><div class=\"Consulting-img  text-left\"><img decoding=\"async\" src=\"https:\/\/cabeolica.com\/wp-content\/uploads\/2022\/09\/Parque-Cabeolica-mindelo-SV1-scaled.jpg\" alt=\"slider\"><\/div><\/div>\n            <\/div>\n        <\/div><\/div><\/div><\/div><div class=\"wpb_column vc_column_container vc_col-sm-6\"><div class=\"vc_column-inner\"><div class=\"wpb_wrapper\"><div class=\"vc_empty_space\"   style=\"height: 32px\"><span class=\"vc_empty_space_inner\"><\/span><\/div>\r\n\t<div class=\"text-left no-margin\">\r\n\t\t<ul class=\"iq-list\">\r\n\t        <li>\r\n\t            <i class=\"ion ion-android-checkbox\"><\/i>\r\n\t\t            <span style=\"color: #000000\">Expansion of the Santiago wind farm by + 13 MW.<\/span>        \r\n\t        <\/li>\r\n\t        <li>\r\n\t            <i class=\"ion ion-android-checkbox\"><\/i>\r\n\t\t            <span style=\"color: #000000\">BESS in Santiago, Sal, S\u00e3o Vicente and Boavista<\/span>        \r\n\t        <\/li>\r\n\t        <li>\r\n\t            <i class=\"ion ion-android-checkbox\"><\/i>\r\n\t\t            <span style=\"color: #000000\">Additional generation of 75 MW per year.<\/span>        \r\n\t        <\/li>\r\n\t        <li>\r\n\t            <i class=\"ion ion-android-checkbox\"><\/i>\r\n\t\t            <span style=\"color: #000000\">Increase of renewable energy penetration rate from about 20% to about 30% in Cape Verde, still in 2025.<\/span>        \r\n\t        <\/li>\r\n\t\t<\/ul>\r\n\t<\/div><\/div><\/div><\/div><\/div><div class=\"vc_row wpb_row vc_row-fluid\"><div class=\"wpb_column vc_column_container vc_col-sm-12\"><div class=\"vc_column-inner\"><div class=\"wpb_wrapper\"><div class=\"vc_empty_space\"   style=\"height: 32px\"><span class=\"vc_empty_space_inner\"><\/span><\/div><\/div><\/div><\/div><\/div><div class=\"vc_row wpb_row vc_row-fluid\"><div class=\"wpb_column vc_column_container vc_col-sm-12\"><div class=\"vc_column-inner\"><div class=\"wpb_wrapper\"><div class=\"title-box  text-center\"><h4 class=\"title\">Expansion Project Documents<\/h4><\/div><\/div><\/div><\/div><\/div><div class=\"vc_row wpb_row vc_row-fluid\"><div class=\"wpb_column vc_column_container vc_col-sm-12\"><div class=\"vc_column-inner\"><div class=\"wpb_wrapper\"><div class=\"vc_empty_space\"   style=\"height: 32px\"><span class=\"vc_empty_space_inner\"><\/span><\/div><div class=\"vc_tta-container\" data-vc-action=\"collapse\"><div class=\"vc_general vc_tta vc_tta-tabs vc_tta-color-grey vc_tta-style-classic vc_tta-shape-rounded vc_tta-spacing-1 vc_tta-tabs-position-top vc_tta-controls-align-left\"><div class=\"vc_tta-tabs-container\"><ul class=\"vc_tta-tabs-list\"><li class=\"vc_tta-tab vc_active\" data-vc-tab><a href=\"#1743151631836-e144df2e-3c0d\" data-vc-tabs data-vc-container=\".vc_tta\"><span class=\"vc_tta-title-text\">Santiago &amp; Sal Documents<\/span><\/a><\/li><li class=\"vc_tta-tab\" data-vc-tab><a href=\"#1743151631856-5dde8728-bd9b\" data-vc-tabs data-vc-container=\".vc_tta\"><span class=\"vc_tta-title-text\">S. Vicente &amp; Boavista Documents<\/span><\/a><\/li><\/ul><\/div><div class=\"vc_tta-panels-container\"><div class=\"vc_tta-panels\"><div class=\"vc_tta-panel vc_active\" id=\"1743151631836-e144df2e-3c0d\" data-vc-content=\".vc_tta-panel-body\"><div class=\"vc_tta-panel-heading\"><h4 class=\"vc_tta-panel-title\"><a href=\"#1743151631836-e144df2e-3c0d\" data-vc-accordion data-vc-container=\".vc_tta-container\"><span class=\"vc_tta-title-text\">Santiago &amp; Sal Documents<\/span><\/a><\/h4><\/div><div class=\"vc_tta-panel-body\"><div class=\"vc_btn3-container vc_btn3-left\" ><a class=\"vc_general vc_btn3 vc_btn3-size-md vc_btn3-shape-rounded vc_btn3-style-modern vc_btn3-block vc_btn3-icon-left vc_btn3-color-grey\" href=\"\/wp-content\/uploads\/2025\/02\/Simplified-ESIA-Santiago-&amp;-Sal.pdf\" title=\"\" target=\"_blank\"><i class=\"vc_btn3-icon typcn typcn-document\"><\/i> ESIA Santiago &amp; Sal<\/a><\/div><div class=\"vc_btn3-container vc_btn3-left\" ><a class=\"vc_general vc_btn3 vc_btn3-size-md vc_btn3-shape-rounded vc_btn3-style-modern vc_btn3-block vc_btn3-icon-left vc_btn3-color-grey\" href=\"\/wp-content\/uploads\/2025\/02\/NTS_Simplified_ESIA_Sal_and_Santiago_Final_251601.pdf\" title=\"\" target=\"_blank\"><i class=\"vc_btn3-icon typcn typcn-document\"><\/i> NTS Simplified ESIA Sal and Santiago Final 251601<\/a><\/div><div class=\"vc_btn3-container vc_btn3-left\" ><a class=\"vc_general vc_btn3 vc_btn3-size-md vc_btn3-shape-rounded vc_btn3-style-modern vc_btn3-block vc_btn3-icon-left vc_btn3-color-grey\" href=\"\/wp-content\/uploads\/2025\/02\/Simplified_ESIA_Santiago&#038;Sal_Appendix_A_Noise_&#038;_Shadow_Flicker_Final.pdf\" title=\"\" target=\"_blank\"><i class=\"vc_btn3-icon typcn typcn-document\"><\/i> Simplified ESIA Santiago &amp; Sal Appendix A Noise &amp; Shadow Flicker Final<\/a><\/div><div class=\"vc_btn3-container vc_btn3-left\" ><a class=\"vc_general vc_btn3 vc_btn3-size-md vc_btn3-shape-rounded vc_btn3-style-modern vc_btn3-block vc_btn3-icon-left vc_btn3-color-grey\" href=\"\/wp-content\/uploads\/2025\/02\/Simplified_ESIA_Santiago&#038;Sal_Appendix_B_Santiago_Flora_and_Avifauna_Survey_April_2023_Biosfera.pdf\" title=\"\" target=\"_blank\"><i class=\"vc_btn3-icon typcn typcn-document\"><\/i> Simplified ESIA Santiago &amp; Sal Appendix B Santiago Flora and Avifauna Survey April 2023 Biosfera<\/a><\/div><div class=\"vc_btn3-container vc_btn3-left\" ><a class=\"vc_general vc_btn3 vc_btn3-size-md vc_btn3-shape-rounded vc_btn3-style-modern vc_btn3-block vc_btn3-icon-left vc_btn3-color-grey\" href=\"\/wp-content\/uploads\/2025\/02\/Simplified_ESIA_Santiago&#038;Sal_Appendix_C_Santiago_Flora_and_Avifauna_Survey_July_2023_Biosfera.pdf\" title=\"\" target=\"_blank\"><i class=\"vc_btn3-icon typcn typcn-document\"><\/i> Simplified ESIA Santiago &amp; Sal Appendix C Santiago Flora and Avifauna Survey Jully 2023 Biosfera<\/a><\/div><div class=\"vc_btn3-container vc_btn3-left\" ><a class=\"vc_general vc_btn3 vc_btn3-size-md vc_btn3-shape-rounded vc_btn3-style-modern vc_btn3-block vc_btn3-icon-left vc_btn3-color-grey\" href=\"\/wp-content\/uploads\/2025\/02\/Simplified_ESIA_Santiago&#038;Sal_Appendix_D_Santiago_Flora_and_Avifauna_Survey_Oct_2023.pdf\" title=\"\" target=\"_blank\"><i class=\"vc_btn3-icon typcn typcn-document\"><\/i> Simplified ESIA Santiago &amp; Sal Appendix D Santiago Flora and Avifauna Survey October 2023 Biosfera<\/a><\/div><div class=\"vc_btn3-container vc_btn3-left\" ><a class=\"vc_general vc_btn3 vc_btn3-size-md vc_btn3-shape-rounded vc_btn3-style-modern vc_btn3-block vc_btn3-icon-left vc_btn3-color-grey\" href=\"\/wp-content\/uploads\/2025\/02\/Simplified_ESIA_Santiago&#038;Sal_Appendix_E_Reptiles_&#038;_Bats_Survey_Santiago_Sal_April_2023_CIBIO.pdf\" title=\"\" target=\"_blank\"><i class=\"vc_btn3-icon typcn typcn-document\"><\/i> Simplified ESIA Santiago &amp; Sal Appendix E Reptils &amp; Bats Survey Santiago &amp; Sal - Nov. 2023 - CIBIO<\/a><\/div><div class=\"vc_btn3-container vc_btn3-left\" ><a class=\"vc_general vc_btn3 vc_btn3-size-md vc_btn3-shape-rounded vc_btn3-style-modern vc_btn3-block vc_btn3-icon-left vc_btn3-color-grey\" href=\"\/wp-content\/uploads\/2025\/02\/Simplified_ESIA_Santiago&#038;Sal_Appendix_F_Reptiles_&#038;_Bats_Santiago_and_Sal_Nov_2023.pdf\" title=\"\" target=\"_blank\"><i class=\"vc_btn3-icon typcn typcn-document\"><\/i> Simplified ESIA Santiago &amp; Sal Appendix F Reptils &amp; Bats Santiago &amp; Sal - Nov. 2023<\/a><\/div><div class=\"vc_btn3-container vc_btn3-left\" ><a class=\"vc_general vc_btn3 vc_btn3-size-md vc_btn3-shape-rounded vc_btn3-style-modern vc_btn3-block vc_btn3-icon-left vc_btn3-color-grey\" href=\"\/wp-content\/uploads\/2025\/02\/Simplified_ESIA_Santiago&#038;Sal_Appendix_G_Sal_Flora_Survey_April_2023_Projeto_Biodiversidade.pdf\" title=\"\" target=\"_blank\"><i class=\"vc_btn3-icon typcn typcn-document\"><\/i> Simplified ESIA Santiago &amp; Sal Appendix G Sal Flora Survey April 2023 Projeto Biodiversidade<\/a><\/div><div class=\"vc_btn3-container vc_btn3-left\" ><a class=\"vc_general vc_btn3 vc_btn3-size-md vc_btn3-shape-rounded vc_btn3-style-modern vc_btn3-block vc_btn3-icon-left vc_btn3-color-grey\" href=\"\/wp-content\/uploads\/2025\/02\/Simplified_ESIA_Santiago&#038;Sal_Appendix_H_Sal_Flora_Survey_Nov_2023.pdf\" title=\"\" target=\"_blank\"><i class=\"vc_btn3-icon typcn typcn-document\"><\/i> Simplified ESIA Santiago &amp; Sal Appendix H Sal Flora Survey Nov. 2023<\/a><\/div><div class=\"vc_btn3-container vc_btn3-left\" ><a class=\"vc_general vc_btn3 vc_btn3-size-md vc_btn3-shape-rounded vc_btn3-style-modern vc_btn3-block vc_btn3-icon-left vc_btn3-color-grey\" href=\"\/wp-content\/uploads\/2025\/02\/Simplified_ESIA_Santiago&#038;Sal_Appendix_I_Visual_Impact_Assessment.pdf\" title=\"\" target=\"_blank\"><i class=\"vc_btn3-icon typcn typcn-document\"><\/i> Simplified ESIA Santiago &amp; Sal Appendix I Visual Impact Assessment<\/a><\/div><div class=\"vc_btn3-container vc_btn3-left\" ><a class=\"vc_general vc_btn3 vc_btn3-size-md vc_btn3-shape-rounded vc_btn3-style-modern vc_btn3-block vc_btn3-icon-left vc_btn3-color-grey\" href=\"\/wp-content\/uploads\/2025\/02\/Simplified_ESIA_Santiago&#038;Sal_Appendix_J_SEP_Final_241220.pdf\" title=\"\" target=\"_blank\"><i class=\"vc_btn3-icon typcn typcn-document\"><\/i> Simplified ESIA Santiago &amp; Sal Appendix J SEP Final<\/a><\/div><div class=\"vc_btn3-container vc_btn3-left\" ><a class=\"vc_general vc_btn3 vc_btn3-size-md vc_btn3-shape-rounded vc_btn3-style-modern vc_btn3-block vc_btn3-icon-left vc_btn3-color-grey\" href=\"\/wp-content\/uploads\/2025\/02\/Simplified_ESIA_Santiago&#038;Sal_Appendix_K_Chance_Finds_Procedure_Final.pdf\" title=\"\" target=\"_blank\"><i class=\"vc_btn3-icon typcn typcn-document\"><\/i> Simplified ESIA Santiago &amp; Sal Appendix K Chance Finds Procedure<\/a><\/div><\/div><\/div><div class=\"vc_tta-panel\" id=\"1743151631856-5dde8728-bd9b\" data-vc-content=\".vc_tta-panel-body\"><div class=\"vc_tta-panel-heading\"><h4 class=\"vc_tta-panel-title\"><a href=\"#1743151631856-5dde8728-bd9b\" data-vc-accordion data-vc-container=\".vc_tta-container\"><span class=\"vc_tta-title-text\">S. Vicente &amp; Boavista Documents<\/span><\/a><\/h4><\/div><div class=\"vc_tta-panel-body\"><div class=\"vc_btn3-container vc_btn3-left\" ><a class=\"vc_general vc_btn3 vc_btn3-size-md vc_btn3-shape-rounded vc_btn3-style-modern vc_btn3-block vc_btn3-icon-left vc_btn3-color-grey\" href=\"\/wp-content\/uploads\/2025\/03\/NTS_Simplified_ESIA_BESS_Boa_Vista.pdf\" title=\"\" target=\"_blank\"><i class=\"vc_btn3-icon typcn typcn-document\"><\/i> NTS Simplified ESIA Bess Boa Vista<\/a><\/div><div class=\"vc_btn3-container vc_btn3-left\" ><a class=\"vc_general vc_btn3 vc_btn3-size-md vc_btn3-shape-rounded vc_btn3-style-modern vc_btn3-block vc_btn3-icon-left vc_btn3-color-grey\" href=\"\/wp-content\/uploads\/2025\/03\/Simplified_ESIA_BESS_Boa_Vista_Appendix_A_ESMP.pdf\" title=\"\" target=\"_blank\"><i class=\"vc_btn3-icon typcn typcn-document\"><\/i> Simplified ESIA Bess Boa Vista Apendix A ESMP<\/a><\/div><div class=\"vc_btn3-container vc_btn3-left\" ><a class=\"vc_general vc_btn3 vc_btn3-size-md vc_btn3-shape-rounded vc_btn3-style-modern vc_btn3-block vc_btn3-icon-left vc_btn3-color-grey\" href=\"\/wp-content\/uploads\/2025\/03\/Simplified_ESIA_BESS_Boa_Vista_Appendix_B_In_Country_Diagnosis.pdf\" title=\"\" target=\"_blank\"><i class=\"vc_btn3-icon typcn typcn-document\"><\/i> Simplified ESIA Bess Boa Vista Apendix B ESMP In Country Diagnosis<\/a><\/div><div class=\"vc_btn3-container vc_btn3-left\" ><a class=\"vc_general vc_btn3 vc_btn3-size-md vc_btn3-shape-rounded vc_btn3-style-modern vc_btn3-block vc_btn3-icon-left vc_btn3-color-grey\" href=\"\/wp-content\/uploads\/2025\/03\/Simplified_ESIA_BESS_Boa_Vista_Appendix_C_SEP.pdf\" title=\"\" target=\"_blank\"><i class=\"vc_btn3-icon typcn typcn-document\"><\/i> Simplified ESIA Bess Boa Vista Apendix C SEP<\/a><\/div><div class=\"vc_btn3-container vc_btn3-left\" ><a class=\"vc_general vc_btn3 vc_btn3-size-md vc_btn3-shape-rounded vc_btn3-style-modern vc_btn3-block vc_btn3-icon-left vc_btn3-color-grey\" href=\"\/wp-content\/uploads\/2025\/03\/Simplified_ESIA_BESS_Boa_Vista_Appendix_D_WMP.pdf\" title=\"\" target=\"_blank\"><i class=\"vc_btn3-icon typcn typcn-document\"><\/i> Simplified ESIA Bess Boa Vista Apendix D WMP<\/a><\/div><div class=\"vc_btn3-container vc_btn3-left\" ><a class=\"vc_general vc_btn3 vc_btn3-size-md vc_btn3-shape-rounded vc_btn3-style-modern vc_btn3-block vc_btn3-icon-left vc_btn3-color-grey\" href=\"\/wp-content\/uploads\/2025\/03\/Simplified_ESIA_BESS_Boa_Vista_Appendix_E_Chance_Finds_Procedure.pdf\" title=\"\" target=\"_blank\"><i class=\"vc_btn3-icon typcn typcn-document\"><\/i> Simplified ESIA Bess Boa Vista Apendix E Chance Finds Procedure<\/a><\/div><div class=\"vc_btn3-container vc_btn3-left\" ><a class=\"vc_general vc_btn3 vc_btn3-size-md vc_btn3-shape-rounded vc_btn3-style-modern vc_btn3-block vc_btn3-icon-left vc_btn3-color-grey\" href=\"\/wp-content\/uploads\/2025\/03\/Simplified_ESIA_BESS_Boa_Vista_Main_Report.pdf\" title=\"\" target=\"_blank\"><i class=\"vc_btn3-icon typcn typcn-document\"><\/i> Simplified ESIA Bess Boa Vista Main Report<\/a><\/div><div class=\"vc_btn3-container vc_btn3-left\" ><a class=\"vc_general vc_btn3 vc_btn3-size-md vc_btn3-shape-rounded vc_btn3-style-modern vc_btn3-block vc_btn3-icon-left vc_btn3-color-grey\" href=\"\/wp-content\/uploads\/2025\/03\/NTS_Simplified_ESIA_BESS_Sao_Vicente.pdf\" title=\"\" target=\"_blank\"><i class=\"vc_btn3-icon typcn typcn-document\"><\/i> NTS Simplified ESIA Bess S\u00e3o Vicente<\/a><\/div><div class=\"vc_btn3-container vc_btn3-left\" ><a class=\"vc_general vc_btn3 vc_btn3-size-md vc_btn3-shape-rounded vc_btn3-style-modern vc_btn3-block vc_btn3-icon-left vc_btn3-color-grey\" href=\"\/wp-content\/uploads\/2025\/03\/Simplified_ESIA_BESS_Sao_Vicente_Appendix_A_ESMP.pdf\" title=\"\" target=\"_blank\"><i class=\"vc_btn3-icon typcn typcn-document\"><\/i> Simplified ESIA Bess S\u00e3o Vicente Apendix A ESMP<\/a><\/div><div class=\"vc_btn3-container vc_btn3-left\" ><a class=\"vc_general vc_btn3 vc_btn3-size-md vc_btn3-shape-rounded vc_btn3-style-modern vc_btn3-block vc_btn3-icon-left vc_btn3-color-grey\" href=\"\/wp-content\/uploads\/2025\/03\/Simplified_ESIA_BESS_Sao_Vicente_Appendix_B_In_Country_Diagnosis.pdf\" title=\"\" target=\"_blank\"><i class=\"vc_btn3-icon typcn typcn-document\"><\/i> Simplified ESIA Bess S\u00e3o Vicente Apendix B ESMP In Country Diagnosis<\/a><\/div><div class=\"vc_btn3-container vc_btn3-left\" ><a class=\"vc_general vc_btn3 vc_btn3-size-md vc_btn3-shape-rounded vc_btn3-style-modern vc_btn3-block vc_btn3-icon-left vc_btn3-color-grey\" href=\"\/wp-content\/uploads\/2025\/03\/Simplified_ESIA_BESS_Sao_Vicente_Appendix_C_SEP.pdf\" title=\"\" target=\"_blank\"><i class=\"vc_btn3-icon typcn typcn-document\"><\/i> Simplified ESIA Bess S\u00e3o Vicente Apendix C SEP<\/a><\/div><div class=\"vc_btn3-container vc_btn3-left\" ><a class=\"vc_general vc_btn3 vc_btn3-size-md vc_btn3-shape-rounded vc_btn3-style-modern vc_btn3-block vc_btn3-icon-left vc_btn3-color-grey\" href=\"\/wp-content\/uploads\/2025\/03\/Simplified_ESIA_BESS_Sao_Vicente_Appendix_D_WMP.pdf\" title=\"\" target=\"_blank\"><i class=\"vc_btn3-icon typcn typcn-document\"><\/i> Simplified ESIA Bess S\u00e3o Vicente Apendix D WMP<\/a><\/div><div class=\"vc_btn3-container vc_btn3-left\" ><a class=\"vc_general vc_btn3 vc_btn3-size-md vc_btn3-shape-rounded vc_btn3-style-modern vc_btn3-block vc_btn3-icon-left vc_btn3-color-grey\" href=\"\/wp-content\/uploads\/2025\/03\/Simplified_ESIA_BESS_Sao_Vicente_Appendix_E_Chance_Finds_Procedure.pdf\" title=\"\" target=\"_blank\"><i class=\"vc_btn3-icon typcn typcn-document\"><\/i> Simplified ESIA Bess S\u00e3o Vicente Apendix E Chance Finds Procedure<\/a><\/div><div class=\"vc_btn3-container vc_btn3-left\" ><a class=\"vc_general vc_btn3 vc_btn3-size-md vc_btn3-shape-rounded vc_btn3-style-modern vc_btn3-block vc_btn3-icon-left vc_btn3-color-grey\" href=\"\/wp-content\/uploads\/2025\/03\/Simplified_ESIA_BESS_Sao_Vicente_Main_Report.pdf\" title=\"\" target=\"_blank\"><i class=\"vc_btn3-icon typcn typcn-document\"><\/i> Simplified ESIA Bess S\u00e3o Vicente Main Report<\/a><\/div><\/div><\/div><\/div><\/div><\/div><\/div><div class=\"vc_empty_space\"   style=\"height: 32px\"><span class=\"vc_empty_space_inner\"><\/span><\/div><div class=\"vc_btn3-container vc_btn3-left\" ><a class=\"vc_general vc_btn3 vc_btn3-size-md vc_btn3-shape-rounded vc_btn3-style-modern vc_btn3-block vc_btn3-icon-left vc_btn3-color-grey\" href=\"\/wp-content\/uploads\/2025\/02\/Waste-Management-Plan.pdf\" title=\"\" target=\"_blank\"><i class=\"vc_btn3-icon typcn typcn-document\"><\/i> Waste Management Plan<\/a><\/div><div class=\"vc_btn3-container vc_btn3-left\" ><a class=\"vc_general vc_btn3 vc_btn3-size-md vc_btn3-shape-rounded vc_btn3-style-modern vc_btn3-block vc_btn3-icon-left vc_btn3-color-grey\" href=\"\/wp-content\/uploads\/2025\/02\/ES_Management_Manual.pdf\" title=\"\" target=\"_blank\"><i class=\"vc_btn3-icon typcn typcn-document\"><\/i> ES Management Manual<\/a><\/div><div class=\"vc_btn3-container vc_btn3-left\" ><a class=\"vc_general vc_btn3 vc_btn3-size-md vc_btn3-shape-rounded vc_btn3-style-modern vc_btn3-block vc_btn3-icon-left vc_btn3-color-grey\" href=\"\/wp-content\/uploads\/2025\/03\/AfDB_ESMP_FA_Cabeolica.pdf\" title=\"\" target=\"_blank\"><i class=\"vc_btn3-icon typcn typcn-document\"><\/i> AfDB ESMP-FA<\/a><\/div><div class=\"vc_empty_space\"   style=\"height: 32px\"><span class=\"vc_empty_space_inner\"><\/span><\/div><\/div><\/div><\/div><\/div>","protected":false},"excerpt":{"rendered":"Novo projeto de expans\u00e3o da Cabe\u00f3lica compreende a instala\u00e7\u00e3o de 3 turbinas e\u00f3licas de 4,5 MW e sistemas de armazenamento de energia em baterias (BESS) com opera\u00e7\u00e3o a iniciar em finais de 2025: Expans\u00e3o do parque e\u00f3lico de Santiago por + 13 MW. BESS em Santiago, Sal, S\u00e3o Vicente e Boavista. Gera\u00e7\u00e3o adicional de 75 [...]","protected":false},"author":1,"featured_media":0,"parent":0,"menu_order":0,"comment_status":"closed","ping_status":"closed","template":"full-page.php","meta":{"_monsterinsights_skip_tracking":false,"_monsterinsights_sitenote_active":false,"_monsterinsights_sitenote_note":"","_monsterinsights_sitenote_category":0,"footnotes":""},"class_list":["post-5559","page","type-page","status-publish","hentry"],"aioseo_notices":[],"_links":{"self":[{"href":"\/en\/wp-json\/wp\/v2\/pages\/5559","targetHints":{"allow":["GET"]}}],"collection":[{"href":"\/en\/wp-json\/wp\/v2\/pages"}],"about":[{"href":"\/en\/wp-json\/wp\/v2\/types\/page"}],"author":[{"embeddable":true,"href":"\/en\/wp-json\/wp\/v2\/users\/1"}],"replies":[{"embeddable":true,"href":"\/en\/wp-json\/wp\/v2\/comments?post=5559"}],"version-history":[{"count":60,"href":"\/en\/wp-json\/wp\/v2\/pages\/5559\/revisions"}],"predecessor-version":[{"id":6485,"href":"\/en\/wp-json\/wp\/v2\/pages\/5559\/revisions\/6485"}],"wp:attachment":[{"href":"\/en\/wp-json\/wp\/v2\/media?parent=5559"}],"curies":[{"name":"wp","href":"https:\/\/api.w.org\/{rel}","templated":true}]}}