{"id":5127,"date":"2022-09-03T22:19:08","date_gmt":"2022-09-03T22:19:08","guid":{"rendered":"http:\/\/localhost:8888\/wordpress\/?page_id=5127"},"modified":"2022-10-30T00:14:10","modified_gmt":"2022-10-30T00:14:10","slug":"energia-dos-campeoes","status":"publish","type":"page","link":"\/en\/energia-dos-campeoes\/","title":{"rendered":"Energy of Champions"},"content":{"rendered":"<div class=\"vc_row wpb_row vc_row-fluid\"><div class=\"wpb_column vc_column_container vc_col-sm-12\"><div class=\"vc_column-inner\"><div class=\"wpb_wrapper\"><div class=\"vc_empty_space\"   style=\"height: 32px\"><span class=\"vc_empty_space_inner\"><\/span><\/div><div class=\"vc_empty_space\"   style=\"height: 32px\"><span class=\"vc_empty_space_inner\"><\/span><\/div><\/div><\/div><\/div><\/div><div class=\"vc_row wpb_row vc_row-fluid\"><div class=\"wpb_column vc_column_container vc_col-sm-12\"><div class=\"vc_column-inner\"><div class=\"wpb_wrapper\">\n\t<div class=\"wpb_text_column wpb_content_element  no-margin\" >\n\t\t<div class=\"wpb_wrapper\">\n\t\t\t<p style=\"text-align: justify;\"><strong>Cabe\u00f3lica<\/strong> believes in improving the welfare of the population on each of the islands where it operates and <strong>has always been involved<\/strong> <strong>in activities<\/strong> that allow it to continue to contribute to <strong>society in a positive way.<\/strong>.<\/p>\n\n\t\t<\/div>\n\t<\/div>\n<div class=\"vc_empty_space\"   style=\"height: 32px\"><span class=\"vc_empty_space_inner\"><\/span><\/div><\/div><\/div><\/div><\/div><div class=\"vc_row wpb_row vc_row-fluid\"><div class=\"wpb_column vc_column_container vc_col-sm-12\"><div class=\"vc_column-inner\"><div class=\"wpb_wrapper\">\n\t<div  class=\"wpb_single_image wpb_content_element vc_align_center\">\n\t\t\n\t\t<figure class=\"wpb_wrapper vc_figure\">\n\t\t\t<div class=\"vc_single_image-wrapper   vc_box_border_grey\"><img loading=\"lazy\" decoding=\"async\" width=\"1594\" height=\"371\" src=\"https:\/\/cabeolica.com\/wp-content\/uploads\/2022\/09\/Captura-de-ecra-2022-09-03-as-21.16.46.png\" class=\"vc_single_image-img attachment-full\" alt=\"\" srcset=\"https:\/\/cabeolica.com\/wp-content\/uploads\/2022\/09\/Captura-de-ecra-2022-09-03-as-21.16.46.png 1594w, https:\/\/cabeolica.com\/wp-content\/uploads\/2022\/09\/Captura-de-ecra-2022-09-03-as-21.16.46-300x70.png 300w, https:\/\/cabeolica.com\/wp-content\/uploads\/2022\/09\/Captura-de-ecra-2022-09-03-as-21.16.46-1024x238.png 1024w, https:\/\/cabeolica.com\/wp-content\/uploads\/2022\/09\/Captura-de-ecra-2022-09-03-as-21.16.46-768x179.png 768w, https:\/\/cabeolica.com\/wp-content\/uploads\/2022\/09\/Captura-de-ecra-2022-09-03-as-21.16.46-1536x358.png 1536w\" sizes=\"auto, 100vw\" \/><\/div>\n\t\t<\/figure>\n\t<\/div>\n<\/div><\/div><\/div><\/div><div class=\"vc_row wpb_row vc_row-fluid\"><div class=\"wpb_column vc_column_container vc_col-sm-12\"><div class=\"vc_column-inner\"><div class=\"wpb_wrapper\"><div class=\"vc_empty_space\"   style=\"height: 32px\"><span class=\"vc_empty_space_inner\"><\/span><\/div><\/div><\/div><\/div><\/div><div class=\"vc_row wpb_row vc_row-fluid services-advanced vc_custom_1564562799388\"><div class=\"wpb_column vc_column_container vc_col-sm-12\"><div class=\"vc_column-inner\"><div class=\"wpb_wrapper\"><div class=\"title-box  text-center\"><span class=\"title-design\">WHAT YOU CAN DO<\/span><h2 class=\"title\">for the environment in your day to day life:<\/h2><\/div><div class=\"vc_empty_space\"   style=\"height: 32px\"><span class=\"vc_empty_space_inner\"><\/span><\/div><\/div><\/div><\/div><\/div><div class=\"vc_row wpb_row vc_row-fluid\"><div class=\"wpb_column vc_column_container vc_col-sm-12\"><div class=\"vc_column-inner\"><div class=\"wpb_wrapper\">\r\n\t\t<div class=\"service-box  text-\">\r\n\t\t\t<img decoding=\"async\" src=\"https:\/\/cabeolica.com\/wp-content\/uploads\/2022\/09\/CABEOLICA-reciclagem-icone-150x150.png\" alt=\"fancybox\" \/>\r\n            <div class=\"service-detail align-self-center\"><h4 class=\"mb-2\">Reuse, repurpose, and recycle everything possible<\/h4><p>Such as plastic and glass containers that can easily be stored and reused for other purposes. It is important to be aware that the less of these items we use, the better it is for our environment. Avoid using single-use disposable products, such as plastic straws.<\/p>\r\n\t\t    <\/div>\r\n        <\/div><div class=\"vc_empty_space\"   style=\"height: 32px\"><span class=\"vc_empty_space_inner\"><\/span><\/div>\r\n\t\t<div class=\"service-box  text-\">\r\n\t\t\t<img decoding=\"async\" src=\"https:\/\/cabeolica.com\/wp-content\/uploads\/2022\/09\/CABEOLICA-lixo-icone-1-150x150.png\" alt=\"fancybox\" \/>\r\n            <div class=\"service-detail align-self-center\"><h4 class=\"mb-2\">Dispose of your garbage properly<\/h4><p>Collect your trash items in appropriate containers and direct them to proper disposal. Do not throw away items that can be reused, and in doing so, avoid the need to purchase more of these items than necessary. Where appropriate, collect plastic waste safely from beaches and other public areas.<\/p>\r\n\t\t    <\/div>\r\n        <\/div><div class=\"vc_empty_space\"   style=\"height: 32px\"><span class=\"vc_empty_space_inner\"><\/span><\/div>\r\n\t\t<div class=\"service-box  text-\">\r\n\t\t\t<img decoding=\"async\" src=\"https:\/\/cabeolica.com\/wp-content\/uploads\/2022\/08\/vegetais-150x150.png\" alt=\"fancybox\" \/>\r\n            <div class=\"service-detail align-self-center\"><h4 class=\"mb-2\">Preserve trees and other plants<\/h4><p>Protect the vegetation around you as these have numerous benefits for our Planet, including air purification, soil strengthening, and the creation of habitats for animals.<\/p>\r\n\t\t    <\/div>\r\n        <\/div><div class=\"vc_empty_space\"   style=\"height: 32px\"><span class=\"vc_empty_space_inner\"><\/span><\/div>\r\n\t\t<div class=\"service-box  text-\">\r\n\t\t\t<img decoding=\"async\" src=\"https:\/\/cabeolica.com\/wp-content\/uploads\/2022\/08\/FAUNE-FLORA4-150x150.png\" alt=\"fancybox\" \/>\r\n            <div class=\"service-detail align-self-center\"><h4 class=\"mb-2\">Be aware that there are a significant number of endangered species<\/h4><p>Know which species in your surroundings are particularly sensitive and avoid hunting\/fishing them, so as not to contribute to an intensification in the imbalance of these species.<\/p>\r\n\t\t    <\/div>\r\n        <\/div><div class=\"vc_empty_space\"   style=\"height: 32px\"><span class=\"vc_empty_space_inner\"><\/span><\/div>\r\n\t\t<div class=\"service-box  text-\">\r\n\t\t\t<img decoding=\"async\" src=\"https:\/\/cabeolica.com\/wp-content\/uploads\/2022\/09\/CABEOLICA-sacos-icone-150x150.png\" alt=\"fancybox\" \/>\r\n            <div class=\"service-detail align-self-center\"><h4 class=\"mb-2\">Use reusable bags for shopping<\/h4><p>Disposable plastic bags are everywhere, taking many years to decompose into toxic particles that will then enter the food chain of many species. Avoiding the use of plastic bags reduces the negative impact they have on our environment.<\/p>\r\n\t\t    <\/div>\r\n        <\/div><\/div><\/div><\/div><\/div><div class=\"vc_row wpb_row vc_row-fluid\"><div class=\"wpb_column vc_column_container vc_col-sm-12\"><div class=\"vc_column-inner\"><div class=\"wpb_wrapper\"><div class=\"vc_empty_space\"   style=\"height: 32px\"><span class=\"vc_empty_space_inner\"><\/span><\/div><div class=\"vc_empty_space\"   style=\"height: 32px\"><span class=\"vc_empty_space_inner\"><\/span><\/div><\/div><\/div><\/div><\/div>","protected":false},"excerpt":{"rendered":"A Cabe\u00f3lica acredita na melhoria do bem-estar da popula\u00e7\u00e3o em cada uma das ilhas em que opera e sempre esteve envolvida em atividades que lhe permitisse continuar a contribuir para a sociedade de uma forma positiva. O que voc\u00ea pode fazerpelo meio ambiente no seu dia a dia: Reutilize, reaproveite e recicle tudo que for [...]","protected":false},"author":1,"featured_media":0,"parent":0,"menu_order":0,"comment_status":"closed","ping_status":"closed","template":"full-page.php","meta":{"_monsterinsights_skip_tracking":false,"_monsterinsights_sitenote_active":false,"_monsterinsights_sitenote_note":"","_monsterinsights_sitenote_category":0,"footnotes":""},"class_list":["post-5127","page","type-page","status-publish","hentry"],"aioseo_notices":[],"_links":{"self":[{"href":"\/en\/wp-json\/wp\/v2\/pages\/5127","targetHints":{"allow":["GET"]}}],"collection":[{"href":"\/en\/wp-json\/wp\/v2\/pages"}],"about":[{"href":"\/en\/wp-json\/wp\/v2\/types\/page"}],"author":[{"embeddable":true,"href":"\/en\/wp-json\/wp\/v2\/users\/1"}],"replies":[{"embeddable":true,"href":"\/en\/wp-json\/wp\/v2\/comments?post=5127"}],"version-history":[{"count":15,"href":"\/en\/wp-json\/wp\/v2\/pages\/5127\/revisions"}],"predecessor-version":[{"id":5682,"href":"\/en\/wp-json\/wp\/v2\/pages\/5127\/revisions\/5682"}],"wp:attachment":[{"href":"\/en\/wp-json\/wp\/v2\/media?parent=5127"}],"curies":[{"name":"wp","href":"https:\/\/api.w.org\/{rel}","templated":true}]}}