{"id":5105,"date":"2022-09-03T21:48:52","date_gmt":"2022-09-03T21:48:52","guid":{"rendered":"http:\/\/localhost:8888\/wordpress\/?page_id=5105"},"modified":"2023-01-28T17:50:29","modified_gmt":"2023-01-28T17:50:29","slug":"biodiversidade","status":"publish","type":"page","link":"\/en\/biodiversidade\/","title":{"rendered":"Biodiversity"},"content":{"rendered":"<div class=\"vc_row wpb_row vc_row-fluid\"><div class=\"wpb_column vc_column_container vc_col-sm-12\"><div class=\"vc_column-inner\"><div class=\"wpb_wrapper\"><div class=\"vc_empty_space\"   style=\"height: 32px\"><span class=\"vc_empty_space_inner\"><\/span><\/div><div class=\"vc_empty_space\"   style=\"height: 32px\"><span class=\"vc_empty_space_inner\"><\/span><\/div><\/div><\/div><\/div><\/div><div class=\"vc_row wpb_row vc_row-fluid\"><div class=\"wpb_column vc_column_container vc_col-sm-12\"><div class=\"vc_column-inner\"><div class=\"wpb_wrapper\">\n\t<div class=\"wpb_text_column wpb_content_element\" >\n\t\t<div class=\"wpb_wrapper\">\n\t\t\t<p style=\"text-align: justify;\">The <b>preservation of local biodiversity<\/b> in and around its wind farms has been one of Cabe\u00f3lica's main environmental objectives.<span class=\"Apple-converted-space\">\u00a0<\/span><\/p>\n<p style=\"text-align: justify;\">Due to the critical status of certain species, resulting from anthropogenic impacts and excessive predation, Cabe\u00f3lica has given high attention to the preservation of local biodiversity living in and around its wind farms, including several bird species.<\/p>\n\n\t\t<\/div>\n\t<\/div>\n<\/div><\/div><\/div><\/div><div class=\"vc_row wpb_row vc_row-fluid\"><div class=\"wpb_column vc_column_container vc_col-sm-12\"><div class=\"vc_column-inner\"><div class=\"wpb_wrapper\"><div class=\"vc_empty_space\"   style=\"height: 32px\"><span class=\"vc_empty_space_inner\"><\/span><\/div><\/div><\/div><\/div><\/div><div class=\"vc_row wpb_row vc_row-fluid\"><div class=\"wpb_column vc_column_container vc_col-sm-12\"><div class=\"vc_column-inner\"><div class=\"wpb_wrapper\"><div class=\"title-box  text-center\"><h2 class=\"title\">Preservation of birds<\/h2><\/div><\/div><\/div><\/div><\/div><div class=\"vc_row wpb_row vc_row-fluid\"><div class=\"wpb_column vc_column_container vc_col-sm-12\"><div class=\"vc_column-inner\"><div class=\"wpb_wrapper\"><div class=\"vc_empty_space\"   style=\"height: 32px\"><span class=\"vc_empty_space_inner\"><\/span><\/div><div class=\"vc_empty_space\"   style=\"height: 32px\"><span class=\"vc_empty_space_inner\"><\/span><\/div><\/div><\/div><\/div><\/div><div class=\"vc_row wpb_row vc_row-fluid\"><div class=\"wpb_column vc_column_container vc_col-sm-6\"><div class=\"vc_column-inner\"><div class=\"wpb_wrapper\">\n\t<div  class=\"wpb_single_image wpb_content_element vc_align_center\">\n\t\t\n\t\t<figure class=\"wpb_wrapper vc_figure\">\n\t\t\t<div class=\"vc_single_image-wrapper   vc_box_border_grey\"><img loading=\"lazy\" decoding=\"async\" width=\"350\" height=\"350\" src=\"https:\/\/cabeolica.com\/wp-content\/uploads\/2022\/09\/145439786_3650294228339753_7105694496829527339_o-350x350-1.png\" class=\"vc_single_image-img attachment-full\" alt=\"\" srcset=\"https:\/\/cabeolica.com\/wp-content\/uploads\/2022\/09\/145439786_3650294228339753_7105694496829527339_o-350x350-1.png 350w, https:\/\/cabeolica.com\/wp-content\/uploads\/2022\/09\/145439786_3650294228339753_7105694496829527339_o-350x350-1-300x300.png 300w, https:\/\/cabeolica.com\/wp-content\/uploads\/2022\/09\/145439786_3650294228339753_7105694496829527339_o-350x350-1-150x150.png 150w, https:\/\/cabeolica.com\/wp-content\/uploads\/2022\/09\/145439786_3650294228339753_7105694496829527339_o-350x350-1-100x100.png 100w\" sizes=\"auto, 100vw\" \/><\/div>\n\t\t<\/figure>\n\t<\/div>\n<\/div><\/div><\/div><div class=\"wpb_column vc_column_container vc_col-sm-6\"><div class=\"vc_column-inner\"><div class=\"wpb_wrapper\">\n\t<div class=\"wpb_text_column wpb_content_element\" >\n\t\t<div class=\"wpb_wrapper\">\n\t\t\t<p style=\"text-align: justify;\">Since the design phase of its wind farms, Cabe\u00f3lica has been aware of important <strong>bird nesting areas<\/strong> located near the Boa Vista wind farm.<\/p>\n<p style=\"text-align: justify;\">Over the past decade, the birds in these areas have seen their numbers decline dramatically due to <strong>poor breeding and heavy predation by humans and feral cats.<\/strong>.<\/p>\n<p style=\"text-align: justify;\">Therefore, the company has sent<strong> efforts<\/strong> not only to <strong>para prevenir<\/strong> prevent against any possible <strong>harmful impacts <\/strong>resulting from its activities on the birds<strong> , but also<\/strong>to take important initiatives to stop <strong>the decline<\/strong> of the <strong>populations.<\/strong><\/p>\n\n\t\t<\/div>\n\t<\/div>\n<\/div><\/div><\/div><\/div><div class=\"vc_row wpb_row vc_row-fluid\"><div class=\"wpb_column vc_column_container vc_col-sm-6\"><div class=\"vc_column-inner\"><div class=\"wpb_wrapper\">\n\t<div  class=\"wpb_single_image wpb_content_element vc_align_center\">\n\t\t\n\t\t<figure class=\"wpb_wrapper vc_figure\">\n\t\t\t<div class=\"vc_single_image-wrapper   vc_box_border_grey\"><img loading=\"lazy\" decoding=\"async\" width=\"350\" height=\"350\" src=\"https:\/\/cabeolica.com\/wp-content\/uploads\/2022\/09\/CBL_Parceria_Bios.CV_01-350x350-1.png\" class=\"vc_single_image-img attachment-full\" alt=\"\" srcset=\"https:\/\/cabeolica.com\/wp-content\/uploads\/2022\/09\/CBL_Parceria_Bios.CV_01-350x350-1.png 350w, https:\/\/cabeolica.com\/wp-content\/uploads\/2022\/09\/CBL_Parceria_Bios.CV_01-350x350-1-300x300.png 300w, https:\/\/cabeolica.com\/wp-content\/uploads\/2022\/09\/CBL_Parceria_Bios.CV_01-350x350-1-150x150.png 150w, https:\/\/cabeolica.com\/wp-content\/uploads\/2022\/09\/CBL_Parceria_Bios.CV_01-350x350-1-100x100.png 100w\" sizes=\"auto, 100vw\" \/><\/div>\n\t\t<\/figure>\n\t<\/div>\n<\/div><\/div><\/div><div class=\"wpb_column vc_column_container vc_col-sm-6\"><div class=\"vc_column-inner\"><div class=\"wpb_wrapper\">\n\t<div class=\"wpb_text_column wpb_content_element\" >\n\t\t<div class=\"wpb_wrapper\">\n\t\t\t<p style=\"text-align: justify;\">The<strong> Cabe\u00f3lica has funded BIOS.CV projects<\/strong> in order to improve the reproductive success of the Boa Vista squeaker population, having deployed several artificial nesting platforms along the coast, where in previous years, there was a low reproductive success.<\/p>\n<p style=\"text-align: justify;\">This action called \"<strong>Project Guincho<\/strong>\" was awarded <strong>best conservation program for threatened species in West Africa 2015<\/strong> by the Regional Marine and Coastal Conservation Program 2015.<\/p>\n\n\t\t<\/div>\n\t<\/div>\n<\/div><\/div><\/div><\/div><div class=\"vc_row wpb_row vc_row-fluid\"><div class=\"wpb_column vc_column_container vc_col-sm-6\"><div class=\"vc_column-inner\"><div class=\"wpb_wrapper\">\n\t<div  class=\"wpb_single_image wpb_content_element vc_align_center\">\n\t\t\n\t\t<figure class=\"wpb_wrapper vc_figure\">\n\t\t\t<div class=\"vc_single_image-wrapper   vc_box_border_grey\"><img loading=\"lazy\" decoding=\"async\" width=\"350\" height=\"350\" src=\"https:\/\/cabeolica.com\/wp-content\/uploads\/2022\/09\/Osprey2-3-350x350-1.jpg\" class=\"vc_single_image-img attachment-full\" alt=\"\" srcset=\"https:\/\/cabeolica.com\/wp-content\/uploads\/2022\/09\/Osprey2-3-350x350-1.jpg 350w, https:\/\/cabeolica.com\/wp-content\/uploads\/2022\/09\/Osprey2-3-350x350-1-300x300.jpg 300w, https:\/\/cabeolica.com\/wp-content\/uploads\/2022\/09\/Osprey2-3-350x350-1-150x150.jpg 150w, https:\/\/cabeolica.com\/wp-content\/uploads\/2022\/09\/Osprey2-3-350x350-1-100x100.jpg 100w\" sizes=\"auto, 100vw\" \/><\/div>\n\t\t<\/figure>\n\t<\/div>\n<\/div><\/div><\/div><div class=\"wpb_column vc_column_container vc_col-sm-6\"><div class=\"vc_column-inner\"><div class=\"wpb_wrapper\">\n\t<div class=\"wpb_text_column wpb_content_element\" >\n\t\t<div class=\"wpb_wrapper\">\n\t\t\t<p style=\"text-align: justify;\">During the project phase, <strong>government Nature<\/strong> and Conservation organizations in Cape Verde, namely the National Institute for Agricultural Research and Development (<strong>INIDA<\/strong>) and the<strong>Dire\u00e7\u00e3o-Geral do Meio Ambiente,<\/strong>as well as NGOs such as <strong>Natura 2000,<\/strong>were involved in supporting <strong>the intensive<\/strong> bird collision risk assessment conducted by the company.<\/p>\n<p style=\"text-align: justify;\">This assessment was subsequently used by Cabe\u00f3lica in micrositing the Boa Vista wind farm in order to ensure the lowest possible risk to local bird species, particularly the Guincho and the Junco's Tail, during the operation phase.<\/p>\n<p style=\"text-align: justify;\">We have had the great pleasure of seeing the results of these efforts by Cabe\u00f3lica, while <strong>the studies carried out have generated important data regarding the behaviour of the local avifauna,<\/strong>which are now available to the scientific community and to the general public.<\/p>\n\n\t\t<\/div>\n\t<\/div>\n<\/div><\/div><\/div><\/div><div class=\"vc_row wpb_row vc_row-fluid\"><div class=\"wpb_column vc_column_container vc_col-sm-12\"><div class=\"vc_column-inner\"><div class=\"wpb_wrapper\">\n\t<div class=\"wpb_text_column wpb_content_element\" >\n\t\t<div class=\"wpb_wrapper\">\n\t\t\t<p style=\"text-align: justify;\">The <strong>Cabe\u00f3lica also frequently<\/strong>requests studies developed by experts as part of the bird mitigation <strong>and conservation plan, which result in annual reports on bird behavior,<\/strong>consisting of detailed monitoring conducted with several species of threatened Cape Verdean birds.<\/p>\n<p style=\"text-align: justify;\">These reports are distributed each year to relevant stakeholders, such as the Directorate General of the Environment and NGOs working in bird conservation, in order to stimulate potential collaborations that can generate positive results for the overall diversity of the country's avifauna.<\/p>\n<p style=\"text-align: justify;\">In 2014, Cabe\u00f3lica commissioned an independent firm to conduct post-construction modeling of collision risks from vulnerable bird species in order to certify that such risks remain low according to modeling completed in the past.<\/p>\n<p style=\"text-align: justify;\">The collision risk analysis is part of the ongoing assessment, which serves to help the company evaluate the risks of potential impacts, and thus modify mitigation and conservation strategies depending on indications of potential impact risks.<\/p>\n<p style=\"text-align: justify;\">This exercise concluded, as <strong>with previous modeling, that the risks of vulnerable bird species colliding with wind turbines are extremely low.<\/strong>.<\/p>\n\n\t\t<\/div>\n\t<\/div>\n<\/div><\/div><\/div><\/div><div class=\"vc_row wpb_row vc_row-fluid\"><div class=\"wpb_column vc_column_container vc_col-sm-12\"><div class=\"vc_column-inner\"><div class=\"wpb_wrapper\"><div class=\"vc_empty_space\"   style=\"height: 32px\"><span class=\"vc_empty_space_inner\"><\/span><\/div><div class=\"vc_empty_space\"   style=\"height: 32px\"><span class=\"vc_empty_space_inner\"><\/span><\/div><\/div><\/div><\/div><\/div><div class=\"vc_row wpb_row vc_row-fluid\"><div class=\"wpb_column vc_column_container vc_col-sm-12\"><div class=\"vc_column-inner\"><div class=\"wpb_wrapper\"><div class=\"title-box  text-center\"><h2 class=\"title\">Reptile Preservation<\/h2><\/div><\/div><\/div><\/div><\/div><div class=\"vc_row wpb_row vc_row-fluid\"><div class=\"wpb_column vc_column_container vc_col-sm-12\"><div class=\"vc_column-inner\"><div class=\"wpb_wrapper\"><div class=\"vc_empty_space\"   style=\"height: 32px\"><span class=\"vc_empty_space_inner\"><\/span><\/div><div class=\"vc_empty_space\"   style=\"height: 32px\"><span class=\"vc_empty_space_inner\"><\/span><\/div><\/div><\/div><\/div><\/div><div class=\"vc_row wpb_row vc_row-fluid\"><div class=\"wpb_column vc_column_container vc_col-sm-6\"><div class=\"vc_column-inner\"><div class=\"wpb_wrapper\">\n\t<div  class=\"wpb_single_image wpb_content_element vc_align_center\">\n\t\t\n\t\t<figure class=\"wpb_wrapper vc_figure\">\n\t\t\t<div class=\"vc_single_image-wrapper   vc_box_border_grey\"><img loading=\"lazy\" decoding=\"async\" width=\"350\" height=\"350\" src=\"https:\/\/cabeolica.com\/wp-content\/uploads\/2022\/09\/CBL_Estudo_dos_Repteis-350x350-1.png\" class=\"vc_single_image-img attachment-full\" alt=\"\" srcset=\"https:\/\/cabeolica.com\/wp-content\/uploads\/2022\/09\/CBL_Estudo_dos_Repteis-350x350-1.png 350w, https:\/\/cabeolica.com\/wp-content\/uploads\/2022\/09\/CBL_Estudo_dos_Repteis-350x350-1-300x300.png 300w, https:\/\/cabeolica.com\/wp-content\/uploads\/2022\/09\/CBL_Estudo_dos_Repteis-350x350-1-150x150.png 150w, https:\/\/cabeolica.com\/wp-content\/uploads\/2022\/09\/CBL_Estudo_dos_Repteis-350x350-1-100x100.png 100w\" sizes=\"auto, 100vw\" \/><\/div>\n\t\t<\/figure>\n\t<\/div>\n<\/div><\/div><\/div><div class=\"wpb_column vc_column_container vc_col-sm-6\"><div class=\"vc_column-inner\"><div class=\"wpb_wrapper\">\n\t<div class=\"wpb_text_column wpb_content_element\" >\n\t\t<div class=\"wpb_wrapper\">\n\t\t\t<p style=\"text-align: justify;\"><span class=\"d2edcug0 hpfvmrgz qv66sw1b c1et5uql rrkovp55 a8c37x1j keod5gw0 nxhoafnm aigsh9s9 d3f4x2em fe6kdd0r mau55g9w c8b282yb iv3no6db gfeo3gy3 a3bd9o3v knj5qynh oo9gr5id\" dir=\"auto\">In 2020, researcher Raquel Vasconcelos discovered <strong>a specimen of Osga that does not exist anywhere else on the planet,<\/strong>christening it <strong>the Saint Nicholas Osga.<\/strong>.<\/span><\/p>\n<p style=\"text-align: justify;\">more <a href=\"https:\/\/www.wilder.pt\/historias\/e-ao-fim-de-mais-de-10-anos-raquel-e-os-colegas-descobriram-uma-nova-especie-de-osga-em-cabo-verde\/\" target=\"_blank\" rel=\"noopener\">here<\/a><\/p>\n\n\t\t<\/div>\n\t<\/div>\n<\/div><\/div><\/div><\/div><div class=\"vc_row wpb_row vc_row-fluid\"><div class=\"wpb_column vc_column_container vc_col-sm-6\"><div class=\"vc_column-inner\"><div class=\"wpb_wrapper\">\n\t<div  class=\"wpb_single_image wpb_content_element vc_align_center\">\n\t\t\n\t\t<figure class=\"wpb_wrapper vc_figure\">\n\t\t\t<div class=\"vc_single_image-wrapper   vc_box_border_grey\"><img loading=\"lazy\" decoding=\"async\" width=\"350\" height=\"350\" src=\"https:\/\/cabeolica.com\/wp-content\/uploads\/2022\/09\/Osga-3-350x350-1.jpg\" class=\"vc_single_image-img attachment-full\" alt=\"\" srcset=\"https:\/\/cabeolica.com\/wp-content\/uploads\/2022\/09\/Osga-3-350x350-1.jpg 350w, https:\/\/cabeolica.com\/wp-content\/uploads\/2022\/09\/Osga-3-350x350-1-300x300.jpg 300w, https:\/\/cabeolica.com\/wp-content\/uploads\/2022\/09\/Osga-3-350x350-1-150x150.jpg 150w, https:\/\/cabeolica.com\/wp-content\/uploads\/2022\/09\/Osga-3-350x350-1-100x100.jpg 100w\" sizes=\"auto, 100vw\" \/><\/div>\n\t\t<\/figure>\n\t<\/div>\n<\/div><\/div><\/div><div class=\"wpb_column vc_column_container vc_col-sm-6\"><div class=\"vc_column-inner\"><div class=\"wpb_wrapper\">\n\t<div class=\"wpb_text_column wpb_content_element\" >\n\t\t<div class=\"wpb_wrapper\">\n\t\t\t<p style=\"text-align: justify;\">The <strong>Cape Verdean Tarentola,<\/strong>found on the island of S\u00e3o Vicente and <strong>nowhere else in the world,<\/strong>was until recently classified as\u00a0<em>Data Deficient\u00a0<\/em>(DD) on the IUCN Red List - meaning that information on this gecko was insufficient to decide its conservation category.<\/p>\n<p style=\"text-align: justify;\"><strong>Since 2009, Cabe\u00f3lica<\/strong> has been collaborating with expert biologists at the Center for Research in Biodiversity and Genetic Resources (<strong>CIBIO<\/strong>) in Portugal, <strong>funding studies on behavior and population diversity<\/strong>in order to increase knowledge about this very rare and important species.<\/p>\n<p style=\"text-align: justify;\"><strong>As a result of this effort for the preservation of this species,<\/strong> in 2011 the <strong>Cape Verdean Tarentola, <\/strong>surrogate <strong>Cape Verdean Tarentola saw its status on the IUCN<\/strong> Red List changed from \"subspecies\" to \"species\" and from \"data poor conservation status\" to <strong>\"low conservation concern\".<\/strong>.<\/p>\n<p style=\"text-align: justify;\">Today, the surrogate Cape Verdean Tarentola <strong>can be found in a healthy population,<\/strong>coexisting perfectly <strong>with the Cabe\u00f3lica turbines<\/strong> at the S\u00e3o Vicente wind farm.<\/p>\n\n\t\t<\/div>\n\t<\/div>\n<\/div><\/div><\/div><\/div><div class=\"vc_row wpb_row vc_row-fluid\"><div class=\"wpb_column vc_column_container vc_col-sm-12\"><div class=\"vc_column-inner\"><div class=\"wpb_wrapper\"><div class=\"vc_empty_space\"   style=\"height: 32px\"><span class=\"vc_empty_space_inner\"><\/span><\/div><div class=\"vc_empty_space\"   style=\"height: 32px\"><span class=\"vc_empty_space_inner\"><\/span><\/div><\/div><\/div><\/div><\/div>","protected":false},"excerpt":{"rendered":"A preserva\u00e7\u00e3o da biodiversidade local dentro e em torno dos seus parques e\u00f3licos tem sido um dos principais objetivos ambientais da Cabe\u00f3lica.\u00a0 Devido ao estado cr\u00edtico de certas esp\u00e9cies, resultantes de impactos antropog\u00e9nicos e da preda\u00e7\u00e3o excessiva, a Cabe\u00f3lica tem atribu\u00eddo elevada aten\u00e7\u00e3o \u00e0 preserva\u00e7\u00e3o da biodiversidade local que habita dentro e nos arredores dos [...]","protected":false},"author":1,"featured_media":0,"parent":0,"menu_order":0,"comment_status":"closed","ping_status":"closed","template":"full-page.php","meta":{"_monsterinsights_skip_tracking":false,"_monsterinsights_sitenote_active":false,"_monsterinsights_sitenote_note":"","_monsterinsights_sitenote_category":0,"footnotes":""},"class_list":["post-5105","page","type-page","status-publish","hentry"],"aioseo_notices":[],"_links":{"self":[{"href":"\/en\/wp-json\/wp\/v2\/pages\/5105","targetHints":{"allow":["GET"]}}],"collection":[{"href":"\/en\/wp-json\/wp\/v2\/pages"}],"about":[{"href":"\/en\/wp-json\/wp\/v2\/types\/page"}],"author":[{"embeddable":true,"href":"\/en\/wp-json\/wp\/v2\/users\/1"}],"replies":[{"embeddable":true,"href":"\/en\/wp-json\/wp\/v2\/comments?post=5105"}],"version-history":[{"count":11,"href":"\/en\/wp-json\/wp\/v2\/pages\/5105\/revisions"}],"predecessor-version":[{"id":6090,"href":"\/en\/wp-json\/wp\/v2\/pages\/5105\/revisions\/6090"}],"wp:attachment":[{"href":"\/en\/wp-json\/wp\/v2\/media?parent=5105"}],"curies":[{"name":"wp","href":"https:\/\/api.w.org\/{rel}","templated":true}]}}