{"id":5100,"date":"2022-09-03T21:39:20","date_gmt":"2022-09-03T21:39:20","guid":{"rendered":"http:\/\/localhost:8888\/wordpress\/?page_id=5100"},"modified":"2022-11-08T20:16:06","modified_gmt":"2022-11-08T20:16:06","slug":"projeto-cdm","status":"publish","type":"page","link":"\/en\/projeto-cdm\/","title":{"rendered":"CDM Project"},"content":{"rendered":"<div class=\"vc_row wpb_row vc_row-fluid\"><div class=\"wpb_column vc_column_container vc_col-sm-12\"><div class=\"vc_column-inner\"><div class=\"wpb_wrapper\"><div class=\"vc_empty_space\"   style=\"height: 32px\"><span class=\"vc_empty_space_inner\"><\/span><\/div><div class=\"vc_empty_space\"   style=\"height: 32px\"><span class=\"vc_empty_space_inner\"><\/span><\/div><\/div><\/div><\/div><\/div><div class=\"vc_row wpb_row vc_row-fluid\"><div class=\"wpb_column vc_column_container vc_col-sm-12\"><div class=\"vc_column-inner\"><div class=\"wpb_wrapper\">\n\t<div class=\"wpb_text_column wpb_content_element\" >\n\t\t<div class=\"wpb_wrapper\">\n\t\t\t<div class=\"elementor-element elementor-element-1e1af1a elementor-widget elementor-widget-heading\" data-id=\"1e1af1a\" data-element_type=\"widget\" data-widget_type=\"heading.default\">\n<div class=\"elementor-widget-container\" style=\"text-align: justify;\">\n<p style=\"text-align: justify;\">In 2013, Cabe\u00f3lica successfully registered the Clean Development Mechanism (CDM) Project with the United Nations Framework Convention on Climate Change and signed an Emission Reduction Sale and Purchase Agreement for the sale of Certified Emission Reductions (CERs) over a seven-year period.<\/p>\n<p style=\"text-align: justify;\">The CDM was created under the Kyoto Protocol to the United Nations Framework Convention on Climate Change (UNFCCC), to assist the process of reducing greenhouse gas (GHG) emissions in the fight against climate change.<\/p>\n<p style=\"text-align: justify;\">After a rigorous validation process, the United Nations registered the project as a clean energy producer that avoids GHG emissions. \"Cabe\u00f3lica and Cape Verde are proud of the integration of this project in the CDM due to the importance of this Framework Convention and the worldwide recognition of the clean energy we produce\" said Ant\u00e3o Fortes, Cabe\u00f3lica's CEO at the time.<\/p>\n<p style=\"text-align: justify;\">With an installed capacity of 25.5 MW, Cabe\u00f3lica generates more than a fifth of the electricity consumed in the main islands, avoiding, on average, the generation of about 55,000 tons of GHG per year, in addition to contributing to the reduction of fuel import needs. The United Nations launched the CDM in February 2001 with the aim of mitigating global climate change.<\/p>\n<p style=\"text-align: justify;\">This mechanism allows projects aimed at reducing GHG emissions in developed countries to receive Certified Emission Reduction credits that can be sold or purchased so that each country contributes to meeting the targets set by the Kyoto Protocol.<\/p>\n<\/div>\n<\/div>\n\n\t\t<\/div>\n\t<\/div>\n<\/div><\/div><\/div><\/div><div class=\"vc_row wpb_row vc_row-fluid\"><div class=\"wpb_column vc_column_container vc_col-sm-12\"><div class=\"vc_column-inner\"><div class=\"wpb_wrapper\"><div class=\"vc_empty_space\"   style=\"height: 32px\"><span class=\"vc_empty_space_inner\"><\/span><\/div><div class=\"vc_empty_space\"   style=\"height: 32px\"><span class=\"vc_empty_space_inner\"><\/span><\/div><\/div><\/div><\/div><\/div>","protected":false},"excerpt":{"rendered":"Em 2013, a Cabe\u00f3lica registou, com \u00eaxito, o Projeto de Mecanismo de Desenvolvimento Limpo \u00a0(CDM \u2013 Clean Development Mechanism) junto da Conven\u00e7\u00e3o-Quadro das Na\u00e7\u00f5es Unidas sobre Mudan\u00e7a Clim\u00e1ticas e assinou um Acordo de Compra e Venda de Redu\u00e7\u00e3o de Emiss\u00f5es para a venda de Redu\u00e7\u00f5es Certificadas de Emiss\u00f5es (RCEs) ao longo de um per\u00edodo de [...]","protected":false},"author":1,"featured_media":0,"parent":0,"menu_order":0,"comment_status":"closed","ping_status":"closed","template":"full-page.php","meta":{"_monsterinsights_skip_tracking":false,"_monsterinsights_sitenote_active":false,"_monsterinsights_sitenote_note":"","_monsterinsights_sitenote_category":0,"footnotes":""},"class_list":["post-5100","page","type-page","status-publish","hentry"],"aioseo_notices":[],"_links":{"self":[{"href":"\/en\/wp-json\/wp\/v2\/pages\/5100","targetHints":{"allow":["GET"]}}],"collection":[{"href":"\/en\/wp-json\/wp\/v2\/pages"}],"about":[{"href":"\/en\/wp-json\/wp\/v2\/types\/page"}],"author":[{"embeddable":true,"href":"\/en\/wp-json\/wp\/v2\/users\/1"}],"replies":[{"embeddable":true,"href":"\/en\/wp-json\/wp\/v2\/comments?post=5100"}],"version-history":[{"count":5,"href":"\/en\/wp-json\/wp\/v2\/pages\/5100\/revisions"}],"predecessor-version":[{"id":5784,"href":"\/en\/wp-json\/wp\/v2\/pages\/5100\/revisions\/5784"}],"wp:attachment":[{"href":"\/en\/wp-json\/wp\/v2\/media?parent=5100"}],"curies":[{"name":"wp","href":"https:\/\/api.w.org\/{rel}","templated":true}]}}