{"id":5080,"date":"2022-09-03T21:08:35","date_gmt":"2022-09-03T21:08:35","guid":{"rendered":"http:\/\/localhost:8888\/wordpress\/?page_id=5080"},"modified":"2023-01-28T17:55:41","modified_gmt":"2023-01-28T17:55:41","slug":"reducao-de-co2","status":"publish","type":"page","link":"\/en\/reducao-de-co2\/","title":{"rendered":"CO2 Reduction"},"content":{"rendered":"<div class=\"vc_row wpb_row vc_row-fluid\"><div class=\"wpb_column vc_column_container vc_col-sm-12\"><div class=\"vc_column-inner\"><div class=\"wpb_wrapper\"><div class=\"vc_empty_space\"   style=\"height: 32px\"><span class=\"vc_empty_space_inner\"><\/span><\/div><div class=\"vc_empty_space\"   style=\"height: 32px\"><span class=\"vc_empty_space_inner\"><\/span><\/div><\/div><\/div><\/div><\/div><div class=\"vc_row wpb_row vc_row-fluid\"><div class=\"wpb_column vc_column_container vc_col-sm-12\"><div class=\"vc_column-inner\"><div class=\"wpb_wrapper\">\n\t<div class=\"wpb_text_column wpb_content_element  no-margin\" >\n\t\t<div class=\"wpb_wrapper\">\n\t\t\t<p style=\"text-align: justify;\">Prior to the implementation of the project, energy in the Cape Verdean electrical grid was mainly generated by using fossil fuels.<\/p>\n<p style=\"text-align: justify;\">The conventional method produces significant amounts of greenhouse gases (GHG) that are known to induce the climate change phenomenon.<\/p>\n\n\t\t<\/div>\n\t<\/div>\n<div class=\"vc_empty_space\"   style=\"height: 32px\"><span class=\"vc_empty_space_inner\"><\/span><\/div><div class=\"vc_empty_space\"   style=\"height: 32px\"><span class=\"vc_empty_space_inner\"><\/span><\/div><\/div><\/div><\/div><\/div><div class=\"vc_row wpb_row vc_row-fluid\"><div class=\"wpb_column vc_column_container vc_col-sm-4\"><div class=\"vc_column-inner\"><div class=\"wpb_wrapper\"><\/div><\/div><\/div><div class=\"wpb_column vc_column_container vc_col-sm-4\"><div class=\"vc_column-inner\"><div class=\"wpb_wrapper\"><div class=\"wpb_gallery wpb_content_element vc_clearfix\" ><div class=\"wpb_wrapper\"><div class=\"wpb_gallery_slides wpb_flexslider flexslider_slide flexslider\" data-interval=\"10\" data-flex_fx=\"slide\"><ul class=\"slides\"><li><a class=\"prettyphoto\" href=\"https:\/\/cabeolica.com\/wp-content\/uploads\/2022\/09\/Post_planeamento-768x768-1.png\" data-rel=\"prettyPhoto[rel-5080-90914584]\"><img loading=\"lazy\" decoding=\"async\" width=\"150\" height=\"150\" src=\"https:\/\/cabeolica.com\/wp-content\/uploads\/2022\/09\/Post_planeamento-768x768-1-150x150.png\" class=\"attachment-thumbnail\" alt=\"\" srcset=\"https:\/\/cabeolica.com\/wp-content\/uploads\/2022\/09\/Post_planeamento-768x768-1-150x150.png 150w, https:\/\/cabeolica.com\/wp-content\/uploads\/2022\/09\/Post_planeamento-768x768-1-300x300.png 300w, https:\/\/cabeolica.com\/wp-content\/uploads\/2022\/09\/Post_planeamento-768x768-1-100x100.png 100w, https:\/\/cabeolica.com\/wp-content\/uploads\/2022\/09\/Post_planeamento-768x768-1.png 768w\" sizes=\"auto, 100vw\" \/><\/a><\/li><li><a class=\"prettyphoto\" href=\"https:\/\/cabeolica.com\/wp-content\/uploads\/2022\/09\/CBL_post_educacional_11-768x768-1.png\" data-rel=\"prettyPhoto[rel-5080-90914584]\"><img loading=\"lazy\" decoding=\"async\" width=\"150\" height=\"150\" src=\"https:\/\/cabeolica.com\/wp-content\/uploads\/2022\/09\/CBL_post_educacional_11-768x768-1-150x150.png\" class=\"attachment-thumbnail\" alt=\"\" srcset=\"https:\/\/cabeolica.com\/wp-content\/uploads\/2022\/09\/CBL_post_educacional_11-768x768-1-150x150.png 150w, https:\/\/cabeolica.com\/wp-content\/uploads\/2022\/09\/CBL_post_educacional_11-768x768-1-300x300.png 300w, https:\/\/cabeolica.com\/wp-content\/uploads\/2022\/09\/CBL_post_educacional_11-768x768-1-100x100.png 100w, https:\/\/cabeolica.com\/wp-content\/uploads\/2022\/09\/CBL_post_educacional_11-768x768-1.png 768w\" sizes=\"auto, 100vw\" \/><\/a><\/li><li><a class=\"prettyphoto\" href=\"https:\/\/cabeolica.com\/wp-content\/uploads\/2022\/09\/CBL_post_educacional_06-768x768-1.png\" data-rel=\"prettyPhoto[rel-5080-90914584]\"><img loading=\"lazy\" decoding=\"async\" width=\"150\" height=\"150\" src=\"https:\/\/cabeolica.com\/wp-content\/uploads\/2022\/09\/CBL_post_educacional_06-768x768-1-150x150.png\" class=\"attachment-thumbnail\" alt=\"\" srcset=\"https:\/\/cabeolica.com\/wp-content\/uploads\/2022\/09\/CBL_post_educacional_06-768x768-1-150x150.png 150w, https:\/\/cabeolica.com\/wp-content\/uploads\/2022\/09\/CBL_post_educacional_06-768x768-1-300x300.png 300w, https:\/\/cabeolica.com\/wp-content\/uploads\/2022\/09\/CBL_post_educacional_06-768x768-1-100x100.png 100w, https:\/\/cabeolica.com\/wp-content\/uploads\/2022\/09\/CBL_post_educacional_06-768x768-1.png 768w\" sizes=\"auto, 100vw\" \/><\/a><\/li><li><a class=\"prettyphoto\" href=\"https:\/\/cabeolica.com\/wp-content\/uploads\/2022\/09\/CBL_post_educacional_05-768x768-1.png\" data-rel=\"prettyPhoto[rel-5080-90914584]\"><img loading=\"lazy\" decoding=\"async\" width=\"150\" height=\"150\" src=\"https:\/\/cabeolica.com\/wp-content\/uploads\/2022\/09\/CBL_post_educacional_05-768x768-1-150x150.png\" class=\"attachment-thumbnail\" alt=\"\" srcset=\"https:\/\/cabeolica.com\/wp-content\/uploads\/2022\/09\/CBL_post_educacional_05-768x768-1-150x150.png 150w, https:\/\/cabeolica.com\/wp-content\/uploads\/2022\/09\/CBL_post_educacional_05-768x768-1-300x300.png 300w, https:\/\/cabeolica.com\/wp-content\/uploads\/2022\/09\/CBL_post_educacional_05-768x768-1-100x100.png 100w, https:\/\/cabeolica.com\/wp-content\/uploads\/2022\/09\/CBL_post_educacional_05-768x768-1.png 768w\" sizes=\"auto, 100vw\" \/><\/a><\/li><li><a class=\"prettyphoto\" href=\"https:\/\/cabeolica.com\/wp-content\/uploads\/2022\/09\/CBL_post_educacional_15-768x768-1.png\" data-rel=\"prettyPhoto[rel-5080-90914584]\"><img loading=\"lazy\" decoding=\"async\" width=\"150\" height=\"150\" src=\"https:\/\/cabeolica.com\/wp-content\/uploads\/2022\/09\/CBL_post_educacional_15-768x768-1-150x150.png\" class=\"attachment-thumbnail\" alt=\"\" srcset=\"https:\/\/cabeolica.com\/wp-content\/uploads\/2022\/09\/CBL_post_educacional_15-768x768-1-150x150.png 150w, https:\/\/cabeolica.com\/wp-content\/uploads\/2022\/09\/CBL_post_educacional_15-768x768-1-300x300.png 300w, https:\/\/cabeolica.com\/wp-content\/uploads\/2022\/09\/CBL_post_educacional_15-768x768-1-100x100.png 100w, https:\/\/cabeolica.com\/wp-content\/uploads\/2022\/09\/CBL_post_educacional_15-768x768-1.png 768w\" sizes=\"auto, 100vw\" \/><\/a><\/li><li><a class=\"prettyphoto\" href=\"https:\/\/cabeolica.com\/wp-content\/uploads\/2022\/09\/CBL_post_educacional_04-768x768-1.png\" data-rel=\"prettyPhoto[rel-5080-90914584]\"><img loading=\"lazy\" decoding=\"async\" width=\"150\" height=\"150\" src=\"https:\/\/cabeolica.com\/wp-content\/uploads\/2022\/09\/CBL_post_educacional_04-768x768-1-150x150.png\" class=\"attachment-thumbnail\" alt=\"\" srcset=\"https:\/\/cabeolica.com\/wp-content\/uploads\/2022\/09\/CBL_post_educacional_04-768x768-1-150x150.png 150w, https:\/\/cabeolica.com\/wp-content\/uploads\/2022\/09\/CBL_post_educacional_04-768x768-1-300x300.png 300w, https:\/\/cabeolica.com\/wp-content\/uploads\/2022\/09\/CBL_post_educacional_04-768x768-1-100x100.png 100w, https:\/\/cabeolica.com\/wp-content\/uploads\/2022\/09\/CBL_post_educacional_04-768x768-1.png 768w\" sizes=\"auto, 100vw\" \/><\/a><\/li><\/ul><\/div><\/div><\/div><\/div><\/div><\/div><div class=\"wpb_column vc_column_container vc_col-sm-4\"><div class=\"vc_column-inner\"><div class=\"wpb_wrapper\"><\/div><\/div><\/div><\/div><div class=\"vc_row wpb_row vc_row-fluid\"><div class=\"wpb_column vc_column_container vc_col-sm-12\"><div class=\"vc_column-inner\"><div class=\"wpb_wrapper\">\n\t<div class=\"wpb_text_column wpb_content_element\" >\n\t\t<div class=\"wpb_wrapper\">\n\t\t\t<p style=\"text-align: justify;\">Because wind energy does not cause emissions of gases such as GHGs, this type of energy generation plays a central role in the fight against climate change by reducing the CO2 emissions that would be produced by conventional electricity generation.<\/p>\n<p style=\"text-align: justify;\">Over the entire life of the wind farms, Cabe\u00f3lica thus aims to substantially reduce GHG emissions in the country and it is estimated that they will save about 55,000 tons of CO2 for each full year of operation. In the global effort to stop climate change, CO2 reductions resulting from the company's activities help Cape Verde, as a country, to align with its responsibilities related to sustainable development.<\/p>\n\n\t\t<\/div>\n\t<\/div>\n<div class=\"vc_empty_space\"   style=\"height: 32px\"><span class=\"vc_empty_space_inner\"><\/span><\/div><div class=\"title-box  text-left\"><span class=\"title-design\">CO2 AVOIDED<\/span><h2 class=\"title\">per year (tCO2e)<\/h2><\/div><\/div><\/div><\/div><\/div><div class=\"vc_row wpb_row vc_row-fluid\"><div class=\"wpb_column vc_column_container vc_col-sm-8\"><div class=\"vc_column-inner\"><div class=\"wpb_wrapper\">\n<div class=\"vc_chart vc_line-chart wpb_content_element\" data-vc-legend=\"1\" data-vc-tooltips=\"1\" data-vc-animation=\"easeOutBounce\" data-vc-type=\"bar\" data-vc-values=\"{&quot;labels&quot;:[&quot;2011&quot;,&quot; 2012&quot;,&quot; 2013&quot;,&quot; 2014&quot;,&quot; 2015&quot;,&quot; 2016&quot;,&quot; 2017&quot;,&quot; 2018&quot;,&quot; 2019&quot;,&quot; 2020&quot;,&quot; 2021&quot;,&quot; 2022&quot;],&quot;datasets&quot;:[{&quot;label&quot;:&quot;tCO2e&quot;,&quot;fillColor&quot;:&quot;#0072bc&quot;,&quot;strokeColor&quot;:&quot;#0072bc&quot;,&quot;pointColor&quot;:&quot;#0072bc&quot;,&quot;pointStrokeColor&quot;:&quot;#0072bc&quot;,&quot;highlightFill&quot;:&quot;#005389&quot;,&quot;highlightStroke&quot;:&quot;#005389&quot;,&quot;pointHighlightFill&quot;:&quot;#005389&quot;,&quot;pointHighlightStroke&quot;:&quot;#005389&quot;,&quot;data&quot;:[&quot;8916&quot;,&quot; 38707&quot;,&quot; 51532&quot;,&quot; 55381&quot;,&quot; 52688&quot;,&quot; 51429&quot;,&quot; 51514&quot;,&quot; 58168&quot;,&quot; 53691&quot;,&quot; 43148&quot;,&quot; 47414&quot;,&quot; 47274&quot;]}]}\">\n\t\n\t<div class=\"wpb_wrapper\">\n\t\t<div class=\"vc_chart-with-legend\"><canvas class=\"vc_line-chart-canvas\" width=\"1\" height=\"1\"><\/canvas><\/div><ul class=\"vc_chart-legend\"><li><span style=\"background-color:#0072bc\"><\/span>tCO2e<\/li><\/ul>\n\t<\/div>\n<\/div>\n<\/div><\/div><\/div><div class=\"wpb_column vc_column_container vc_col-sm-4\"><div class=\"vc_column-inner\"><div class=\"wpb_wrapper\"><\/div><\/div><\/div><\/div><div class=\"vc_row wpb_row vc_row-fluid\"><div class=\"wpb_column vc_column_container vc_col-sm-12\"><div class=\"vc_column-inner\"><div class=\"wpb_wrapper\"><div class=\"vc_empty_space\"   style=\"height: 32px\"><span class=\"vc_empty_space_inner\"><\/span><\/div><div class=\"vc_empty_space\"   style=\"height: 32px\"><span class=\"vc_empty_space_inner\"><\/span><\/div><\/div><\/div><\/div><\/div>","protected":false},"excerpt":{"rendered":"Antes da implementa\u00e7\u00e3o do projeto, a energia na rede el\u00e9trica cabo-verdiana era gerada principalmente pela utiliza\u00e7\u00e3o de combust\u00edveis f\u00f3sseis. O m\u00e9todo convencional produz quantidades significativas de gases de efeito estufa (GEE) que s\u00e3o conhecidos por induzir o fen\u00f3meno da mudan\u00e7a clim\u00e1tica. Como a energia e\u00f3lica n\u00e3o provoca emiss\u00f5es de gases, tais como GEE, este tipo [...]","protected":false},"author":1,"featured_media":0,"parent":0,"menu_order":0,"comment_status":"closed","ping_status":"closed","template":"full-page.php","meta":{"_monsterinsights_skip_tracking":false,"_monsterinsights_sitenote_active":false,"_monsterinsights_sitenote_note":"","_monsterinsights_sitenote_category":0,"footnotes":""},"class_list":["post-5080","page","type-page","status-publish","hentry"],"aioseo_notices":[],"_links":{"self":[{"href":"\/en\/wp-json\/wp\/v2\/pages\/5080","targetHints":{"allow":["GET"]}}],"collection":[{"href":"\/en\/wp-json\/wp\/v2\/pages"}],"about":[{"href":"\/en\/wp-json\/wp\/v2\/types\/page"}],"author":[{"embeddable":true,"href":"\/en\/wp-json\/wp\/v2\/users\/1"}],"replies":[{"embeddable":true,"href":"\/en\/wp-json\/wp\/v2\/comments?post=5080"}],"version-history":[{"count":46,"href":"\/en\/wp-json\/wp\/v2\/pages\/5080\/revisions"}],"predecessor-version":[{"id":6091,"href":"\/en\/wp-json\/wp\/v2\/pages\/5080\/revisions\/6091"}],"wp:attachment":[{"href":"\/en\/wp-json\/wp\/v2\/media?parent=5080"}],"curies":[{"name":"wp","href":"https:\/\/api.w.org\/{rel}","templated":true}]}}