{"id":4958,"date":"2022-09-03T00:15:45","date_gmt":"2022-09-03T00:15:45","guid":{"rendered":"http:\/\/localhost:8888\/wordpress\/?page_id=4958"},"modified":"2025-06-26T15:13:01","modified_gmt":"2025-06-26T16:13:01","slug":"conselho-de-administracao","status":"publish","type":"page","link":"\/en\/conselho-de-administracao\/","title":{"rendered":"Board of Directors"},"content":{"rendered":"<div class=\"vc_row wpb_row vc_row-fluid\"><div class=\"wpb_column vc_column_container vc_col-sm-12\"><div class=\"vc_column-inner\"><div class=\"wpb_wrapper\"><div class=\"vc_empty_space\"   style=\"height: 32px\"><span class=\"vc_empty_space_inner\"><\/span><\/div><div class=\"vc_empty_space\"   style=\"height: 32px\"><span class=\"vc_empty_space_inner\"><\/span><\/div><\/div><\/div><\/div><\/div><div class=\"vc_row wpb_row vc_row-fluid\"><div class=\"wpb_column vc_column_container vc_col-sm-12\"><div class=\"vc_column-inner\"><div class=\"wpb_wrapper\"><div class=\"title-box  text-center\"><h2 class=\"title\">Chairman<\/h2><\/div><\/div><\/div><\/div><\/div><div class=\"vc_row wpb_row vc_row-fluid\"><div class=\"wpb_column vc_column_container vc_col-sm-6\"><div class=\"vc_column-inner\"><div class=\"wpb_wrapper\">\n\t<div  class=\"wpb_single_image wpb_content_element vc_align_right\">\n\t\t\n\t\t<figure class=\"wpb_wrapper vc_figure\">\n\t\t\t<div class=\"vc_single_image-wrapper   vc_box_border_grey\"><img loading=\"lazy\" decoding=\"async\" width=\"501\" height=\"498\" src=\"https:\/\/cabeolica.com\/wp-content\/uploads\/2022\/09\/Captura-de-ecra-2022-09-03-as-13.12.13-removebg-preview.png\" class=\"vc_single_image-img attachment-full\" alt=\"\" srcset=\"https:\/\/cabeolica.com\/wp-content\/uploads\/2022\/09\/Captura-de-ecra-2022-09-03-as-13.12.13-removebg-preview.png 501w, https:\/\/cabeolica.com\/wp-content\/uploads\/2022\/09\/Captura-de-ecra-2022-09-03-as-13.12.13-removebg-preview-300x298.png 300w, https:\/\/cabeolica.com\/wp-content\/uploads\/2022\/09\/Captura-de-ecra-2022-09-03-as-13.12.13-removebg-preview-150x150.png 150w, https:\/\/cabeolica.com\/wp-content\/uploads\/2022\/09\/Captura-de-ecra-2022-09-03-as-13.12.13-removebg-preview-100x100.png 100w\" sizes=\"auto, 100vw\" \/><\/div>\n\t\t<\/figure>\n\t<\/div>\n<\/div><\/div><\/div><div class=\"wpb_column vc_column_container vc_col-sm-6\"><div class=\"vc_column-inner\"><div class=\"wpb_wrapper\"><div class=\"title-box  text-left\"><span class=\"title-design\">Senior Director and Chief Financial Officer, Africa Finance Corporation<\/span><h3 class=\"title\">Ayotunde Anjorin<\/h3><\/div>\n\t<div class=\"wpb_text_column wpb_content_element\" >\n\t\t<div class=\"wpb_wrapper\">\n\t\t\t<p style=\"text-align: justify;\">Ayoutunde Anjorin is the Senior Director adn CFO of the AFC, having previously held the role of Senior Vice President and responsible for the areas of Finance and operations. Prior to AFC, he worked at Standard Chartered Nigeria, where he held roles at national and regional level. He has a degree in accounting and is a certified accountant\/auditor with more than 20 years of experience in the financial area after certification, covering financial information reporting, internal control, risk management, banking operations and process reengineering.<\/p>\n\n\t\t<\/div>\n\t<\/div>\n<\/div><\/div><\/div><\/div><div class=\"vc_row wpb_row vc_row-fluid\"><div class=\"wpb_column vc_column_container vc_col-sm-12\"><div class=\"vc_column-inner\"><div class=\"wpb_wrapper\"><div class=\"vc_empty_space\"   style=\"height: 32px\"><span class=\"vc_empty_space_inner\"><\/span><\/div><\/div><\/div><\/div><\/div><div class=\"vc_row wpb_row vc_row-fluid\"><div class=\"wpb_column vc_column_container vc_col-sm-12\"><div class=\"vc_column-inner\"><div class=\"wpb_wrapper\"><div class=\"title-box  text-center\"><h2 class=\"title\">Directors<\/h2><\/div><\/div><\/div><\/div><\/div><div class=\"vc_row wpb_row vc_row-fluid\"><div class=\"wpb_column vc_column_container vc_col-sm-4\"><div class=\"vc_column-inner\"><div class=\"wpb_wrapper\"><div class=\"vc_empty_space\"   style=\"height: 32px\"><span class=\"vc_empty_space_inner\"><\/span><\/div>\n\t<div  class=\"wpb_single_image wpb_content_element vc_align_left   no-margin\">\n\t\t\n\t\t<figure class=\"wpb_wrapper vc_figure\">\n\t\t\t<div class=\"vc_single_image-wrapper   vc_box_border_grey\"><img loading=\"lazy\" decoding=\"async\" width=\"300\" height=\"296\" src=\"https:\/\/cabeolica.com\/wp-content\/uploads\/2022\/09\/Captura-de-ecra-2022-09-03-as-13.12.20-removebg-preview-300x296.png\" class=\"vc_single_image-img attachment-medium\" alt=\"\" srcset=\"https:\/\/cabeolica.com\/wp-content\/uploads\/2022\/09\/Captura-de-ecra-2022-09-03-as-13.12.20-removebg-preview-300x296.png 300w, https:\/\/cabeolica.com\/wp-content\/uploads\/2022\/09\/Captura-de-ecra-2022-09-03-as-13.12.20-removebg-preview-100x100.png 100w, https:\/\/cabeolica.com\/wp-content\/uploads\/2022\/09\/Captura-de-ecra-2022-09-03-as-13.12.20-removebg-preview.png 503w\" sizes=\"auto, 100vw\" \/><\/div>\n\t\t<\/figure>\n\t<\/div>\n<div class=\"vc_empty_space\"   style=\"height: 32px\"><span class=\"vc_empty_space_inner\"><\/span><\/div><div class=\"title-box  text-left\"><span class=\"title-design\">Senior Vice-President, Power, Africa Finance Corporation<\/span><h4 class=\"title\">Eluma Obibuaku<\/h4><\/div>\n\t<div class=\"wpb_text_column wpb_content_element  no-margin history-details\" >\n\t\t<div class=\"wpb_wrapper\">\n\t\t\t<p style=\"text-align: justify;\">Eluma Obibuaku has over 20 years of experience in advisory and investment in the public and private sectors. He is currently Senior Vice President of the AFC for electricity and is a member of the Board of Directors of several private companies. He has worked at the United States General Accounting Office, Pacific Gas and Electric Co, at the IFC and, more recently, as a pioneering developer of an energy project to establish an IPP, Eluma holds an MBA in finance from the Wharton School of the University of Pennsylvania.<\/p>\n\n\t\t<\/div>\n\t<\/div>\n<\/div><\/div><\/div><div class=\"wpb_column vc_column_container vc_col-sm-4\"><div class=\"vc_column-inner\"><div class=\"wpb_wrapper\"><div class=\"vc_empty_space\"   style=\"height: 32px\"><span class=\"vc_empty_space_inner\"><\/span><\/div>\n\t<div  class=\"wpb_single_image wpb_content_element vc_align_left   no-margin\">\n\t\t\n\t\t<figure class=\"wpb_wrapper vc_figure\">\n\t\t\t<div class=\"vc_single_image-wrapper   vc_box_border_grey\"><img loading=\"lazy\" decoding=\"async\" width=\"300\" height=\"300\" src=\"https:\/\/cabeolica.com\/wp-content\/uploads\/2025\/06\/Kome_Ajegbo-300x300.jpg\" class=\"vc_single_image-img attachment-medium\" alt=\"\" srcset=\"https:\/\/cabeolica.com\/wp-content\/uploads\/2025\/06\/Kome_Ajegbo-300x300.jpg 300w, https:\/\/cabeolica.com\/wp-content\/uploads\/2025\/06\/Kome_Ajegbo-150x150.jpg 150w, https:\/\/cabeolica.com\/wp-content\/uploads\/2025\/06\/Kome_Ajegbo-200x200.jpg 200w, https:\/\/cabeolica.com\/wp-content\/uploads\/2025\/06\/Kome_Ajegbo-400x400.jpg 400w, https:\/\/cabeolica.com\/wp-content\/uploads\/2025\/06\/Kome_Ajegbo-12x12.jpg 12w, https:\/\/cabeolica.com\/wp-content\/uploads\/2025\/06\/Kome_Ajegbo-100x100.jpg 100w, https:\/\/cabeolica.com\/wp-content\/uploads\/2025\/06\/Kome_Ajegbo.jpg 620w\" sizes=\"auto, 100vw\" \/><\/div>\n\t\t<\/figure>\n\t<\/div>\n<div class=\"vc_empty_space\"   style=\"height: 32px\"><span class=\"vc_empty_space_inner\"><\/span><\/div><div class=\"title-box  text-left\"><span class=\"title-design\">KOME AJEGBO, VICE-PRESIDENT, AFRICA FINANCE CORPORATION<\/span><h4 class=\"title\">Kome Ajegbo<\/h4><\/div>\n\t<div class=\"wpb_text_column wpb_content_element  no-margin history-details\" >\n\t\t<div class=\"wpb_wrapper\">\n\t\t\t<p style=\"text-align: justify;\">Kome Ajegbo, as a seasoned infrastructure investment professional with 15+ years of experience, has spent over a decade at the Africa Finance Corporation. Her expertise spans project development, principal investing, and leverage finance across multiple sectors, including power, heavy industries, telecoms, transport, climate finance, mining, and oil and gas.\n\nPrior to AFC, Kome worked at Kaizen Venture Partners in Lagos and Goldman Sachs in New York and London. She holds an MBA from INSEAD and a Civil Engineering degree from Stanford University.<\/p>\n<p style=\"text-align: justify;\">Prior to AFC, Kome worked at Kaizen Venture Partners in Lagos and Goldman Sachs in New York and London. She holds an MBA from INSEAD and a Civil Engineering degree from Stanford University.<\/p>\n\n\t\t<\/div>\n\t<\/div>\n<\/div><\/div><\/div><div class=\"wpb_column vc_column_container vc_col-sm-4\"><div class=\"vc_column-inner\"><div class=\"wpb_wrapper\"><div class=\"vc_empty_space\"   style=\"height: 32px\"><span class=\"vc_empty_space_inner\"><\/span><\/div>\n\t<div  class=\"wpb_single_image wpb_content_element vc_align_left   no-margin\">\n\t\t\n\t\t<figure class=\"wpb_wrapper vc_figure\">\n\t\t\t<div class=\"vc_single_image-wrapper   vc_box_border_grey\"><img loading=\"lazy\" decoding=\"async\" width=\"300\" height=\"298\" src=\"https:\/\/cabeolica.com\/wp-content\/uploads\/2022\/10\/Rito-Evora-300x298.png\" class=\"vc_single_image-img attachment-medium\" alt=\"\" srcset=\"https:\/\/cabeolica.com\/wp-content\/uploads\/2022\/10\/Rito-Evora-300x298.png 300w, https:\/\/cabeolica.com\/wp-content\/uploads\/2022\/10\/Rito-Evora-150x150.png 150w, https:\/\/cabeolica.com\/wp-content\/uploads\/2022\/10\/Rito-Evora-100x100.png 100w, https:\/\/cabeolica.com\/wp-content\/uploads\/2022\/10\/Rito-Evora.png 501w\" sizes=\"auto, 100vw\" \/><\/div>\n\t\t<\/figure>\n\t<\/div>\n<div class=\"vc_empty_space\"   style=\"height: 32px\"><span class=\"vc_empty_space_inner\"><\/span><\/div><div class=\"title-box  text-left\"><span class=\"title-design\">National Director of Industry, Commerce and Energy, Government of Cape Verde<\/span><h4 class=\"title\">Rito \u00c9vora<\/h4><\/div>\n\t<div class=\"wpb_text_column wpb_content_element  no-margin history-details\" >\n\t\t<div class=\"wpb_wrapper\">\n\t\t\t<p style=\"text-align: justify;\">Rito \u00c9vora has been the National Director of Industry, Commerce and Energy of Cape Verde since August 2018. He has more than 20 years of experience in the energy sector, having already served as director of the energy service and executive director of the Agency of Economic Regulation. Rito \u00c9vora has been working on the design, development and implementation of regulatory models and structural policies for the energy sector in Cape Verde. He holds a degree in mechanical engineering and a master's degree in energy.<\/p>\n\n\t\t<\/div>\n\t<\/div>\n<\/div><\/div><\/div><\/div><div class=\"vc_row wpb_row vc_row-fluid\"><div class=\"wpb_column vc_column_container vc_col-sm-12\"><div class=\"vc_column-inner\"><div class=\"wpb_wrapper\"><div class=\"vc_empty_space\"   style=\"height: 32px\"><span class=\"vc_empty_space_inner\"><\/span><\/div><\/div><\/div><\/div><\/div><div class=\"vc_row wpb_row vc_row-fluid\"><div class=\"wpb_column vc_column_container vc_col-sm-4\"><div class=\"vc_column-inner\"><div class=\"wpb_wrapper\"><div class=\"vc_empty_space\"   style=\"height: 32px\"><span class=\"vc_empty_space_inner\"><\/span><\/div>\n\t<div  class=\"wpb_single_image wpb_content_element vc_align_left   no-margin\">\n\t\t\n\t\t<figure class=\"wpb_wrapper vc_figure\">\n\t\t\t<div class=\"vc_single_image-wrapper   vc_box_border_grey\"><img loading=\"lazy\" decoding=\"async\" width=\"300\" height=\"300\" src=\"https:\/\/cabeolica.com\/wp-content\/uploads\/2022\/09\/Captura-de-ecra-2022-09-03-as-13.21.09-removebg-preview-300x300.png\" class=\"vc_single_image-img attachment-medium\" alt=\"\" srcset=\"https:\/\/cabeolica.com\/wp-content\/uploads\/2022\/09\/Captura-de-ecra-2022-09-03-as-13.21.09-removebg-preview-300x300.png 300w, https:\/\/cabeolica.com\/wp-content\/uploads\/2022\/09\/Captura-de-ecra-2022-09-03-as-13.21.09-removebg-preview-150x150.png 150w, https:\/\/cabeolica.com\/wp-content\/uploads\/2022\/09\/Captura-de-ecra-2022-09-03-as-13.21.09-removebg-preview-100x100.png 100w, https:\/\/cabeolica.com\/wp-content\/uploads\/2022\/09\/Captura-de-ecra-2022-09-03-as-13.21.09-removebg-preview.png 500w\" sizes=\"auto, 100vw\" \/><\/div>\n\t\t<\/figure>\n\t<\/div>\n<div class=\"vc_empty_space\"   style=\"height: 32px\"><span class=\"vc_empty_space_inner\"><\/span><\/div><div class=\"title-box  text-left\"><span class=\"title-design\">Senior Adviser for the Energy Sector at A.P. Moller Capital<\/span><h4 class=\"title\">Ebbe Hamilton<\/h4><\/div>\n\t<div class=\"wpb_text_column wpb_content_element  no-margin history-details\" >\n\t\t<div class=\"wpb_wrapper\">\n\t\t\t<p style=\"text-align: justify;\">Ebbe Hamilton has been Senior Advisor at AP Moller Capital for the energy sector since 2018. He has extensive international experience of more than 20 years in consulting and project development in the energy sector, and renewable energy in particular, in developed and emerging markets, having previously worked at EleQtra, ABB Equity Ventures and Skanska Financial Services. Ebbe Hamilton holds an MBA from Rutgers University in the United States and a master's degree in mechanical engineering from the Ecole Polytechnique Federale in Switzerland.<\/p>\n\n\t\t<\/div>\n\t<\/div>\n<\/div><\/div><\/div><div class=\"wpb_column vc_column_container vc_col-sm-4\"><div class=\"vc_column-inner\"><div class=\"wpb_wrapper\"><div class=\"vc_empty_space\"   style=\"height: 32px\"><span class=\"vc_empty_space_inner\"><\/span><\/div>\n\t<div  class=\"wpb_single_image wpb_content_element vc_align_left   no-margin\">\n\t\t\n\t\t<figure class=\"wpb_wrapper vc_figure\">\n\t\t\t<div class=\"vc_single_image-wrapper   vc_box_border_grey\"><img loading=\"lazy\" decoding=\"async\" width=\"300\" height=\"300\" src=\"https:\/\/cabeolica.com\/wp-content\/uploads\/2024\/07\/Semih-Gokmen-300x300.png\" class=\"vc_single_image-img attachment-medium\" alt=\"\" srcset=\"https:\/\/cabeolica.com\/wp-content\/uploads\/2024\/07\/Semih-Gokmen-300x300.png 300w, https:\/\/cabeolica.com\/wp-content\/uploads\/2024\/07\/Semih-Gokmen-150x150.png 150w, https:\/\/cabeolica.com\/wp-content\/uploads\/2024\/07\/Semih-Gokmen-200x200.png 200w, https:\/\/cabeolica.com\/wp-content\/uploads\/2024\/07\/Semih-Gokmen-12x12.png 12w, https:\/\/cabeolica.com\/wp-content\/uploads\/2024\/07\/Semih-Gokmen-100x100.png 100w, https:\/\/cabeolica.com\/wp-content\/uploads\/2024\/07\/Semih-Gokmen.png 340w\" sizes=\"auto, 100vw\" \/><\/div>\n\t\t<\/figure>\n\t<\/div>\n<div class=\"vc_empty_space\"   style=\"height: 32px\"><span class=\"vc_empty_space_inner\"><\/span><\/div><div class=\"title-box  text-left\"><span class=\"title-design\">Partner at A.P. Moller Capital<\/span><h4 class=\"title\">Semih G\u00f6kmen<\/h4><\/div>\n\t<div class=\"wpb_text_column wpb_content_element  no-margin history-details\" >\n\t\t<div class=\"wpb_wrapper\">\n\t\t\t<p style=\"text-align: justify;\">Semih G\u00f6kmen is a Partner at A.P. Moller Capital and has more than 15 years of experience in private equity and investment banking in Europe and the Middle East and Africa with a specific focus on energy infrastructure including renewable energy. Semih holds an MBA from The University of Chicago Booth School of Business and a BSc in Industrial Engineering from Bogazici University in Turkey.<\/p>\n\n\t\t<\/div>\n\t<\/div>\n<\/div><\/div><\/div><div class=\"wpb_column vc_column_container vc_col-sm-4\"><div class=\"vc_column-inner\"><div class=\"wpb_wrapper\"><div class=\"vc_empty_space\"   style=\"height: 32px\"><span class=\"vc_empty_space_inner\"><\/span><\/div>\n\t<div  class=\"wpb_single_image wpb_content_element vc_align_left   no-margin\">\n\t\t\n\t\t<figure class=\"wpb_wrapper vc_figure\">\n\t\t\t<div class=\"vc_single_image-wrapper   vc_box_border_grey\"><img loading=\"lazy\" decoding=\"async\" width=\"300\" height=\"297\" src=\"https:\/\/cabeolica.com\/wp-content\/uploads\/2022\/09\/Captura-de-ecra-2022-09-03-as-13.24.01-removebg-preview-300x297.png\" class=\"vc_single_image-img attachment-medium\" alt=\"\" srcset=\"https:\/\/cabeolica.com\/wp-content\/uploads\/2022\/09\/Captura-de-ecra-2022-09-03-as-13.24.01-removebg-preview-300x297.png 300w, https:\/\/cabeolica.com\/wp-content\/uploads\/2022\/09\/Captura-de-ecra-2022-09-03-as-13.24.01-removebg-preview-150x150.png 150w, https:\/\/cabeolica.com\/wp-content\/uploads\/2022\/09\/Captura-de-ecra-2022-09-03-as-13.24.01-removebg-preview-100x100.png 100w, https:\/\/cabeolica.com\/wp-content\/uploads\/2022\/09\/Captura-de-ecra-2022-09-03-as-13.24.01-removebg-preview.png 502w\" sizes=\"auto, 100vw\" \/><\/div>\n\t\t<\/figure>\n\t<\/div>\n<div class=\"vc_empty_space\"   style=\"height: 32px\"><span class=\"vc_empty_space_inner\"><\/span><\/div><div class=\"title-box  text-left\"><span class=\"title-design\">Chairman of the Board of Directors of Electra, S.A.<\/span><h4 class=\"title\">Lu\u00eds Teixeira<\/h4><\/div>\n\t<div class=\"wpb_text_column wpb_content_element  no-margin history-details\" >\n\t\t<div class=\"wpb_wrapper\">\n\t\t\t<p style=\"text-align: justify;\">Luis Teixeira has been the Chairman of the Board of Directors of Electra, SA since July 2021. He holds a master's degree in mechanical engineering from the University of Porto in Portugal and a PhD in renewable energy engineering from the University of Huazhong in China. His experience includes several positions held in the Cape Verdean Public Administration in the energy and education sectors.<\/p>\n\n\t\t<\/div>\n\t<\/div>\n<\/div><\/div><\/div><\/div><div class=\"vc_row wpb_row vc_row-fluid\"><div class=\"wpb_column vc_column_container vc_col-sm-12\"><div class=\"vc_column-inner\"><div class=\"wpb_wrapper\"><div class=\"vc_empty_space\"   style=\"height: 32px\"><span class=\"vc_empty_space_inner\"><\/span><\/div><div class=\"vc_empty_space\"   style=\"height: 32px\"><span class=\"vc_empty_space_inner\"><\/span><\/div><\/div><\/div><\/div><\/div>","protected":false},"excerpt":{"rendered":"Presidente do Conselho de Administra\u00e7\u00e3o Administrador Financeiro S\u00e9nior, Africa Finance CorporationAyotunde Anjorin Ayoutunde Anjorin \u00e9 o Administrador Financeiro S\u00e9nior da AFC, tendo anteriormente desempenhado a\u00a0fun\u00e7\u00e3o de Vice-Presidente S\u00e9nior e respons\u00e1vel pelas \u00e1reas de Finan\u00e7as e opera\u00e7\u00f5es. Antes da AFC,\u00a0trabalhou na Standard Chartered Nig\u00e9ria, onde desempenhou fun\u00e7\u00f5es a n\u00edvel nacional e regional. \u00c9\u00a0licenciado em contabilidade e [...]","protected":false},"author":1,"featured_media":0,"parent":0,"menu_order":0,"comment_status":"closed","ping_status":"closed","template":"full-page.php","meta":{"_monsterinsights_skip_tracking":false,"_monsterinsights_sitenote_active":false,"_monsterinsights_sitenote_note":"","_monsterinsights_sitenote_category":0,"footnotes":""},"class_list":["post-4958","page","type-page","status-publish","hentry"],"aioseo_notices":[],"_links":{"self":[{"href":"\/en\/wp-json\/wp\/v2\/pages\/4958","targetHints":{"allow":["GET"]}}],"collection":[{"href":"\/en\/wp-json\/wp\/v2\/pages"}],"about":[{"href":"\/en\/wp-json\/wp\/v2\/types\/page"}],"author":[{"embeddable":true,"href":"\/en\/wp-json\/wp\/v2\/users\/1"}],"replies":[{"embeddable":true,"href":"\/en\/wp-json\/wp\/v2\/comments?post=4958"}],"version-history":[{"count":66,"href":"\/en\/wp-json\/wp\/v2\/pages\/4958\/revisions"}],"predecessor-version":[{"id":6504,"href":"\/en\/wp-json\/wp\/v2\/pages\/4958\/revisions\/6504"}],"wp:attachment":[{"href":"\/en\/wp-json\/wp\/v2\/media?parent=4958"}],"curies":[{"name":"wp","href":"https:\/\/api.w.org\/{rel}","templated":true}]}}