{"id":4905,"date":"2022-09-02T21:21:19","date_gmt":"2022-09-02T21:21:19","guid":{"rendered":"http:\/\/localhost:8888\/wordpress\/?page_id=4905"},"modified":"2025-08-27T19:45:43","modified_gmt":"2025-08-27T20:45:43","slug":"equipa-da-cabeolica","status":"publish","type":"page","link":"\/en\/equipa-da-cabeolica\/","title":{"rendered":"Cabe\u00f3lica Team"},"content":{"rendered":"<div class=\"vc_row wpb_row vc_row-fluid\"><div class=\"wpb_column vc_column_container vc_col-sm-12\"><div class=\"vc_column-inner\"><div class=\"wpb_wrapper\"><div class=\"vc_empty_space\"   style=\"height: 10px\"><span class=\"vc_empty_space_inner\"><\/span><\/div><div class=\"vc_empty_space\"   style=\"height: 10px\"><span class=\"vc_empty_space_inner\"><\/span><\/div><div class=\"vc_empty_space\"   style=\"height: 10px\"><span class=\"vc_empty_space_inner\"><\/span><\/div><div class=\"vc_empty_space\"   style=\"height: 10px\"><span class=\"vc_empty_space_inner\"><\/span><\/div><\/div><\/div><\/div><\/div><div class=\"vc_row wpb_row vc_row-fluid\"><div class=\"wpb_column vc_column_container vc_col-sm-12\"><div class=\"vc_column-inner\"><div class=\"wpb_wrapper\"><div class=\"vc_empty_space\"   style=\"height: 10px\"><span class=\"vc_empty_space_inner\"><\/span><\/div><div class=\"vc_empty_space\"   style=\"height: 10px\"><span class=\"vc_empty_space_inner\"><\/span><\/div><div class=\"vc_empty_space\"   style=\"height: 10px\"><span class=\"vc_empty_space_inner\"><\/span><\/div><div class=\"vc_empty_space\"   style=\"height: 10px\"><span class=\"vc_empty_space_inner\"><\/span><\/div><\/div><\/div><\/div><\/div><div class=\"vc_row wpb_row vc_row-fluid\"><div class=\"wpb_column vc_column_container vc_col-sm-3\"><div class=\"vc_column-inner\"><div class=\"wpb_wrapper\">\n\t<div  class=\"wpb_single_image wpb_content_element vc_align_left   no-margin\">\n\t\t\n\t\t<figure class=\"wpb_wrapper vc_figure\">\n\t\t\t<div class=\"vc_single_image-wrapper   vc_box_border_grey\"><img loading=\"lazy\" decoding=\"async\" width=\"300\" height=\"300\" src=\"https:\/\/cabeolica.com\/wp-content\/uploads\/2022\/09\/Bruno-Lopes-1-p1zl7lsq98owbgmm7q4yqcqllqoh91x87b1wc3jgs8-2-removebg-preview.png\" class=\"vc_single_image-img attachment-full\" alt=\"\" srcset=\"https:\/\/cabeolica.com\/wp-content\/uploads\/2022\/09\/Bruno-Lopes-1-p1zl7lsq98owbgmm7q4yqcqllqoh91x87b1wc3jgs8-2-removebg-preview.png 300w, https:\/\/cabeolica.com\/wp-content\/uploads\/2022\/09\/Bruno-Lopes-1-p1zl7lsq98owbgmm7q4yqcqllqoh91x87b1wc3jgs8-2-removebg-preview-150x150.png 150w, https:\/\/cabeolica.com\/wp-content\/uploads\/2022\/09\/Bruno-Lopes-1-p1zl7lsq98owbgmm7q4yqcqllqoh91x87b1wc3jgs8-2-removebg-preview-100x100.png 100w\" sizes=\"auto, 100vw\" \/><\/div>\n\t\t<\/figure>\n\t<\/div>\n<\/div><\/div><\/div><div class=\"wpb_column vc_column_container vc_col-sm-9\"><div class=\"vc_column-inner\"><div class=\"wpb_wrapper\"><div class=\"title-box  text-left\"><span class=\"title-design\">CEO \u2013 Chief Executive Officer<\/span><h4 class=\"title\">Bruno Lopes<\/h4><\/div>\n\t<div class=\"wpb_text_column wpb_content_element  no-margin history-details\" >\n\t\t<div class=\"wpb_wrapper\">\n\t\t\t<p style=\"text-align: justify;\">Bruno Lopes has a BSc in Business Management, a postgraduate degree in Audit and an MSc in Finance, with more than 20 years of experience in business management, financial\nmanagement, auditing and corporate governance. His professional experience includes roles as CFO at Cabeolica, financial advisor and CEO within SITA Group and supervisor at PricewaterhouseCoopers, as well as additional work as independent auditor, financial consultant and Chair\/member of Audit Committee within various Cape Verdean companies.<\/p>\n\n\t\t<\/div>\n\t<\/div>\n<div class=\"vc_empty_space\"   style=\"height: 32px\"><span class=\"vc_empty_space_inner\"><\/span><\/div><div class=\"vc_empty_space\"   style=\"height: 32px\"><span class=\"vc_empty_space_inner\"><\/span><\/div><\/div><\/div><\/div><\/div><div class=\"vc_row wpb_row vc_row-fluid\"><div class=\"wpb_column vc_column_container vc_col-sm-3\"><div class=\"vc_column-inner\"><div class=\"wpb_wrapper\">\n\t<div  class=\"wpb_single_image wpb_content_element vc_align_left   no-margin\">\n\t\t\n\t\t<figure class=\"wpb_wrapper vc_figure\">\n\t\t\t<div class=\"vc_single_image-wrapper   vc_box_border_grey\"><img loading=\"lazy\" decoding=\"async\" width=\"300\" height=\"300\" src=\"https:\/\/cabeolica.com\/wp-content\/uploads\/2022\/09\/TANIA-removebg-preview.png\" class=\"vc_single_image-img attachment-full\" alt=\"\" srcset=\"https:\/\/cabeolica.com\/wp-content\/uploads\/2022\/09\/TANIA-removebg-preview.png 300w, https:\/\/cabeolica.com\/wp-content\/uploads\/2022\/09\/TANIA-removebg-preview-150x150.png 150w, https:\/\/cabeolica.com\/wp-content\/uploads\/2022\/09\/TANIA-removebg-preview-100x100.png 100w\" sizes=\"auto, 100vw\" \/><\/div>\n\t\t<\/figure>\n\t<\/div>\n<\/div><\/div><\/div><div class=\"wpb_column vc_column_container vc_col-sm-9\"><div class=\"vc_column-inner\"><div class=\"wpb_wrapper\"><div class=\"title-box  text-left\"><span class=\"title-design\">Chief Financial Officer<\/span><h4 class=\"title\">T\u00e2nia Silva<\/h4><\/div>\n\t<div class=\"wpb_text_column wpb_content_element  no-margin history-details\" >\n\t\t<div class=\"wpb_wrapper\">\n\t\t\t<p style=\"text-align: justify;\">Tania Silva graduated with a BSc in Management and a post-graduated in Banking and Insurance Management. She has more than 10 years of experience, of which 8 are dedicated to financial auditing, at PricewaterhouseCoopers Cabo Verde. Her professional experience also includes working as a management control technician in the transport sector in Portugal.<\/p>\n\n\t\t<\/div>\n\t<\/div>\n<div class=\"vc_empty_space\"   style=\"height: 32px\"><span class=\"vc_empty_space_inner\"><\/span><\/div><div class=\"vc_empty_space\"   style=\"height: 32px\"><span class=\"vc_empty_space_inner\"><\/span><\/div><div class=\"vc_empty_space\"   style=\"height: 32px\"><span class=\"vc_empty_space_inner\"><\/span><\/div><\/div><\/div><\/div><\/div><div class=\"vc_row wpb_row vc_row-fluid\"><div class=\"wpb_column vc_column_container vc_col-sm-3\"><div class=\"vc_column-inner\"><div class=\"wpb_wrapper\">\n\t<div  class=\"wpb_single_image wpb_content_element vc_align_left   no-margin\">\n\t\t\n\t\t<figure class=\"wpb_wrapper vc_figure\">\n\t\t\t<div class=\"vc_single_image-wrapper   vc_box_border_grey\"><img loading=\"lazy\" decoding=\"async\" width=\"200\" height=\"200\" src=\"https:\/\/cabeolica.com\/wp-content\/uploads\/2025\/06\/Valdemar_Lopes.jpg\" class=\"vc_single_image-img attachment-full\" alt=\"\" srcset=\"https:\/\/cabeolica.com\/wp-content\/uploads\/2025\/06\/Valdemar_Lopes.jpg 200w, https:\/\/cabeolica.com\/wp-content\/uploads\/2025\/06\/Valdemar_Lopes-150x150.jpg 150w, https:\/\/cabeolica.com\/wp-content\/uploads\/2025\/06\/Valdemar_Lopes-12x12.jpg 12w, https:\/\/cabeolica.com\/wp-content\/uploads\/2025\/06\/Valdemar_Lopes-100x100.jpg 100w\" sizes=\"auto, 100vw\" \/><\/div>\n\t\t<\/figure>\n\t<\/div>\n<\/div><\/div><\/div><div class=\"wpb_column vc_column_container vc_col-sm-9\"><div class=\"vc_column-inner\"><div class=\"wpb_wrapper\"><div class=\"title-box  text-left\"><span class=\"title-design\">Technical Manager<\/span><h4 class=\"title\">Valdemar Lopes<\/h4><\/div>\n\t<div class=\"wpb_text_column wpb_content_element  no-margin history-details\" >\n\t\t<div class=\"wpb_wrapper\">\n\t\t\t<p style=\"text-align: justify;\">Valdemar Lopes has a degree from the Federal University of Pernambuco in Electrical Engineering. He worked at the Fluid Laboratory of the Department of Mechanical Engineering at UFPE as a fellow at the National Center for Technical Development of Renewable Energy. He has more than ten years as a wind farm manager.<\/p>\n\n\t\t<\/div>\n\t<\/div>\n<div class=\"vc_empty_space\"   style=\"height: 32px\"><span class=\"vc_empty_space_inner\"><\/span><\/div><div class=\"vc_empty_space\"   style=\"height: 32px\"><span class=\"vc_empty_space_inner\"><\/span><\/div><div class=\"vc_empty_space\"   style=\"height: 32px\"><span class=\"vc_empty_space_inner\"><\/span><\/div><\/div><\/div><\/div><\/div><div class=\"vc_row wpb_row vc_row-fluid\"><div class=\"wpb_column vc_column_container vc_col-sm-3\"><div class=\"vc_column-inner\"><div class=\"wpb_wrapper\">\n\t<div  class=\"wpb_single_image wpb_content_element vc_align_left   no-margin\">\n\t\t\n\t\t<figure class=\"wpb_wrapper vc_figure\">\n\t\t\t<div class=\"vc_single_image-wrapper   vc_box_border_grey\"><img loading=\"lazy\" decoding=\"async\" width=\"300\" height=\"300\" src=\"https:\/\/cabeolica.com\/wp-content\/uploads\/2022\/09\/Telma-Veiga3-p1zlc3gywqu7se3rzo0sn7xvs0jm0zr25j9evovr20-removebg-preview.png\" class=\"vc_single_image-img attachment-full\" alt=\"\" srcset=\"https:\/\/cabeolica.com\/wp-content\/uploads\/2022\/09\/Telma-Veiga3-p1zlc3gywqu7se3rzo0sn7xvs0jm0zr25j9evovr20-removebg-preview.png 300w, https:\/\/cabeolica.com\/wp-content\/uploads\/2022\/09\/Telma-Veiga3-p1zlc3gywqu7se3rzo0sn7xvs0jm0zr25j9evovr20-removebg-preview-150x150.png 150w, https:\/\/cabeolica.com\/wp-content\/uploads\/2022\/09\/Telma-Veiga3-p1zlc3gywqu7se3rzo0sn7xvs0jm0zr25j9evovr20-removebg-preview-100x100.png 100w\" sizes=\"auto, 100vw\" \/><\/div>\n\t\t<\/figure>\n\t<\/div>\n<\/div><\/div><\/div><div class=\"wpb_column vc_column_container vc_col-sm-9\"><div class=\"vc_column-inner\"><div class=\"wpb_wrapper\"><div class=\"title-box  text-left\"><span class=\"title-design\">MESA (Manager of Environment Social and Admnistration)<\/span><h4 class=\"title\">Telma Veiga<\/h4><\/div>\n\t<div class=\"wpb_text_column wpb_content_element  no-margin history-details\" >\n\t\t<div class=\"wpb_wrapper\">\n\t\t\t<p style=\"text-align: justify;\">Telma Veiga has a degree in Finance and an MBA in Service Management from Bentley\nUniversity.<br \/>\nShe has over 10 years of experience in internal auditing, financial management, business analysis, and more than three years in environmental and social roles at Cabeolica. In addition to E&amp;S functions, she accumulates international experience in insurance, biopharmaceutical industry and private investment.<\/p>\n\n\t\t<\/div>\n\t<\/div>\n<div class=\"vc_empty_space\"   style=\"height: 32px\"><span class=\"vc_empty_space_inner\"><\/span><\/div><div class=\"vc_empty_space\"   style=\"height: 32px\"><span class=\"vc_empty_space_inner\"><\/span><\/div><div class=\"vc_empty_space\"   style=\"height: 32px\"><span class=\"vc_empty_space_inner\"><\/span><\/div><div class=\"vc_empty_space\"   style=\"height: 32px\"><span class=\"vc_empty_space_inner\"><\/span><\/div><\/div><\/div><\/div><\/div><div class=\"vc_row wpb_row vc_row-fluid\"><div class=\"wpb_column vc_column_container vc_col-sm-3\"><div class=\"vc_column-inner\"><div class=\"wpb_wrapper\">\n\t<div  class=\"wpb_single_image wpb_content_element vc_align_left   no-margin\">\n\t\t\n\t\t<figure class=\"wpb_wrapper vc_figure\">\n\t\t\t<div class=\"vc_single_image-wrapper   vc_box_border_grey\"><img loading=\"lazy\" decoding=\"async\" width=\"300\" height=\"300\" src=\"https:\/\/cabeolica.com\/wp-content\/uploads\/2022\/09\/Marly-Fortes-removebg-preview.png\" class=\"vc_single_image-img attachment-full\" alt=\"\" srcset=\"https:\/\/cabeolica.com\/wp-content\/uploads\/2022\/09\/Marly-Fortes-removebg-preview.png 300w, https:\/\/cabeolica.com\/wp-content\/uploads\/2022\/09\/Marly-Fortes-removebg-preview-150x150.png 150w, https:\/\/cabeolica.com\/wp-content\/uploads\/2022\/09\/Marly-Fortes-removebg-preview-100x100.png 100w\" sizes=\"auto, 100vw\" \/><\/div>\n\t\t<\/figure>\n\t<\/div>\n<\/div><\/div><\/div><div class=\"wpb_column vc_column_container vc_col-sm-9\"><div class=\"vc_column-inner\"><div class=\"wpb_wrapper\"><div class=\"title-box  text-left\"><span class=\"title-design\">Financial and Accounting Associate<\/span><h4 class=\"title\">Marly Fortes<\/h4><\/div>\n\t<div class=\"wpb_text_column wpb_content_element  no-margin history-details\" >\n\t\t<div class=\"wpb_wrapper\">\n\t\t\t<p style=\"text-align: justify;\">Marly Fortes has a degree in Accounting and Auditing. He has more than 14 years of experience in the financial and accounting area, of which 7 were dedicated to the financial and administrative department of Cabe\u00f3lica.<\/p>\n\n\t\t<\/div>\n\t<\/div>\n<div class=\"vc_empty_space\"   style=\"height: 32px\"><span class=\"vc_empty_space_inner\"><\/span><\/div><div class=\"vc_empty_space\"   style=\"height: 32px\"><span class=\"vc_empty_space_inner\"><\/span><\/div><div class=\"vc_empty_space\"   style=\"height: 32px\"><span class=\"vc_empty_space_inner\"><\/span><\/div><div class=\"vc_empty_space\"   style=\"height: 32px\"><span class=\"vc_empty_space_inner\"><\/span><\/div><\/div><\/div><\/div><\/div><div class=\"vc_row wpb_row vc_row-fluid\"><div class=\"wpb_column vc_column_container vc_col-sm-3\"><div class=\"vc_column-inner\"><div class=\"wpb_wrapper\">\n\t<div  class=\"wpb_single_image wpb_content_element vc_align_left   no-margin\">\n\t\t\n\t\t<figure class=\"wpb_wrapper vc_figure\">\n\t\t\t<div class=\"vc_single_image-wrapper   vc_box_border_grey\"><img loading=\"lazy\" decoding=\"async\" width=\"300\" height=\"300\" src=\"https:\/\/cabeolica.com\/wp-content\/uploads\/2022\/09\/Neusa-Varela-removebg-preview.png\" class=\"vc_single_image-img attachment-full\" alt=\"\" srcset=\"https:\/\/cabeolica.com\/wp-content\/uploads\/2022\/09\/Neusa-Varela-removebg-preview.png 300w, https:\/\/cabeolica.com\/wp-content\/uploads\/2022\/09\/Neusa-Varela-removebg-preview-150x150.png 150w, https:\/\/cabeolica.com\/wp-content\/uploads\/2022\/09\/Neusa-Varela-removebg-preview-100x100.png 100w\" sizes=\"auto, 100vw\" \/><\/div>\n\t\t<\/figure>\n\t<\/div>\n<\/div><\/div><\/div><div class=\"wpb_column vc_column_container vc_col-sm-9\"><div class=\"vc_column-inner\"><div class=\"wpb_wrapper\"><div class=\"title-box  text-left\"><span class=\"title-design\">Receptionist<\/span><h4 class=\"title\">Neusa Varela<\/h4><\/div>\n\t<div class=\"wpb_text_column wpb_content_element  no-margin history-details\" >\n\t\t<div class=\"wpb_wrapper\">\n\t\t\t<p style=\"text-align: justify;\">Neusa Varela has a degree in Secretarial and Management Support from the Employment and Vocational Training Institute in Cape Verde. She has more than seven years of experience as a receptionist in various companies.<\/p>\n\n\t\t<\/div>\n\t<\/div>\n<div class=\"vc_empty_space\"   style=\"height: 32px\"><span class=\"vc_empty_space_inner\"><\/span><\/div><div class=\"vc_empty_space\"   style=\"height: 32px\"><span class=\"vc_empty_space_inner\"><\/span><\/div><div class=\"vc_empty_space\"   style=\"height: 32px\"><span class=\"vc_empty_space_inner\"><\/span><\/div><\/div><\/div><\/div><\/div><div class=\"vc_row wpb_row vc_row-fluid\"><div class=\"wpb_column vc_column_container vc_col-sm-12 vc_hidden-lg vc_hidden-md vc_hidden-sm vc_hidden-xs\"><div class=\"vc_column-inner\"><div class=\"wpb_wrapper\"><div class=\"vc_empty_space\"   style=\"height: 10px\"><span class=\"vc_empty_space_inner\"><\/span><\/div><\/div><\/div><\/div><\/div><div class=\"vc_row wpb_row vc_row-fluid vc_custom_1565155430256\"><div class=\"wpb_column vc_column_container vc_col-sm-3\"><div class=\"vc_column-inner\"><div class=\"wpb_wrapper\"><div class=\"vc_empty_space\"   style=\"height: 32px\"><span class=\"vc_empty_space_inner\"><\/span><\/div>\n\t<div  class=\"wpb_single_image wpb_content_element vc_align_left   no-margin\">\n\t\t\n\t\t<figure class=\"wpb_wrapper vc_figure\">\n\t\t\t<div class=\"vc_single_image-wrapper   vc_box_border_grey\"><img loading=\"lazy\" decoding=\"async\" width=\"300\" height=\"300\" src=\"https:\/\/cabeolica.com\/wp-content\/uploads\/2023\/03\/Decio-Lopes-removebg-preview.jpg\" class=\"vc_single_image-img attachment-full\" alt=\"\" srcset=\"https:\/\/cabeolica.com\/wp-content\/uploads\/2023\/03\/Decio-Lopes-removebg-preview.jpg 300w, https:\/\/cabeolica.com\/wp-content\/uploads\/2023\/03\/Decio-Lopes-removebg-preview-150x150.jpg 150w, https:\/\/cabeolica.com\/wp-content\/uploads\/2023\/03\/Decio-Lopes-removebg-preview-200x200.jpg 200w, https:\/\/cabeolica.com\/wp-content\/uploads\/2023\/03\/Decio-Lopes-removebg-preview-12x12.jpg 12w, https:\/\/cabeolica.com\/wp-content\/uploads\/2023\/03\/Decio-Lopes-removebg-preview-100x100.jpg 100w\" sizes=\"auto, 100vw\" \/><\/div>\n\t\t<\/figure>\n\t<\/div>\n<div class=\"vc_empty_space\"   style=\"height: 32px\"><span class=\"vc_empty_space_inner\"><\/span><\/div><div class=\"title-box  text-left\"><span class=\"title-design\">Santiago Site Representative - Operations and Project Coordinator<\/span><h4 class=\"title\">Ciliana Lima<\/h4><\/div>\n\t<div class=\"wpb_text_column wpb_content_element  no-margin history-details\" >\n\t\t<div class=\"wpb_wrapper\">\n\t\t\t<p style=\"text-align: justify;\">Ciliana Lima holds a bachelor\u00b4s degree in Electrical Engineer from University of Cabo Verde and a Master\u2019s Degree in Electrical and Computer Engineering from the Federal University of Goi\u00e1s.  She has over 8 years of experience in electrical sector in Cabo Verde, and as a staff at ELECTRA, SA she held positions as Head of the Department of Studies, Economic Dispatch, Quality of Energy and Standards as well as Head of the Department of Operation of Electrical Systems at the National Electric Energy Center of Cabo Verde.<\/p>\n\n\t\t<\/div>\n\t<\/div>\n<\/div><\/div><\/div><div class=\"wpb_column vc_column_container vc_col-sm-3\"><div class=\"vc_column-inner\"><div class=\"wpb_wrapper\"><div class=\"vc_empty_space\"   style=\"height: 32px\"><span class=\"vc_empty_space_inner\"><\/span><\/div>\n\t<div  class=\"wpb_single_image wpb_content_element vc_align_left   no-margin\">\n\t\t\n\t\t<figure class=\"wpb_wrapper vc_figure\">\n\t\t\t<div class=\"vc_single_image-wrapper   vc_box_border_grey\"><img loading=\"lazy\" decoding=\"async\" width=\"300\" height=\"300\" src=\"https:\/\/cabeolica.com\/wp-content\/uploads\/2022\/09\/Decio-Lopes-removebg-preview.png\" class=\"vc_single_image-img attachment-full\" alt=\"\" srcset=\"https:\/\/cabeolica.com\/wp-content\/uploads\/2022\/09\/Decio-Lopes-removebg-preview.png 300w, https:\/\/cabeolica.com\/wp-content\/uploads\/2022\/09\/Decio-Lopes-removebg-preview-150x150.png 150w, https:\/\/cabeolica.com\/wp-content\/uploads\/2022\/09\/Decio-Lopes-removebg-preview-100x100.png 100w\" sizes=\"auto, 100vw\" \/><\/div>\n\t\t<\/figure>\n\t<\/div>\n<div class=\"vc_empty_space\"   style=\"height: 32px\"><span class=\"vc_empty_space_inner\"><\/span><\/div><div class=\"title-box  text-left\"><span class=\"title-design\">Sal Site Representative<\/span><h4 class=\"title\">D\u00e9cio Lopes<\/h4><\/div>\n\t<div class=\"wpb_text_column wpb_content_element  no-margin history-details\" >\n\t\t<div class=\"wpb_wrapper\">\n\t\t\t<p style=\"text-align: justify;\">D\u00e9cio Lopes, Mechanical Engineer graduated from the University of Algarve, acquired experience in equipment management as a manager of construction equipment grounds in Cabo Verde. He has more than 10 years as a wind farm manager.<\/p>\n\n\t\t<\/div>\n\t<\/div>\n<\/div><\/div><\/div><div class=\"wpb_column vc_column_container vc_col-sm-3\"><div class=\"vc_column-inner\"><div class=\"wpb_wrapper\"><div class=\"vc_empty_space\"   style=\"height: 32px\"><span class=\"vc_empty_space_inner\"><\/span><\/div>\n\t<div  class=\"wpb_single_image wpb_content_element vc_align_left   no-margin\">\n\t\t\n\t\t<figure class=\"wpb_wrapper vc_figure\">\n\t\t\t<div class=\"vc_single_image-wrapper   vc_box_border_grey\"><img loading=\"lazy\" decoding=\"async\" width=\"300\" height=\"300\" src=\"https:\/\/cabeolica.com\/wp-content\/uploads\/2022\/09\/Jamirson-Soares-removebg-preview.png\" class=\"vc_single_image-img attachment-full\" alt=\"\" srcset=\"https:\/\/cabeolica.com\/wp-content\/uploads\/2022\/09\/Jamirson-Soares-removebg-preview.png 300w, https:\/\/cabeolica.com\/wp-content\/uploads\/2022\/09\/Jamirson-Soares-removebg-preview-150x150.png 150w, https:\/\/cabeolica.com\/wp-content\/uploads\/2022\/09\/Jamirson-Soares-removebg-preview-100x100.png 100w\" sizes=\"auto, 100vw\" \/><\/div>\n\t\t<\/figure>\n\t<\/div>\n<div class=\"vc_empty_space\"   style=\"height: 32px\"><span class=\"vc_empty_space_inner\"><\/span><\/div><div class=\"title-box  text-left\"><span class=\"title-design\">Boa Vista Site Representative \u2013 BoP Coordinator<\/span><h4 class=\"title\">Jamirson Soares<\/h4><\/div>\n\t<div class=\"wpb_text_column wpb_content_element  no-margin history-details\" >\n\t\t<div class=\"wpb_wrapper\">\n\t\t\t<p style=\"text-align: justify;\">Jamirson Soares has a degree in Electrical Engineering from the University of Cape Verde. He gained experience with the participation in the planning project of the Energy and Water sectors for sustainable development, he is a member of the Cabo Verde Renewable Energy Research Group and Renewable Energy Micro production Inspector in Cabo Verde. He has more than nine years as a wind farm manager.<\/p>\n\n\t\t<\/div>\n\t<\/div>\n<\/div><\/div><\/div><div class=\"wpb_column vc_column_container vc_col-sm-3\"><div class=\"vc_column-inner\"><div class=\"wpb_wrapper\"><div class=\"vc_empty_space\"   style=\"height: 32px\"><span class=\"vc_empty_space_inner\"><\/span><\/div>\n\t<div  class=\"wpb_single_image wpb_content_element vc_align_left   no-margin\">\n\t\t\n\t\t<figure class=\"wpb_wrapper vc_figure\">\n\t\t\t<div class=\"vc_single_image-wrapper   vc_box_border_grey\"><img loading=\"lazy\" decoding=\"async\" width=\"271\" height=\"338\" src=\"https:\/\/cabeolica.com\/wp-content\/uploads\/2025\/06\/Hernani_Monteiro.jpg\" class=\"vc_single_image-img attachment-full\" alt=\"\" srcset=\"https:\/\/cabeolica.com\/wp-content\/uploads\/2025\/06\/Hernani_Monteiro.jpg 271w, https:\/\/cabeolica.com\/wp-content\/uploads\/2025\/06\/Hernani_Monteiro-241x300.jpg 241w, https:\/\/cabeolica.com\/wp-content\/uploads\/2025\/06\/Hernani_Monteiro-10x12.jpg 10w\" sizes=\"auto, 100vw\" \/><\/div>\n\t\t<\/figure>\n\t<\/div>\n<div class=\"vc_empty_space\"   style=\"height: 32px\"><span class=\"vc_empty_space_inner\"><\/span><\/div><div class=\"title-box  text-left\"><span class=\"title-design\">S\u00e3o Vicente Site Representative<\/span><h4 class=\"title\">Hern\u00e2ni Monteiro<\/h4><\/div>\n\t<div class=\"wpb_text_column wpb_content_element  no-margin history-details\" >\n\t\t<div class=\"wpb_wrapper\">\n\t\t\t<p style=\"text-align: justify;\">Hern\u00e2ny Monteiro holds a degree in Renewable Energy Engineering from the University of Mindelo and a Master's degree in Electrical Energy and Electrical Engineering from the Polytechnic University of Saint Petersburg. He has experience in the design and installation of renewable energy systems, development of electrical distribution projects , and experience in the maintenance and operation of wind farms . He also has 4 years of experience in teaching and laboratories in the engineering area at the University of Mindelo.<\/p>\n\n\t\t<\/div>\n\t<\/div>\n<\/div><\/div><\/div><\/div>","protected":false},"excerpt":{"rendered":"CEO \u2013 Chief Executive OfficerBruno Lopes Bruno Lopes \u00e9 licenciado em Gest\u00e3o, p\u00f3s-graduado em Auditoria e Mestre em Finan\u00e7as, com mais de 20 anos de experi\u00eancia em gest\u00e3o, gest\u00e3o financeira, auditoria e corporate governance. A sua experi\u00eancia profissional inclui fun\u00e7\u00f5es de CFO na Cabe\u00f3lica, assessor financeiro e diretor geral no Grupo SITA e supervisor na [...]","protected":false},"author":1,"featured_media":0,"parent":0,"menu_order":0,"comment_status":"closed","ping_status":"closed","template":"full-page.php","meta":{"_monsterinsights_skip_tracking":false,"_monsterinsights_sitenote_active":false,"_monsterinsights_sitenote_note":"","_monsterinsights_sitenote_category":0,"footnotes":""},"class_list":["post-4905","page","type-page","status-publish","hentry"],"aioseo_notices":[],"_links":{"self":[{"href":"\/en\/wp-json\/wp\/v2\/pages\/4905","targetHints":{"allow":["GET"]}}],"collection":[{"href":"\/en\/wp-json\/wp\/v2\/pages"}],"about":[{"href":"\/en\/wp-json\/wp\/v2\/types\/page"}],"author":[{"embeddable":true,"href":"\/en\/wp-json\/wp\/v2\/users\/1"}],"replies":[{"embeddable":true,"href":"\/en\/wp-json\/wp\/v2\/comments?post=4905"}],"version-history":[{"count":83,"href":"\/en\/wp-json\/wp\/v2\/pages\/4905\/revisions"}],"predecessor-version":[{"id":6516,"href":"\/en\/wp-json\/wp\/v2\/pages\/4905\/revisions\/6516"}],"wp:attachment":[{"href":"\/en\/wp-json\/wp\/v2\/media?parent=4905"}],"curies":[{"name":"wp","href":"https:\/\/api.w.org\/{rel}","templated":true}]}}