{"id":4530,"date":"2022-08-24T12:02:42","date_gmt":"2022-08-24T12:02:42","guid":{"rendered":"http:\/\/localhost:8888\/wordpress\/?page_id=4530"},"modified":"2023-01-28T17:28:35","modified_gmt":"2023-01-28T17:28:35","slug":"monitorizacao-ambiental","status":"publish","type":"page","link":"\/en\/monitorizacao-ambiental\/","title":{"rendered":"Environmental Monitoring"},"content":{"rendered":"<div class=\"vc_row wpb_row vc_row-fluid\"><div class=\"wpb_column vc_column_container vc_col-sm-12\"><div class=\"vc_column-inner\"><div class=\"wpb_wrapper\"><div class=\"vc_empty_space\"   style=\"height: 32px\"><span class=\"vc_empty_space_inner\"><\/span><\/div><div class=\"vc_empty_space\"   style=\"height: 32px\"><span class=\"vc_empty_space_inner\"><\/span><\/div><\/div><\/div><\/div><\/div><div class=\"vc_row wpb_row vc_row-fluid\"><div class=\"wpb_column vc_column_container vc_col-sm-12\"><div class=\"vc_column-inner\"><div class=\"wpb_wrapper\">\n\t<div class=\"wpb_text_column wpb_content_element  no-margin\" >\n\t\t<div class=\"wpb_wrapper\">\n\t\t\t<p style=\"text-align: justify;\" class=\"translation-block\">Cabe\u00f3lica <strong> monitors various environmental and social guidelines <\/strong> in order <strong> to ensure the well-being of our environment and the community<\/strong>.<\/p>\n<p style=\"text-align: justify;\">Our commitment to sustainable development is reflected in the company's vision, guiding its environmental and social activities.<\/p>\n\n\t\t<\/div>\n\t<\/div>\n<\/div><\/div><\/div><\/div><div class=\"vc_row wpb_row vc_row-fluid\"><div class=\"wpb_column vc_column_container vc_col-sm-12\"><div class=\"vc_column-inner\"><div class=\"wpb_wrapper\"><div class=\"vc_empty_space\"   style=\"height: 32px\"><span class=\"vc_empty_space_inner\"><\/span><\/div><div class=\"vc_empty_space\"   style=\"height: 32px\"><span class=\"vc_empty_space_inner\"><\/span><\/div><\/div><\/div><\/div><\/div><div class=\"vc_row wpb_row vc_row-fluid vc_custom_1564573773033\"><div class=\"wpb_column vc_column_container vc_col-sm-6\"><div class=\"vc_column-inner\"><div class=\"wpb_wrapper\">\n\t<div  class=\"wpb_single_image wpb_content_element vc_align_center   services-finance-img mt-5 mt-lg-0 mt-md-5\">\n\t\t\n\t\t<figure class=\"wpb_wrapper vc_figure\">\n\t\t\t<div class=\"vc_single_image-wrapper   vc_box_border_grey\"><img loading=\"lazy\" decoding=\"async\" width=\"2560\" height=\"1707\" src=\"https:\/\/cabeolica.com\/wp-content\/uploads\/2022\/11\/parque-eolicos_12.jpg\" class=\"vc_single_image-img attachment-full\" alt=\"\" srcset=\"https:\/\/cabeolica.com\/wp-content\/uploads\/2022\/11\/parque-eolicos_12.jpg 2560w, https:\/\/cabeolica.com\/wp-content\/uploads\/2022\/11\/parque-eolicos_12-300x200.jpg 300w, https:\/\/cabeolica.com\/wp-content\/uploads\/2022\/11\/parque-eolicos_12-1024x683.jpg 1024w, https:\/\/cabeolica.com\/wp-content\/uploads\/2022\/11\/parque-eolicos_12-768x512.jpg 768w, https:\/\/cabeolica.com\/wp-content\/uploads\/2022\/11\/parque-eolicos_12-1536x1024.jpg 1536w, https:\/\/cabeolica.com\/wp-content\/uploads\/2022\/11\/parque-eolicos_12-2048x1366.jpg 2048w\" sizes=\"auto, 100vw\" \/><\/div>\n\t\t<\/figure>\n\t<\/div>\n<\/div><\/div><\/div><div class=\"wpb_column vc_column_container vc_col-sm-6\"><div class=\"vc_column-inner\"><div class=\"wpb_wrapper\"><div class=\"vc_empty_space\"   style=\"height: 32px\"><span class=\"vc_empty_space_inner\"><\/span><\/div>\n\t<div class=\"wpb_text_column wpb_content_element  no-margin\" >\n\t\t<div class=\"wpb_wrapper\">\n\t\t\t<p style=\"text-align: justify;\">Cabe\u00f3lica is <strong>the leading producer of renewable energy\u00a0<\/strong>in Cape Verde's energy matrix, <strong>producing substantial<\/strong>amounts of clean energy for the national grids.<\/p>\n<div class=\"elementor-element elementor-element-4d58c66 elementor-widget elementor-widget-text-editor\" data-id=\"4d58c66\" data-element_type=\"widget\" data-widget_type=\"text-editor.default\">\n<div class=\"elementor-widget-container\">\n<div class=\"elementor-text-editor elementor-clearfix\">\n<p style=\"text-align: justify;\">Over the years, the company remains <strong>committed to increasing its participation and contribution<\/strong> <strong>to environmental<\/strong> and social sustainability.<\/p>\n<\/div>\n<\/div>\n<\/div>\n\n\t\t<\/div>\n\t<\/div>\n<\/div><\/div><\/div><\/div><div class=\"vc_row wpb_row vc_row-fluid\"><div class=\"wpb_column vc_column_container vc_col-sm-12\"><div class=\"vc_column-inner\"><div class=\"wpb_wrapper\"><div class=\"vc_empty_space\"   style=\"height: 32px\"><span class=\"vc_empty_space_inner\"><\/span><\/div><div class=\"vc_empty_space\"   style=\"height: 32px\"><span class=\"vc_empty_space_inner\"><\/span><\/div><\/div><\/div><\/div><\/div><div data-vc-full-width=\"true\" data-vc-full-width-init=\"false\" data-vc-parallax=\"1.5\" data-vc-parallax-image=\"https:\/\/cabeolica.com\/wp-content\/uploads\/2022\/08\/banner.png\" class=\"vc_row wpb_row vc_row-fluid vc_row-has-fill vc_row-o-content-middle vc_row-flex vc_general vc_parallax vc_parallax-content-moving\"><div class=\"wpb_column vc_column_container vc_col-sm-12\"><div class=\"vc_column-inner\"><div class=\"wpb_wrapper\"><div class=\"vc_empty_space\"   style=\"height: 32px\"><span class=\"vc_empty_space_inner\"><\/span><\/div><div class=\"title-box text-white  text-center\"><span class=\"title-design sub-title\">WE FIRMLY BELIEVE IN THE IMPORTANCE OF THE WELL-BEING OF OUR ENVIRONMENT AND COMMUNITY<\/span><h2 class=\"title\">and this belief is an important aspect of our corporate values.<\/h2><\/div><div class=\"vc_empty_space\"   style=\"height: 32px\"><span class=\"vc_empty_space_inner\"><\/span><\/div><\/div><\/div><\/div><\/div><div class=\"vc_row-full-width vc_clearfix\"><\/div><div class=\"vc_row wpb_row vc_row-fluid\"><div class=\"wpb_column vc_column_container vc_col-sm-12\"><div class=\"vc_column-inner\"><div class=\"wpb_wrapper\"><div class=\"vc_empty_space\"   style=\"height: 32px\"><span class=\"vc_empty_space_inner\"><\/span><\/div><div class=\"vc_empty_space\"   style=\"height: 32px\"><span class=\"vc_empty_space_inner\"><\/span><\/div><\/div><\/div><\/div><\/div><div class=\"vc_row wpb_row vc_row-fluid services-advanced vc_custom_1564562799388\"><div class=\"wpb_column vc_column_container vc_col-sm-12\"><div class=\"vc_column-inner\"><div class=\"wpb_wrapper\"><div class=\"title-box  text-center\"><span class=\"title-design\">THE FACTORS UNDER MONITORING<\/span><h2 class=\"title\">of the environmental and social guidelines are:<\/h2><\/div><div class=\"vc_empty_space\"   style=\"height: 32px\"><span class=\"vc_empty_space_inner\"><\/span><\/div><div class=\"vc_empty_space\"   style=\"height: 32px\"><span class=\"vc_empty_space_inner\"><\/span><\/div><div class=\"vc_row wpb_row vc_inner vc_row-fluid\"><div class=\"wpb_column vc_column_container vc_col-sm-6 vc_col-lg-6 vc_col-md-6\"><div class=\"vc_column-inner\"><div class=\"wpb_wrapper\">\r\n\t\t<div class=\"service-box text-black text-\">\r\n\t\t\t<img decoding=\"async\" src=\"https:\/\/cabeolica.com\/wp-content\/uploads\/2022\/08\/VENTO-150x150.png\" alt=\"fancybox\" \/>\r\n            <div class=\"service-detail align-self-center\"><h4 class=\"mb-2\">Air Quality<\/h4>\r\n\t\t    <\/div>\r\n        <\/div><\/div><\/div><\/div><div class=\"wpb_column vc_column_container vc_col-sm-6 vc_col-lg-6 vc_col-md-6\"><div class=\"vc_column-inner\"><div class=\"wpb_wrapper\">\r\n\t\t<div class=\"service-box  text-\">\r\n\t\t\t<img decoding=\"async\" src=\"https:\/\/cabeolica.com\/wp-content\/uploads\/2022\/08\/paisagem-150x150.png\" alt=\"fancybox\" \/>\r\n            <div class=\"service-detail align-self-center\"><h4 class=\"mb-2\">Landscape<\/h4>\r\n\t\t    <\/div>\r\n        <\/div><\/div><\/div><\/div><\/div><div class=\"vc_row wpb_row vc_inner vc_row-fluid\"><div class=\"wpb_column vc_column_container vc_col-sm-6 vc_col-lg-6 vc_col-md-6\"><div class=\"vc_column-inner\"><div class=\"wpb_wrapper\">\r\n\t\t<div class=\"service-box  text-\">\r\n\t\t\t<img decoding=\"async\" src=\"https:\/\/cabeolica.com\/wp-content\/uploads\/2022\/08\/FAUNE-FLORA4-150x150.png\" alt=\"fancybox\" \/>\r\n            <div class=\"service-detail align-self-center\"><h4 class=\"mb-2\">Fauna and flora<\/h4>\r\n\t\t    <\/div>\r\n        <\/div><\/div><\/div><\/div><div class=\"wpb_column vc_column_container vc_col-sm-6 vc_col-lg-6 vc_col-md-6\"><div class=\"vc_column-inner\"><div class=\"wpb_wrapper\">\r\n\t\t<div class=\"service-box  text-\">\r\n\t\t\t<img decoding=\"async\" src=\"https:\/\/cabeolica.com\/wp-content\/uploads\/2022\/08\/saude-150x150.png\" alt=\"fancybox\" \/>\r\n            <div class=\"service-detail align-self-center\"><h4 class=\"mb-2\">Health &amp; Safety<\/h4>\r\n\t\t    <\/div>\r\n        <\/div><\/div><\/div><\/div><\/div><div class=\"vc_row wpb_row vc_inner vc_row-fluid\"><div class=\"wpb_column vc_column_container vc_col-sm-6 vc_col-lg-6 vc_col-md-6\"><div class=\"vc_column-inner\"><div class=\"wpb_wrapper\">\r\n\t\t<div class=\"service-box  text-\">\r\n\t\t\t<img decoding=\"async\" src=\"https:\/\/cabeolica.com\/wp-content\/uploads\/2022\/08\/vegetais-150x150.png\" alt=\"fancybox\" \/>\r\n            <div class=\"service-detail align-self-center\"><h4 class=\"mb-2\">Vegetation and Habitats<\/h4>\r\n\t\t    <\/div>\r\n        <\/div><\/div><\/div><\/div><div class=\"wpb_column vc_column_container vc_col-sm-6 vc_col-lg-6 vc_col-md-6\"><div class=\"vc_column-inner\"><div class=\"wpb_wrapper\">\r\n\t\t<div class=\"service-box  text-\">\r\n\t\t\t<img decoding=\"async\" src=\"https:\/\/cabeolica.com\/wp-content\/uploads\/2022\/08\/desenvolmimento-150x150.png\" alt=\"fancybox\" \/>\r\n            <div class=\"service-detail align-self-center\"><h4 class=\"mb-2\">Human Resources Development<\/h4>\r\n\t\t    <\/div>\r\n        <\/div><\/div><\/div><\/div><\/div><div class=\"vc_row wpb_row vc_inner vc_row-fluid\"><div class=\"wpb_column vc_column_container vc_col-sm-6 vc_col-lg-6 vc_col-md-6\"><div class=\"vc_column-inner\"><div class=\"wpb_wrapper\">\r\n\t\t<div class=\"service-box  text-\">\r\n\t\t\t<img decoding=\"async\" src=\"https:\/\/cabeolica.com\/wp-content\/uploads\/2022\/08\/solo-150x150.png\" alt=\"fancybox\" \/>\r\n            <div class=\"service-detail align-self-center\"><h4 class=\"mb-2\">Soil and Waste Management<\/h4>\r\n\t\t    <\/div>\r\n        <\/div><\/div><\/div><\/div><div class=\"wpb_column vc_column_container vc_col-sm-6 vc_col-lg-6 vc_col-md-6\"><div class=\"vc_column-inner\"><div class=\"wpb_wrapper\">\r\n\t\t<div class=\"service-box  text-\">\r\n\t\t\t<img decoding=\"async\" src=\"https:\/\/cabeolica.com\/wp-content\/uploads\/2022\/08\/economico-150x150.png\" alt=\"fancybox\" \/>\r\n            <div class=\"service-detail align-self-center\"><h4 class=\"mb-2\">Training and economic and social stimulation<\/h4>\r\n\t\t    <\/div>\r\n        <\/div><\/div><\/div><\/div><\/div><\/div><\/div><\/div><\/div><div class=\"vc_row wpb_row vc_row-fluid\"><div class=\"wpb_column vc_column_container vc_col-sm-12\"><div class=\"vc_column-inner\"><div class=\"wpb_wrapper\"><div class=\"vc_empty_space\"   style=\"height: 32px\"><span class=\"vc_empty_space_inner\"><\/span><\/div><div class=\"vc_empty_space\"   style=\"height: 32px\"><span class=\"vc_empty_space_inner\"><\/span><\/div><\/div><\/div><\/div><\/div><div class=\"vc_row wpb_row vc_row-fluid\"><div class=\"wpb_column vc_column_container vc_col-sm-12\"><div class=\"vc_column-inner\"><div class=\"wpb_wrapper\">\n\t<div class=\"wpb_text_column wpb_content_element\" >\n\t\t<div class=\"wpb_wrapper\">\n\t\t\t<p style=\"text-align: center;\">Os<strong> The results of the monitoring<\/strong> of these indicators are presented every year <strong>in an Annual Monitoring Report.<\/strong>.<\/p>\n\n\t\t<\/div>\n\t<\/div>\n<\/div><\/div><\/div><\/div><div class=\"vc_row wpb_row vc_row-fluid\"><div class=\"wpb_column vc_column_container vc_col-sm-6\"><div class=\"vc_column-inner\"><div class=\"wpb_wrapper\">\n\t<div  class=\"wpb_single_image wpb_content_element vc_align_left\">\n\t\t\n\t\t<figure class=\"wpb_wrapper vc_figure\">\n\t\t\t<div class=\"vc_single_image-wrapper   vc_box_border_grey\"><img loading=\"lazy\" decoding=\"async\" width=\"500\" height=\"300\" src=\"https:\/\/cabeolica.com\/wp-content\/uploads\/2022\/09\/Monitorizacao_2-mik9uchi0ccm90qsqzwqesbzenufkje9f3hqrxx12w.jpg\" class=\"vc_single_image-img attachment-full\" alt=\"\" srcset=\"https:\/\/cabeolica.com\/wp-content\/uploads\/2022\/09\/Monitorizacao_2-mik9uchi0ccm90qsqzwqesbzenufkje9f3hqrxx12w.jpg 500w, https:\/\/cabeolica.com\/wp-content\/uploads\/2022\/09\/Monitorizacao_2-mik9uchi0ccm90qsqzwqesbzenufkje9f3hqrxx12w-300x180.jpg 300w\" sizes=\"auto, 100vw\" \/><\/div>\n\t\t<\/figure>\n\t<\/div>\n<\/div><\/div><\/div><div class=\"wpb_column vc_column_container vc_col-sm-6\"><div class=\"vc_column-inner\"><div class=\"wpb_wrapper\">\n\t<div class=\"wpb_text_column wpb_content_element\" >\n\t\t<div class=\"wpb_wrapper\">\n\t\t\t<div class=\"elementor-element elementor-element-e074197 elementor-widget elementor-widget-text-editor\" data-id=\"e074197\" data-element_type=\"widget\" data-widget_type=\"text-editor.default\">\n<div class=\"elementor-widget-container\">\n<div class=\"elementor-text-editor elementor-clearfix\">\n<div class=\"wpb_text_column\">\n<div class=\"wpb_wrapper\" style=\"text-align: justify;\"><strong>Cabe\u00f3lica's concern<\/strong> <strong>for the environment<\/strong> began during the pre-construction phase, when several studies were carried out in order to, firstly, responsibly identify, <strong>in coordination<\/strong>with all relevant agencies, the locations for its four wind farms and, secondly,<strong> to better structure its Environmental and Social Management Plan (ESMP)<\/strong> according to the needs <strong>concerning the<\/strong> areas of intervention and surroundings.<\/div>\n<\/div>\n<\/div>\n<\/div>\n<\/div>\n<div class=\"elementor-element elementor-element-8ba72c7 elementor-widget elementor-widget-text-editor\" data-id=\"8ba72c7\" data-element_type=\"widget\" data-widget_type=\"text-editor.default\">\n<div class=\"elementor-widget-container\">\n<div class=\"elementor-text-editor elementor-clearfix\">\n<p style=\"text-align: left;\">These measures were taken <strong>with the aim of reducing the company's ecological impact as much as possible.<\/strong><\/p>\n<\/div>\n<\/div>\n<\/div>\n\n\t\t<\/div>\n\t<\/div>\n<\/div><\/div><\/div><\/div><div class=\"vc_row wpb_row vc_row-fluid\"><div class=\"wpb_column vc_column_container vc_col-sm-6\"><div class=\"vc_column-inner\"><div class=\"wpb_wrapper\">\n\t<div  class=\"wpb_single_image wpb_content_element vc_align_left\">\n\t\t\n\t\t<figure class=\"wpb_wrapper vc_figure\">\n\t\t\t<div class=\"vc_single_image-wrapper   vc_box_border_grey\"><img loading=\"lazy\" decoding=\"async\" width=\"500\" height=\"300\" src=\"https:\/\/cabeolica.com\/wp-content\/uploads\/2022\/09\/Parque-Cabeolica-mindelo-by-nivaldo-medina-22-scaled-p2kio3ex17mcdgfhem26u10vif1qwnqmdohrv3oxx4.jpg\" class=\"vc_single_image-img attachment-full\" alt=\"\" srcset=\"https:\/\/cabeolica.com\/wp-content\/uploads\/2022\/09\/Parque-Cabeolica-mindelo-by-nivaldo-medina-22-scaled-p2kio3ex17mcdgfhem26u10vif1qwnqmdohrv3oxx4.jpg 500w, https:\/\/cabeolica.com\/wp-content\/uploads\/2022\/09\/Parque-Cabeolica-mindelo-by-nivaldo-medina-22-scaled-p2kio3ex17mcdgfhem26u10vif1qwnqmdohrv3oxx4-300x180.jpg 300w\" sizes=\"auto, 100vw\" \/><\/div>\n\t\t<\/figure>\n\t<\/div>\n<\/div><\/div><\/div><div class=\"wpb_column vc_column_container vc_col-sm-6\"><div class=\"vc_column-inner\"><div class=\"wpb_wrapper\">\n\t<div class=\"wpb_text_column wpb_content_element\" >\n\t\t<div class=\"wpb_wrapper\">\n\t\t\t<div class=\"elementor-element elementor-element-e074197 elementor-widget elementor-widget-text-editor\" data-id=\"e074197\" data-element_type=\"widget\" data-widget_type=\"text-editor.default\">\n<div class=\"elementor-widget-container\">\n<div class=\"elementor-text-editor elementor-clearfix\">\n<div class=\"wpb_text_column\">\n<div class=\"wpb_wrapper\" style=\"text-align: justify;\">\n<div class=\"elementor-element elementor-element-72a726e elementor-widget elementor-widget-text-editor\" data-id=\"72a726e\" data-element_type=\"widget\" data-widget_type=\"text-editor.default\">\n<div class=\"elementor-widget-container\">\n<div class=\"elementor-text-editor elementor-clearfix\">\n<div class=\"wpb_text_column\">\n<div class=\"wpb_wrapper\"><strong>The ESMP,<\/strong>which extends over a 20-year period, <strong>includes the potential environmental and social<\/strong> impacts anticipated during the construction, operation, and <strong>decommissioning phases of the project, and the mitigation measures to be taken<\/strong>in order to minimize or, ideally, prevent them.<\/div>\n<\/div>\n<\/div>\n<\/div>\n<\/div>\n<div class=\"elementor-element elementor-element-c866426 elementor-widget elementor-widget-text-editor\" data-id=\"c866426\" data-element_type=\"widget\" data-widget_type=\"text-editor.default\">\n<div class=\"elementor-widget-container\">\n<div class=\"elementor-text-editor elementor-clearfix\">\n<p>The ESMP, <strong>also includes measures for social and ecological improvements,<\/strong>as well as a conservation management plan, which aim to go beyond the company's direct obligations and provide overall positive benefits for Cape Verde's environmental sustainability.<\/p>\n<\/div>\n<\/div>\n<\/div>\n<div class=\"elementor-element elementor-element-a500933 elementor-widget elementor-widget-text-editor\" data-id=\"a500933\" data-element_type=\"widget\" data-widget_type=\"text-editor.default\">\n<div class=\"elementor-widget-container\">\n<div class=\"elementor-text-editor elementor-clearfix\">\n<p><strong>The main environmental impacts<\/strong> expected from the injection of power into the grid <strong>are identified and monitored<\/strong> on an ongoing basis to ensure the successful implementation of the ESMP measures.<\/p>\n<\/div>\n<\/div>\n<\/div>\n<\/div>\n<\/div>\n<\/div>\n<\/div>\n<\/div>\n\n\t\t<\/div>\n\t<\/div>\n<\/div><\/div><\/div><\/div><div class=\"vc_row wpb_row vc_row-fluid\"><div class=\"wpb_column vc_column_container vc_col-sm-12\"><div class=\"vc_column-inner\"><div class=\"wpb_wrapper\"><div class=\"vc_empty_space\"   style=\"height: 32px\"><span class=\"vc_empty_space_inner\"><\/span><\/div><div class=\"vc_empty_space\"   style=\"height: 32px\"><span class=\"vc_empty_space_inner\"><\/span><\/div><\/div><\/div><\/div><\/div>","protected":false},"excerpt":{"rendered":"A Cabe\u00f3lica faz monitoramento de v\u00e1rias diretrizes ambientais e sociais de forma a garantir o bem-estar do nosso meio ambiente e da comunidade. O nosso compromisso com o desenvolvimento sustent\u00e1vel reflete-se na vis\u00e3o da empresa, orientando as suas atividades ambientais e sociais. A Cabe\u00f3lica \u00e9 a principal produtora de energias renov\u00e1veis\u00a0na matriz energ\u00e9tica de Cabo [...]","protected":false},"author":1,"featured_media":0,"parent":0,"menu_order":0,"comment_status":"closed","ping_status":"closed","template":"full-page.php","meta":{"_monsterinsights_skip_tracking":false,"_monsterinsights_sitenote_active":false,"_monsterinsights_sitenote_note":"","_monsterinsights_sitenote_category":0,"footnotes":""},"class_list":["post-4530","page","type-page","status-publish","hentry"],"aioseo_notices":[],"_links":{"self":[{"href":"\/en\/wp-json\/wp\/v2\/pages\/4530","targetHints":{"allow":["GET"]}}],"collection":[{"href":"\/en\/wp-json\/wp\/v2\/pages"}],"about":[{"href":"\/en\/wp-json\/wp\/v2\/types\/page"}],"author":[{"embeddable":true,"href":"\/en\/wp-json\/wp\/v2\/users\/1"}],"replies":[{"embeddable":true,"href":"\/en\/wp-json\/wp\/v2\/comments?post=4530"}],"version-history":[{"count":67,"href":"\/en\/wp-json\/wp\/v2\/pages\/4530\/revisions"}],"predecessor-version":[{"id":6086,"href":"\/en\/wp-json\/wp\/v2\/pages\/4530\/revisions\/6086"}],"wp:attachment":[{"href":"\/en\/wp-json\/wp\/v2\/media?parent=4530"}],"curies":[{"name":"wp","href":"https:\/\/api.w.org\/{rel}","templated":true}]}}