{"id":4514,"date":"2022-08-24T11:35:36","date_gmt":"2022-08-24T11:35:36","guid":{"rendered":"http:\/\/localhost:8888\/wordpress\/?page_id=4514"},"modified":"2023-01-28T17:40:26","modified_gmt":"2023-01-28T17:40:26","slug":"o-que-e-responsabilidade-ambiental","status":"publish","type":"page","link":"\/en\/o-que-e-responsabilidade-ambiental\/","title":{"rendered":"What is it?"},"content":{"rendered":"<div class=\"vc_row wpb_row vc_row-fluid\"><div class=\"wpb_column vc_column_container vc_col-sm-12\"><div class=\"vc_column-inner\"><div class=\"wpb_wrapper\"><div class=\"vc_empty_space\"   style=\"height: 32px\"><span class=\"vc_empty_space_inner\"><\/span><\/div><div class=\"vc_empty_space\"   style=\"height: 32px\"><span class=\"vc_empty_space_inner\"><\/span><\/div><\/div><\/div><\/div><\/div><div class=\"vc_row wpb_row vc_row-fluid\"><div class=\"wpb_column vc_column_container vc_col-sm-12\"><div class=\"vc_column-inner\"><div class=\"wpb_wrapper\"><h2 style=\"text-align: center\" class=\"vc_custom_heading\" >Environmental Responsability<\/h2><div class=\"vc_empty_space\"   style=\"height: 32px\"><span class=\"vc_empty_space_inner\"><\/span><\/div>\n\t<div class=\"wpb_text_column wpb_content_element  vc_custom_1674926025357\" >\n\t\t<div class=\"wpb_wrapper\">\n\t\t\t<div class=\"elementor-element elementor-element-9358e35 elementor-widget elementor-widget-text-editor\" data-id=\"9358e35\" data-element_type=\"widget\" data-widget_type=\"text-editor.default\">\n<div class=\"elementor-widget-container\">\n<div class=\"elementor-text-editor elementor-clearfix\">\n<p style=\"text-align: justify;\">Environmental Responsibility is a set of attitudes, individual or corporate, aimed at the Sustainable Development of the planet, which means, environment protection and economic growth.<\/p>\n<\/div>\n<\/div>\n<\/div>\n\n\t\t<\/div>\n\t<\/div>\n<div class=\"vc_empty_space\"   style=\"height: 32px\"><span class=\"vc_empty_space_inner\"><\/span><\/div>\n\t<div class=\"wpb_text_column wpb_content_element  vc_custom_1674927515220\" >\n\t\t<div class=\"wpb_wrapper\">\n\t\t\t<div class=\"elementor-element elementor-element-9358e35 elementor-widget elementor-widget-text-editor\" data-id=\"9358e35\" data-element_type=\"widget\" data-widget_type=\"text-editor.default\">\n<div class=\"elementor-widget-container\">\n<div class=\"elementor-text-editor elementor-clearfix\">\n<p style=\"text-align: justify;\">The preservation of local biodiversity is one of the main goals of Cabeolica and, for this reason, it has contributed to several projects to protect species of animals that live in and around wind farms.<\/p>\n<\/div>\n<\/div>\n<\/div>\n\n\t\t<\/div>\n\t<\/div>\n<div class=\"vc_empty_space\"   style=\"height: 32px\"><span class=\"vc_empty_space_inner\"><\/span><\/div>\n\t<div class=\"wpb_text_column wpb_content_element  vc_custom_1674927603162\" >\n\t\t<div class=\"wpb_wrapper\">\n\t\t\t<div class=\"elementor-element elementor-element-9358e35 elementor-widget elementor-widget-text-editor\" data-id=\"9358e35\" data-element_type=\"widget\" data-widget_type=\"text-editor.default\">\n<div class=\"elementor-widget-container\">\n<div class=\"elementor-text-editor elementor-clearfix\">\n<p style=\"text-align: justify;\">To improve the population well-being on all the islands where it has a presence in Cape Verde, Cabe\u00f3lica is involved in various activities that make a positive contribution to society. Find out here, what you can do to help too!<\/p>\n<\/div>\n<\/div>\n<\/div>\n\n\t\t<\/div>\n\t<\/div>\n<div class=\"vc_empty_space\"   style=\"height: 32px\"><span class=\"vc_empty_space_inner\"><\/span><\/div>\n\t<div class=\"wpb_text_column wpb_content_element  vc_custom_1674927624625\" >\n\t\t<div class=\"wpb_wrapper\">\n\t\t\t<div class=\"elementor-element elementor-element-9358e35 elementor-widget elementor-widget-text-editor\" data-id=\"9358e35\" data-element_type=\"widget\" data-widget_type=\"text-editor.default\">\n<div class=\"elementor-widget-container\">\n<div class=\"elementor-text-editor elementor-clearfix\">\n<p style=\"text-align: justify;\">Cabeolica is the biggest source of greenhouse gas emission reduction in Cape Verde. In these reports you can see the importance of the company's role in achieving the goals of sustainable energy in the country.<\/p>\n<\/div>\n<\/div>\n<\/div>\n\n\t\t<\/div>\n\t<\/div>\n<\/div><\/div><\/div><\/div><div class=\"vc_row wpb_row vc_row-fluid vc_custom_1576904220582\"><div class=\"wpb_column vc_column_container vc_col-sm-12\"><div class=\"vc_column-inner\"><div class=\"wpb_wrapper\"><div class=\"vc_empty_space\"   style=\"height: 32px\"><span class=\"vc_empty_space_inner\"><\/span><\/div><\/div><\/div><\/div><\/div><div class=\"vc_row wpb_row vc_row-fluid\"><div class=\"wpb_column vc_column_container vc_col-sm-12\"><div class=\"vc_column-inner\"><div class=\"wpb_wrapper\"><div class=\"vc_empty_space\"   style=\"height: 32px\"><span class=\"vc_empty_space_inner\"><\/span><\/div><div class=\"vc_empty_space\"   style=\"height: 32px\"><span class=\"vc_empty_space_inner\"><\/span><\/div><\/div><\/div><\/div><\/div><div class=\"vc_row wpb_row vc_row-fluid\"><div class=\"wpb_column vc_column_container vc_col-sm-4\"><div class=\"vc_column-inner\"><div class=\"wpb_wrapper\"><div class=\"title-box  text-left\"><span class=\"title-design\">Environmental Monitoring<\/span><\/div>\n\t<div  class=\"wpb_single_image wpb_content_element vc_align_center\">\n\t\t\n\t\t<figure class=\"wpb_wrapper vc_figure\">\n\t\t\t<div class=\"vc_single_image-wrapper vc_box_rounded  vc_box_border_grey\"><img loading=\"lazy\" decoding=\"async\" width=\"1080\" height=\"1080\" src=\"https:\/\/cabeolica.com\/wp-content\/uploads\/2022\/08\/monitorizacao-ambiantal.jpg\" class=\"vc_single_image-img attachment-full\" alt=\"\" srcset=\"https:\/\/cabeolica.com\/wp-content\/uploads\/2022\/08\/monitorizacao-ambiantal.jpg 1080w, https:\/\/cabeolica.com\/wp-content\/uploads\/2022\/08\/monitorizacao-ambiantal-300x300.jpg 300w, https:\/\/cabeolica.com\/wp-content\/uploads\/2022\/08\/monitorizacao-ambiantal-1024x1024.jpg 1024w, https:\/\/cabeolica.com\/wp-content\/uploads\/2022\/08\/monitorizacao-ambiantal-150x150.jpg 150w, https:\/\/cabeolica.com\/wp-content\/uploads\/2022\/08\/monitorizacao-ambiantal-768x768.jpg 768w, https:\/\/cabeolica.com\/wp-content\/uploads\/2022\/08\/monitorizacao-ambiantal-100x100.jpg 100w\" sizes=\"auto, 100vw\" \/><\/div>\n\t\t<\/figure>\n\t<\/div>\n\n\t<div class=\"wpb_text_column wpb_content_element\" >\n\t\t<div class=\"wpb_wrapper\">\n\t\t\t<p style=\"text-align: justify;\">Cabe\u00f3lica monitors\u00a0<b>various environmental\u00a0<\/b><strong>and social guidelines in order to ensure the well-being<\/strong> of our environment and the community.<\/p>\n\n\t\t<\/div>\n\t<\/div>\n<div class=\"vc_btn3-container vc_btn3-center\" ><a class=\"vc_general vc_btn3 vc_btn3-size-md vc_btn3-shape-rounded vc_btn3-style-modern vc_btn3-color-primary\" href=\"\/en\/monitorizacao-ambiental\/\" title=\"ENERGY TRANSPORT\">MORE<\/a><\/div><div class=\"vc_empty_space\"   style=\"height: 32px\"><span class=\"vc_empty_space_inner\"><\/span><\/div><\/div><\/div><\/div><div class=\"wpb_column vc_column_container vc_col-sm-4\"><div class=\"vc_column-inner\"><div class=\"wpb_wrapper\"><div class=\"title-box  text-left\"><span class=\"title-design\">CO2 Reduction<\/span><\/div>\n\t<div  class=\"wpb_single_image wpb_content_element vc_align_center\">\n\t\t\n\t\t<figure class=\"wpb_wrapper vc_figure\">\n\t\t\t<div class=\"vc_single_image-wrapper vc_box_rounded  vc_box_border_grey\"><img loading=\"lazy\" decoding=\"async\" width=\"1080\" height=\"1080\" src=\"https:\/\/cabeolica.com\/wp-content\/uploads\/2022\/08\/reducao-co2.jpg\" class=\"vc_single_image-img attachment-full\" alt=\"\" srcset=\"https:\/\/cabeolica.com\/wp-content\/uploads\/2022\/08\/reducao-co2.jpg 1080w, https:\/\/cabeolica.com\/wp-content\/uploads\/2022\/08\/reducao-co2-300x300.jpg 300w, https:\/\/cabeolica.com\/wp-content\/uploads\/2022\/08\/reducao-co2-1024x1024.jpg 1024w, https:\/\/cabeolica.com\/wp-content\/uploads\/2022\/08\/reducao-co2-150x150.jpg 150w, https:\/\/cabeolica.com\/wp-content\/uploads\/2022\/08\/reducao-co2-768x768.jpg 768w, https:\/\/cabeolica.com\/wp-content\/uploads\/2022\/08\/reducao-co2-100x100.jpg 100w\" sizes=\"auto, 100vw\" \/><\/div>\n\t\t<\/figure>\n\t<\/div>\n\n\t<div class=\"wpb_text_column wpb_content_element\" >\n\t\t<div class=\"wpb_wrapper\">\n\t\t\t<p style=\"text-align: justify;\">In the fight against climate change and the reduction of CO2, Cabe\u00f3lica, with the <strong>generation of clean energy,<\/strong>helps the country with its responsibility of sustainable development.<\/p>\n\n\t\t<\/div>\n\t<\/div>\n<div class=\"vc_btn3-container vc_btn3-center\" ><a class=\"vc_general vc_btn3 vc_btn3-size-md vc_btn3-shape-rounded vc_btn3-style-modern vc_btn3-color-primary\" href=\"\/en\/reducao-de-co2\/\" title=\"Wind Turbines\">MORE<\/a><\/div><div class=\"vc_empty_space\"   style=\"height: 32px\"><span class=\"vc_empty_space_inner\"><\/span><\/div><\/div><\/div><\/div><div class=\"wpb_column vc_column_container vc_col-sm-4\"><div class=\"vc_column-inner\"><div class=\"wpb_wrapper\"><div class=\"title-box  text-left\"><span class=\"title-design\">CDM Project<\/span><\/div>\n\t<div  class=\"wpb_single_image wpb_content_element vc_align_center\">\n\t\t\n\t\t<figure class=\"wpb_wrapper vc_figure\">\n\t\t\t<div class=\"vc_single_image-wrapper vc_box_rounded  vc_box_border_grey\"><img loading=\"lazy\" decoding=\"async\" width=\"1080\" height=\"1080\" src=\"https:\/\/cabeolica.com\/wp-content\/uploads\/2022\/08\/projeto-CDM.jpg\" class=\"vc_single_image-img attachment-full\" alt=\"\" srcset=\"https:\/\/cabeolica.com\/wp-content\/uploads\/2022\/08\/projeto-CDM.jpg 1080w, https:\/\/cabeolica.com\/wp-content\/uploads\/2022\/08\/projeto-CDM-300x300.jpg 300w, https:\/\/cabeolica.com\/wp-content\/uploads\/2022\/08\/projeto-CDM-1024x1024.jpg 1024w, https:\/\/cabeolica.com\/wp-content\/uploads\/2022\/08\/projeto-CDM-150x150.jpg 150w, https:\/\/cabeolica.com\/wp-content\/uploads\/2022\/08\/projeto-CDM-768x768.jpg 768w, https:\/\/cabeolica.com\/wp-content\/uploads\/2022\/08\/projeto-CDM-100x100.jpg 100w\" sizes=\"auto, 100vw\" \/><\/div>\n\t\t<\/figure>\n\t<\/div>\n\n\t<div class=\"wpb_text_column wpb_content_element\" >\n\t\t<div class=\"wpb_wrapper\">\n\t\t\t<p style=\"text-align: justify;\">Created under the Kyoto Protocol, the Clean Development Mechanism Project aims <strong>at reducing greenhouse gas emissions<\/strong> and fighting climate change.<\/p>\n\n\t\t<\/div>\n\t<\/div>\n<div class=\"vc_btn3-container vc_btn3-center\" ><a class=\"vc_general vc_btn3 vc_btn3-size-md vc_btn3-shape-rounded vc_btn3-style-modern vc_btn3-color-primary\" href=\"\/en\/projeto-cdm\/\" title=\"Wind Turbines\">MORE<\/a><\/div><div class=\"vc_empty_space\"   style=\"height: 32px\"><span class=\"vc_empty_space_inner\"><\/span><\/div><\/div><\/div><\/div><\/div><div class=\"vc_row wpb_row vc_row-fluid\"><div class=\"wpb_column vc_column_container vc_col-sm-12\"><div class=\"vc_column-inner\"><div class=\"wpb_wrapper\"><div class=\"vc_empty_space\"   style=\"height: 32px\"><span class=\"vc_empty_space_inner\"><\/span><\/div><div class=\"vc_empty_space\"   style=\"height: 32px\"><span class=\"vc_empty_space_inner\"><\/span><\/div><\/div><\/div><\/div><\/div><div class=\"vc_row wpb_row vc_row-fluid\"><div class=\"wpb_column vc_column_container vc_col-sm-4\"><div class=\"vc_column-inner\"><div class=\"wpb_wrapper\"><div class=\"title-box  text-left\"><span class=\"title-design\">Biodiversity<\/span><\/div>\n\t<div  class=\"wpb_single_image wpb_content_element vc_align_center\">\n\t\t\n\t\t<figure class=\"wpb_wrapper vc_figure\">\n\t\t\t<div class=\"vc_single_image-wrapper vc_box_rounded  vc_box_border_grey\"><img loading=\"lazy\" decoding=\"async\" width=\"1080\" height=\"1080\" src=\"https:\/\/cabeolica.com\/wp-content\/uploads\/2022\/08\/biodiversidade.jpg\" class=\"vc_single_image-img attachment-full\" alt=\"\" srcset=\"https:\/\/cabeolica.com\/wp-content\/uploads\/2022\/08\/biodiversidade.jpg 1080w, https:\/\/cabeolica.com\/wp-content\/uploads\/2022\/08\/biodiversidade-300x300.jpg 300w, https:\/\/cabeolica.com\/wp-content\/uploads\/2022\/08\/biodiversidade-1024x1024.jpg 1024w, https:\/\/cabeolica.com\/wp-content\/uploads\/2022\/08\/biodiversidade-150x150.jpg 150w, https:\/\/cabeolica.com\/wp-content\/uploads\/2022\/08\/biodiversidade-768x768.jpg 768w, https:\/\/cabeolica.com\/wp-content\/uploads\/2022\/08\/biodiversidade-100x100.jpg 100w\" sizes=\"auto, 100vw\" \/><\/div>\n\t\t<\/figure>\n\t<\/div>\n\n\t<div class=\"wpb_text_column wpb_content_element\" >\n\t\t<div class=\"wpb_wrapper\">\n\t\t\t<p style=\"text-align: justify;\">The <strong>preservation of local biodiversity<\/strong> is one of the main objectives of Cabeolica and, therefore, it has contributed to several projects for <strong>the protection of various species of animals<\/strong> that live in and around wind farms.<\/p>\n\n\t\t<\/div>\n\t<\/div>\n<div class=\"vc_btn3-container vc_btn3-center\" ><a class=\"vc_general vc_btn3 vc_btn3-size-md vc_btn3-shape-rounded vc_btn3-style-modern vc_btn3-color-primary\" href=\"\/en\/biodiversidade\/\" title=\"ENERGY TRANSPORT\">MORE<\/a><\/div><div class=\"vc_empty_space\"   style=\"height: 32px\"><span class=\"vc_empty_space_inner\"><\/span><\/div><\/div><\/div><\/div><div class=\"wpb_column vc_column_container vc_col-sm-4\"><div class=\"vc_column-inner\"><div class=\"wpb_wrapper\"><div class=\"title-box  text-left\"><span class=\"title-design\">Energy of Champions<\/span><\/div>\n\t<div  class=\"wpb_single_image wpb_content_element vc_align_center\">\n\t\t\n\t\t<figure class=\"wpb_wrapper vc_figure\">\n\t\t\t<div class=\"vc_single_image-wrapper vc_box_rounded  vc_box_border_grey\"><img loading=\"lazy\" decoding=\"async\" width=\"1080\" height=\"1080\" src=\"https:\/\/cabeolica.com\/wp-content\/uploads\/2022\/08\/energias-campeoes.jpg\" class=\"vc_single_image-img attachment-full\" alt=\"\" srcset=\"https:\/\/cabeolica.com\/wp-content\/uploads\/2022\/08\/energias-campeoes.jpg 1080w, https:\/\/cabeolica.com\/wp-content\/uploads\/2022\/08\/energias-campeoes-300x300.jpg 300w, https:\/\/cabeolica.com\/wp-content\/uploads\/2022\/08\/energias-campeoes-1024x1024.jpg 1024w, https:\/\/cabeolica.com\/wp-content\/uploads\/2022\/08\/energias-campeoes-150x150.jpg 150w, https:\/\/cabeolica.com\/wp-content\/uploads\/2022\/08\/energias-campeoes-768x768.jpg 768w, https:\/\/cabeolica.com\/wp-content\/uploads\/2022\/08\/energias-campeoes-100x100.jpg 100w\" sizes=\"auto, 100vw\" \/><\/div>\n\t\t<\/figure>\n\t<\/div>\n\n\t<div class=\"wpb_text_column wpb_content_element\" >\n\t\t<div class=\"wpb_wrapper\">\n\t\t\t<p style=\"text-align: justify;\">To improve the well-being of the population on all the islands where it operates, Cabeolica engages in various <strong>activities that contribute positively to society.<\/strong>Find out here what you can do to help too!<\/p>\n\n\t\t<\/div>\n\t<\/div>\n<div class=\"vc_btn3-container vc_btn3-center\" ><a class=\"vc_general vc_btn3 vc_btn3-size-md vc_btn3-shape-rounded vc_btn3-style-modern vc_btn3-color-primary\" href=\"\/en\/energia-dos-campeoes\/\" title=\"Wind Turbines\">MORE<\/a><\/div><div class=\"vc_empty_space\"   style=\"height: 32px\"><span class=\"vc_empty_space_inner\"><\/span><\/div><\/div><\/div><\/div><div class=\"wpb_column vc_column_container vc_col-sm-4\"><div class=\"vc_column-inner\"><div class=\"wpb_wrapper\"><div class=\"title-box  text-left\"><span class=\"title-design\">Sustainability Report<\/span><\/div>\n\t<div  class=\"wpb_single_image wpb_content_element vc_align_center\">\n\t\t\n\t\t<figure class=\"wpb_wrapper vc_figure\">\n\t\t\t<div class=\"vc_single_image-wrapper vc_box_rounded  vc_box_border_grey\"><img loading=\"lazy\" decoding=\"async\" width=\"1080\" height=\"1080\" src=\"https:\/\/cabeolica.com\/wp-content\/uploads\/2022\/08\/relatorio-sustentibilidade.jpg\" class=\"vc_single_image-img attachment-full\" alt=\"\" srcset=\"https:\/\/cabeolica.com\/wp-content\/uploads\/2022\/08\/relatorio-sustentibilidade.jpg 1080w, https:\/\/cabeolica.com\/wp-content\/uploads\/2022\/08\/relatorio-sustentibilidade-300x300.jpg 300w, https:\/\/cabeolica.com\/wp-content\/uploads\/2022\/08\/relatorio-sustentibilidade-1024x1024.jpg 1024w, https:\/\/cabeolica.com\/wp-content\/uploads\/2022\/08\/relatorio-sustentibilidade-150x150.jpg 150w, https:\/\/cabeolica.com\/wp-content\/uploads\/2022\/08\/relatorio-sustentibilidade-768x768.jpg 768w, https:\/\/cabeolica.com\/wp-content\/uploads\/2022\/08\/relatorio-sustentibilidade-100x100.jpg 100w\" sizes=\"auto, 100vw\" \/><\/div>\n\t\t<\/figure>\n\t<\/div>\n\n\t<div class=\"wpb_text_column wpb_content_element\" >\n\t\t<div class=\"wpb_wrapper\">\n\t\t\t<p style=\"text-align: justify;\">Cabeolica is <strong>the largest source of greenhouse gas emission<\/strong> reductions in Cape Verde. In these reports, <strong>you can see the importance of the company\u2019s<\/strong> role in achieving the goals for sustainable energy in the country.<\/p>\n\n\t\t<\/div>\n\t<\/div>\n<div class=\"vc_btn3-container vc_btn3-center\" ><a class=\"vc_general vc_btn3 vc_btn3-size-md vc_btn3-shape-rounded vc_btn3-style-modern vc_btn3-color-primary\" href=\"\/en\/relatorio-sustentabilidade\/\" title=\"Wind Turbines\">MORE<\/a><\/div><div class=\"vc_empty_space\"   style=\"height: 32px\"><span class=\"vc_empty_space_inner\"><\/span><\/div><\/div><\/div><\/div><\/div><div class=\"vc_row wpb_row vc_row-fluid\"><div class=\"wpb_column vc_column_container vc_col-sm-12\"><div class=\"vc_column-inner\"><div class=\"wpb_wrapper\"><div class=\"vc_empty_space\"   style=\"height: 32px\"><span class=\"vc_empty_space_inner\"><\/span><\/div><div class=\"vc_empty_space\"   style=\"height: 32px\"><span class=\"vc_empty_space_inner\"><\/span><\/div><\/div><\/div><\/div><\/div>","protected":false},"excerpt":{"rendered":"Responsabilidade Ambiental A Responsabilidade Ambiental \u00e9 um conjunto de atitudes, individuais ou empresariais, voltadas para o Desenvolvimento Sustent\u00e1vel do planeta, ou seja, protegendo o meio ambiente, levando ao crescimento econ\u00f3mico. The preservation of local biodiversity \u00e9 um dos principais objetivos da Cabe\u00f3lica e, por isso, tem contribu\u00eddo para v\u00e1rios projetos de prote\u00e7\u00e3o de v\u00e1rias esp\u00e9cies [...]","protected":false},"author":1,"featured_media":0,"parent":0,"menu_order":0,"comment_status":"closed","ping_status":"closed","template":"full-page.php","meta":{"_monsterinsights_skip_tracking":false,"_monsterinsights_sitenote_active":false,"_monsterinsights_sitenote_note":"","_monsterinsights_sitenote_category":0,"footnotes":""},"class_list":["post-4514","page","type-page","status-publish","hentry"],"aioseo_notices":[],"_links":{"self":[{"href":"\/en\/wp-json\/wp\/v2\/pages\/4514","targetHints":{"allow":["GET"]}}],"collection":[{"href":"\/en\/wp-json\/wp\/v2\/pages"}],"about":[{"href":"\/en\/wp-json\/wp\/v2\/types\/page"}],"author":[{"embeddable":true,"href":"\/en\/wp-json\/wp\/v2\/users\/1"}],"replies":[{"embeddable":true,"href":"\/en\/wp-json\/wp\/v2\/comments?post=4514"}],"version-history":[{"count":17,"href":"\/en\/wp-json\/wp\/v2\/pages\/4514\/revisions"}],"predecessor-version":[{"id":6089,"href":"\/en\/wp-json\/wp\/v2\/pages\/4514\/revisions\/6089"}],"wp:attachment":[{"href":"\/en\/wp-json\/wp\/v2\/media?parent=4514"}],"curies":[{"name":"wp","href":"https:\/\/api.w.org\/{rel}","templated":true}]}}