{"id":4461,"date":"2022-08-03T21:03:02","date_gmt":"2022-08-03T21:03:02","guid":{"rendered":"http:\/\/localhost:8888\/wordpress\/acionistas-2\/"},"modified":"2023-01-28T13:30:17","modified_gmt":"2023-01-28T13:30:17","slug":"premios-e-distincoes","status":"publish","type":"page","link":"\/en\/premios-e-distincoes\/","title":{"rendered":"Awards and Distinctions"},"content":{"rendered":"<div class=\"vc_row wpb_row vc_row-fluid\"><div class=\"wpb_column vc_column_container vc_col-sm-12\"><div class=\"vc_column-inner\"><div class=\"wpb_wrapper\"><div class=\"vc_empty_space\"   style=\"height: 32px\"><span class=\"vc_empty_space_inner\"><\/span><\/div><\/div><\/div><\/div><\/div><div class=\"vc_row wpb_row vc_row-fluid\"><div class=\"wpb_column vc_column_container vc_col-sm-6\"><div class=\"vc_column-inner\"><div class=\"wpb_wrapper\"><div class=\"title-box  text-left\"><span class=\"title-design\">SMALL ISLAND WORLD CONGRESS AWARD<\/span><h2 class=\"title\">2017<\/h2><\/div>\n\t<div  class=\"wpb_single_image wpb_content_element vc_align_left   no-margin\">\n\t\t\n\t\t<figure class=\"wpb_wrapper vc_figure\">\n\t\t\t<div class=\"vc_single_image-wrapper   vc_box_border_grey\"><img loading=\"lazy\" decoding=\"async\" width=\"300\" height=\"191\" src=\"https:\/\/cabeolica.com\/wp-content\/uploads\/2022\/08\/small-island-300x191.png\" class=\"vc_single_image-img attachment-medium\" alt=\"\" srcset=\"https:\/\/cabeolica.com\/wp-content\/uploads\/2022\/08\/small-island-300x191.png 300w, https:\/\/cabeolica.com\/wp-content\/uploads\/2022\/08\/small-island.png 530w\" sizes=\"auto, 100vw\" \/><\/div>\n\t\t<\/figure>\n\t<\/div>\n<\/div><\/div><\/div><div class=\"wpb_column vc_column_container vc_col-sm-6\"><div class=\"vc_column-inner\"><div class=\"wpb_wrapper\"><\/div><\/div><\/div><\/div><div class=\"vc_row wpb_row vc_row-fluid\"><div class=\"wpb_column vc_column_container vc_col-sm-12\"><div class=\"vc_column-inner\"><div class=\"wpb_wrapper\">\n\t<div class=\"wpb_text_column wpb_content_element  mb-3 mt-3 mt-lg-0 mt-md-0\" >\n\t\t<div class=\"wpb_wrapper\">\n\t\t\t<p style=\"text-align: justify;\">Cabe\u00f3lica won, in 2017, the prize in the renewable energies category at the first Smart Island World Congress held in Calvi\u00e1, Spain.<\/p>\n<p style=\"text-align: justify;\">This congress aimed to discuss \"the smart islands of the future\" where topics such as energy efficiency and connectivity, social and urban development as well as economic growth were addressed.<\/p>\n<p style=\"text-align: justify;\">With more than 1000 representatives from 75 islands around the world, this congress is an important milestone for reflection on future options for island countries.<\/p>\n\n\t\t<\/div>\n\t<\/div>\n<\/div><\/div><\/div><\/div><div class=\"vc_row wpb_row vc_row-fluid\"><div class=\"wpb_column vc_column_container vc_col-sm-12\"><div class=\"vc_column-inner\"><div class=\"wpb_wrapper\"><div class=\"vc_empty_space\"   style=\"height: 32px\"><span class=\"vc_empty_space_inner\"><\/span><\/div><div class=\"vc_empty_space\"   style=\"height: 32px\"><span class=\"vc_empty_space_inner\"><\/span><\/div><div class=\"vc_empty_space\"   style=\"height: 32px\"><span class=\"vc_empty_space_inner\"><\/span><\/div><div class=\"vc_empty_space\"   style=\"height: 32px\"><span class=\"vc_empty_space_inner\"><\/span><\/div><\/div><\/div><\/div><\/div><div class=\"vc_row wpb_row vc_row-fluid vc_custom_1566970537061 vc_row-o-equal-height vc_row-o-content-middle vc_row-flex\"><div class=\"wpb_column vc_column_container vc_col-sm-12 vc_col-lg-7 vc_col-md-7\"><div class=\"vc_column-inner\"><div class=\"wpb_wrapper\"><div class=\"title-box  text-left\"><span class=\"title-design\">GREEN PROJECT AWARDS<\/span><h2 class=\"title\">2013<\/h2><\/div>\n\t<div  class=\"wpb_single_image wpb_content_element vc_align_left   no-margin\">\n\t\t\n\t\t<figure class=\"wpb_wrapper vc_figure\">\n\t\t\t<div class=\"vc_single_image-wrapper   vc_box_border_grey\"><img loading=\"lazy\" decoding=\"async\" width=\"300\" height=\"191\" src=\"https:\/\/cabeolica.com\/wp-content\/uploads\/2022\/08\/green-project-300x191.png\" class=\"vc_single_image-img attachment-medium\" alt=\"\" srcset=\"https:\/\/cabeolica.com\/wp-content\/uploads\/2022\/08\/green-project-300x191.png 300w, https:\/\/cabeolica.com\/wp-content\/uploads\/2022\/08\/green-project.png 530w\" sizes=\"auto, 100vw\" \/><\/div>\n\t\t<\/figure>\n\t<\/div>\n<\/div><\/div><\/div><\/div><div class=\"vc_row wpb_row vc_row-fluid\"><div class=\"wpb_column vc_column_container vc_col-sm-12\"><div class=\"vc_column-inner\"><div class=\"wpb_wrapper\"><div class=\"vc_empty_space\"   style=\"height: 32px\"><span class=\"vc_empty_space_inner\"><\/span><\/div>\n\t<div class=\"wpb_text_column wpb_content_element  mb-3 mt-3 mt-lg-0 mt-md-0\" >\n\t\t<div class=\"wpb_wrapper\">\n\t\t\t<p style=\"text-align: justify;\">The Green Project Awards were launched in Cape Verde to distinguish 10 projects that stand out for being sustainable and for promoting good environmental practices.<\/p>\n<p style=\"text-align: justify;\">Cabe\u00f3lica won in the renewable energy category for being a company focused on the generation of clean energy and for guiding its entire project by respecting the environment and the surrounding community.<\/p>\n\n\t\t<\/div>\n\t<\/div>\n<\/div><\/div><\/div><\/div><div class=\"vc_row wpb_row vc_row-fluid\"><div class=\"wpb_column vc_column_container vc_col-sm-12\"><div class=\"vc_column-inner\"><div class=\"wpb_wrapper\"><div class=\"vc_empty_space\"   style=\"height: 32px\"><span class=\"vc_empty_space_inner\"><\/span><\/div><div class=\"vc_empty_space\"   style=\"height: 32px\"><span class=\"vc_empty_space_inner\"><\/span><\/div><div class=\"vc_empty_space\"   style=\"height: 32px\"><span class=\"vc_empty_space_inner\"><\/span><\/div><\/div><\/div><\/div><\/div><div class=\"vc_row wpb_row vc_row-fluid vc_custom_1566970537061 vc_row-o-equal-height vc_row-o-content-middle vc_row-flex\"><div class=\"wpb_column vc_column_container vc_col-sm-12 vc_col-lg-7 vc_col-md-7\"><div class=\"vc_column-inner\"><div class=\"wpb_wrapper\"><div class=\"title-box  text-left\"><span class=\"title-design\">ASHDEN AWARD<\/span><h2 class=\"title\">2013<\/h2><\/div>\n\t<div  class=\"wpb_single_image wpb_content_element vc_align_left   no-margin\">\n\t\t\n\t\t<figure class=\"wpb_wrapper vc_figure\">\n\t\t\t<div class=\"vc_single_image-wrapper   vc_box_border_grey\"><img loading=\"lazy\" decoding=\"async\" width=\"300\" height=\"191\" src=\"https:\/\/cabeolica.com\/wp-content\/uploads\/2022\/08\/premio-ashden-300x191.png\" class=\"vc_single_image-img attachment-medium\" alt=\"\" srcset=\"https:\/\/cabeolica.com\/wp-content\/uploads\/2022\/08\/premio-ashden-300x191.png 300w, https:\/\/cabeolica.com\/wp-content\/uploads\/2022\/08\/premio-ashden.png 530w\" sizes=\"auto, 100vw\" \/><\/div>\n\t\t<\/figure>\n\t<\/div>\n<\/div><\/div><\/div><\/div><div class=\"vc_row wpb_row vc_row-fluid\"><div class=\"wpb_column vc_column_container vc_col-sm-12\"><div class=\"vc_column-inner\"><div class=\"wpb_wrapper\"><div class=\"vc_empty_space\"   style=\"height: 32px\"><span class=\"vc_empty_space_inner\"><\/span><\/div>\n\t<div class=\"wpb_text_column wpb_content_element  mb-3 mt-3 mt-lg-0 mt-md-0\" >\n\t\t<div class=\"wpb_wrapper\">\n\t\t\t<p style=\"text-align: justify;\">Cabe\u00f3lica won the Ashden 2013 award, the world's leading distinction in green energy.<\/p>\n<p style=\"text-align: justify;\">Cabe\u00f3lica won this award in the Small Island Developing States category presented at a ceremony at the Royal Geographical Society in London.<\/p>\n<p style=\"text-align: justify;\">Small states made up of islands around the world face dependence on imported fuel, combining high raw material and import costs. The creation of wind farms in Cape Verde has made it possible to monetize the abundant Saharan wind by turning it into energy, which has been reflected in a significant reduction in diesel import costs and a considerable increase in its energy security.<\/p>\n\n\t\t<\/div>\n\t<\/div>\n<\/div><\/div><\/div><\/div><div class=\"vc_row wpb_row vc_row-fluid\"><div class=\"wpb_column vc_column_container vc_col-sm-12\"><div class=\"vc_column-inner\"><div class=\"wpb_wrapper\"><div class=\"vc_empty_space\"   style=\"height: 32px\"><span class=\"vc_empty_space_inner\"><\/span><\/div><div class=\"vc_empty_space\"   style=\"height: 32px\"><span class=\"vc_empty_space_inner\"><\/span><\/div><div class=\"vc_empty_space\"   style=\"height: 32px\"><span class=\"vc_empty_space_inner\"><\/span><\/div><\/div><\/div><\/div><\/div><div class=\"vc_row wpb_row vc_row-fluid vc_custom_1566970537061 vc_row-o-equal-height vc_row-o-content-middle vc_row-flex\"><div class=\"wpb_column vc_column_container vc_col-sm-12 vc_col-lg-7 vc_col-md-7\"><div class=\"vc_column-inner\"><div class=\"wpb_wrapper\"><div class=\"title-box  text-left\"><span class=\"title-design\">BEST EMERGING MARKETS PPP<\/span><h2 class=\"title\">2012<\/h2><\/div>\n\t<div  class=\"wpb_single_image wpb_content_element vc_align_left   no-margin\">\n\t\t\n\t\t<figure class=\"wpb_wrapper vc_figure\">\n\t\t\t<div class=\"vc_single_image-wrapper   vc_box_border_grey\"><img loading=\"lazy\" decoding=\"async\" width=\"525\" height=\"171\" src=\"https:\/\/cabeolica.com\/wp-content\/uploads\/2022\/11\/ifc.png\" class=\"vc_single_image-img attachment-large\" alt=\"\" srcset=\"https:\/\/cabeolica.com\/wp-content\/uploads\/2022\/11\/ifc.png 530w, https:\/\/cabeolica.com\/wp-content\/uploads\/2022\/11\/ifc-300x98.png 300w\" sizes=\"auto, 100vw\" \/><\/div>\n\t\t<\/figure>\n\t<\/div>\n<\/div><\/div><\/div><\/div><div class=\"vc_row wpb_row vc_row-fluid\"><div class=\"wpb_column vc_column_container vc_col-sm-12\"><div class=\"vc_column-inner\"><div class=\"wpb_wrapper\">\n\t<div class=\"wpb_text_column wpb_content_element  mb-3 mt-3 mt-lg-0 mt-md-0\" >\n\t\t<div class=\"wpb_wrapper\">\n\t\t\t<p style=\"text-align: justify;\">Cabe\u00f3lica was distinguished as one of the best public-private partnerships in Sub-Saharan Africa by the IFC - International Finance Corporation (an organization belonging to the World Bank) and the IJ - Infrastructure Journal in their assessment of the world's best PPPs - Public-Private Partnerships in emerging markets.<\/p>\n<p style=\"text-align: justify;\">In selecting the PPPs, the entities evaluated a wide range of criteria ranging from resources, to financial and technological innovation, to the impact on the structural development of the countries and the replicability of the projects in other regions. What contributed to Cabe\u00f3lica being among the best projects in 4 different regions of the world was its success in implementing 4 wind farms, with a generation of 61.6 million kWh in 2012.<\/p>\n\n\t\t<\/div>\n\t<\/div>\n<\/div><\/div><\/div><\/div><div class=\"vc_row wpb_row vc_row-fluid\"><div class=\"wpb_column vc_column_container vc_col-sm-12\"><div class=\"vc_column-inner\"><div class=\"wpb_wrapper\"><div class=\"vc_empty_space\"   style=\"height: 32px\"><span class=\"vc_empty_space_inner\"><\/span><\/div><div class=\"vc_empty_space\"   style=\"height: 32px\"><span class=\"vc_empty_space_inner\"><\/span><\/div><div class=\"vc_empty_space\"   style=\"height: 32px\"><span class=\"vc_empty_space_inner\"><\/span><\/div><\/div><\/div><\/div><\/div><div class=\"vc_row wpb_row vc_row-fluid vc_custom_1566970537061 vc_row-o-equal-height vc_row-o-content-middle vc_row-flex\"><div class=\"wpb_column vc_column_container vc_col-sm-12 vc_col-lg-7 vc_col-md-7\"><div class=\"vc_column-inner\"><div class=\"wpb_wrapper\"><div class=\"title-box  text-left\"><span class=\"title-design\">BEST RENEWABLE PROJECT IN AFRICA AWARD<\/span><h2 class=\"title\">2011<\/h2><\/div>\n\t<div  class=\"wpb_single_image wpb_content_element vc_align_left   no-margin\">\n\t\t\n\t\t<figure class=\"wpb_wrapper vc_figure\">\n\t\t\t<div class=\"vc_single_image-wrapper   vc_box_border_grey\"><img loading=\"lazy\" decoding=\"async\" width=\"525\" height=\"334\" src=\"https:\/\/cabeolica.com\/wp-content\/uploads\/2022\/08\/melhor-ppp.png\" class=\"vc_single_image-img attachment-large\" alt=\"\" srcset=\"https:\/\/cabeolica.com\/wp-content\/uploads\/2022\/08\/melhor-ppp.png 530w, https:\/\/cabeolica.com\/wp-content\/uploads\/2022\/08\/melhor-ppp-300x191.png 300w\" sizes=\"auto, 100vw\" \/><\/div>\n\t\t<\/figure>\n\t<\/div>\n<div class=\"vc_empty_space\"   style=\"height: 40px\"><span class=\"vc_empty_space_inner\"><\/span><\/div><\/div><\/div><\/div><\/div><div class=\"vc_row wpb_row vc_row-fluid\"><div class=\"wpb_column vc_column_container vc_col-sm-12\"><div class=\"vc_column-inner\"><div class=\"wpb_wrapper\">\n\t<div class=\"wpb_text_column wpb_content_element  mb-3 mt-3 mt-lg-0 mt-md-0\" >\n\t\t<div class=\"wpb_wrapper\">\n\t\t\t<div class=\"elementor-column elementor-col-50 elementor-top-column elementor-element elementor-element-9c5a7e5\" data-id=\"9c5a7e5\" data-element_type=\"column\">\n<div class=\"elementor-column-wrap elementor-element-populated\">\n<div class=\"elementor-widget-wrap\">\n<div class=\"elementor-element elementor-element-f9f66d2 elementor-widget elementor-widget-text-editor\" data-id=\"f9f66d2\" data-element_type=\"widget\" data-widget_type=\"text-editor.default\">\n<div class=\"elementor-widget-container\">\n<div class=\"elementor-text-editor elementor-clearfix\">\n<p style=\"text-align: justify;\">In 2011 Cabe\u00f3lica won the Best Renewable Energy Project in Africa Award, presented at the Africa Energy Awards event in Johannesburg.\u00a0<strong>BEST RENEWABLE PROJECT IN AFRICA AWARD<\/strong>, entregue no evento Africa Energy Awards em Joanesburgo.<\/p>\n<p style=\"text-align: justify;\">The project was chosen for being the first commercial-scale Public-Private Partnership for the construction and management of wind farms in sub-Saharan Africa. On the other hand, its importance in reducing Cape Verde's energy dependence was also highlighted as an important contribution to the country's sustainability and an example to be followed in Africa.<\/p>\n<\/div>\n<\/div>\n<\/div>\n<\/div>\n<\/div>\n<\/div>\n<div class=\"elementor-column elementor-col-50 elementor-top-column elementor-element elementor-element-a667d41\" data-id=\"a667d41\" data-element_type=\"column\">\n<div class=\"elementor-column-wrap\" style=\"text-align: left;\"><\/div>\n<\/div>\n\n\t\t<\/div>\n\t<\/div>\n<\/div><\/div><\/div><\/div><div class=\"vc_row wpb_row vc_row-fluid\"><div class=\"wpb_column vc_column_container vc_col-sm-12\"><div class=\"vc_column-inner\"><div class=\"wpb_wrapper\"><div class=\"vc_empty_space\"   style=\"height: 32px\"><span class=\"vc_empty_space_inner\"><\/span><\/div><div class=\"vc_empty_space\"   style=\"height: 32px\"><span class=\"vc_empty_space_inner\"><\/span><\/div><div class=\"vc_empty_space\"   style=\"height: 32px\"><span class=\"vc_empty_space_inner\"><\/span><\/div><\/div><\/div><\/div><\/div>","protected":false},"excerpt":{"rendered":"Small Island World Congress Award2017 A Cabe\u00f3lica conquistou, em 2017, o pr\u00e9mio na categoria de energias renov\u00e1veis no primeiro Smart Island World Congress realizado em Calvi\u00e1 em Espanha. Este congresso pretendeu debater \u201cas ilhas inteligentes do futuro\u201d onde se abordaram temas como a efici\u00eancia energ\u00e9tica e a conectividade, o desenvolvimento social e urbano assim como [...]","protected":false},"author":1,"featured_media":0,"parent":0,"menu_order":0,"comment_status":"closed","ping_status":"closed","template":"full-page.php","meta":{"_monsterinsights_skip_tracking":false,"_monsterinsights_sitenote_active":false,"_monsterinsights_sitenote_note":"","_monsterinsights_sitenote_category":0,"footnotes":""},"class_list":["post-4461","page","type-page","status-publish","hentry"],"aioseo_notices":[],"_links":{"self":[{"href":"\/en\/wp-json\/wp\/v2\/pages\/4461","targetHints":{"allow":["GET"]}}],"collection":[{"href":"\/en\/wp-json\/wp\/v2\/pages"}],"about":[{"href":"\/en\/wp-json\/wp\/v2\/types\/page"}],"author":[{"embeddable":true,"href":"\/en\/wp-json\/wp\/v2\/users\/1"}],"replies":[{"embeddable":true,"href":"\/en\/wp-json\/wp\/v2\/comments?post=4461"}],"version-history":[{"count":51,"href":"\/en\/wp-json\/wp\/v2\/pages\/4461\/revisions"}],"predecessor-version":[{"id":6073,"href":"\/en\/wp-json\/wp\/v2\/pages\/4461\/revisions\/6073"}],"wp:attachment":[{"href":"\/en\/wp-json\/wp\/v2\/media?parent=4461"}],"curies":[{"name":"wp","href":"https:\/\/api.w.org\/{rel}","templated":true}]}}