{"id":4435,"date":"2022-08-05T16:42:16","date_gmt":"2022-08-05T16:42:16","guid":{"rendered":"http:\/\/localhost:8888\/wordpress\/?page_id=4435"},"modified":"2022-10-30T00:03:16","modified_gmt":"2022-10-30T00:03:16","slug":"eolo","status":"publish","type":"page","link":"\/en\/eolo\/","title":{"rendered":"EOLO"},"content":{"rendered":"<div class=\"vc_row wpb_row vc_row-fluid\"><div class=\"wpb_column vc_column_container vc_col-sm-12\"><div class=\"vc_column-inner\"><div class=\"wpb_wrapper\"><div class=\"vc_empty_space\"   style=\"height: 32px\"><span class=\"vc_empty_space_inner\"><\/span><\/div><div class=\"vc_empty_space\"   style=\"height: 32px\"><span class=\"vc_empty_space_inner\"><\/span><\/div><\/div><\/div><\/div><\/div><div class=\"vc_row wpb_row vc_row-fluid vc_custom_1564573773033\"><div class=\"wpb_column vc_column_container vc_col-sm-12\"><div class=\"vc_column-inner\"><div class=\"wpb_wrapper\"><div class=\"title-box  text-left\"><span class=\"title-design\">EOLO<\/span><h2 class=\"title\">We Are Energy<\/h2><\/div>\n\t<div class=\"wpb_text_column wpb_content_element\" >\n\t\t<div class=\"wpb_wrapper\">\n\t\t\t<p style=\"text-align: justify;\">The educational program N\u00f3s Somos Energia \/ EOLO is a project dedicated to teaching about clean energy sources and energy efficiency.<\/p>\n<p style=\"text-align: justify;\">Aimed at school children between 9 and 10 years old, in the 4th grade, it follows the curriculum plan of the Ministry of Education and Sports of Cape Verde, being a different and innovative way to teach these subjects. Starting in 2015, about 4,811 students from 234 classes in 146 schools in Santiago, S\u00e3o Nicolau, Boa Vista, S\u00e3o Vicente, Fogo and Santo Ant\u00e3o have already participated in the program.<\/p>\n<p style=\"text-align: justify;\">EOLO visits schools in several islands in the country to present energy sources and to teach how to save energy, in a didactic and fun perspective, bringing animation and joy to the classrooms.<\/p>\n<p style=\"text-align: justify;\">With an active participation throughout the program - from a participatory intervention when classes are held to involvement with a drawing contest - all children are invited to participate directly in each activity. This action is also extended to all parents, with the development of specific information for the joint promotion of behavior change.<\/p>\n\n\t\t<\/div>\n\t<\/div>\n<\/div><\/div><\/div><\/div><div class=\"vc_row wpb_row vc_row-fluid\"><div class=\"wpb_column vc_column_container vc_col-sm-12\"><div class=\"vc_column-inner\"><div class=\"wpb_wrapper\"><div class=\"vc_empty_space\"   style=\"height: 32px\"><span class=\"vc_empty_space_inner\"><\/span><\/div><\/div><\/div><\/div><\/div><div class=\"vc_row wpb_row vc_row-fluid\"><div class=\"wpb_column vc_column_container vc_col-sm-12\"><div class=\"vc_column-inner\"><div class=\"wpb_wrapper\"><div class=\"title-box  text-left\"><span class=\"title-design\">EOLO<\/span><h2 class=\"title\">Objectives<\/h2><\/div>\r\n\t<div class=\"text-left no-margin\">\r\n\t\t<ul class=\"iq-list\">\r\n\t        <li>\r\n\t            <i class=\"ion ion-android-checkbox\"><\/i>\r\n\t\t            <span style=\"color: #000000\">To show, in a didactic and fun way, the different sources of energy and the impacts they cause on the environment.<\/span>        \r\n\t        <\/li>\r\n\t        <li>\r\n\t            <i class=\"ion ion-android-checkbox\"><\/i>\r\n\t\t            <span style=\"color: #000000\">To make children aware of the need for a more rational use of electrical energy.<\/span>        \r\n\t        <\/li>\r\n\t        <li>\r\n\t            <i class=\"ion ion-android-checkbox\"><\/i>\r\n\t\t            <span style=\"color: #000000\">Involve the students and promote future behavioral changes to foster energy efficiency.<\/span>        \r\n\t        <\/li>\r\n\t        <li>\r\n\t            <i class=\"ion ion-android-checkbox\"><\/i>\r\n\t\t            <span style=\"color: #000000\">To value the natural resources existing in Cape Verde.<\/span>        \r\n\t        <\/li>\r\n\t        <li>\r\n\t            <i class=\"ion ion-android-checkbox\"><\/i>\r\n\t\t            <span style=\"color: #000000\">Involve parents and guardians, promoting their interest in the school and in the curricular activities of their children while taking the message of effective behavioral change of energy consumption.<\/span>        \r\n\t        <\/li>\r\n\t\t<\/ul>\r\n\t<\/div><\/div><\/div><\/div><\/div><div class=\"vc_row wpb_row vc_row-fluid\"><div class=\"wpb_column vc_column_container vc_col-sm-12\"><div class=\"vc_column-inner\"><div class=\"wpb_wrapper\"><div class=\"vc_empty_space\"   style=\"height: 32px\"><span class=\"vc_empty_space_inner\"><\/span><\/div><div class=\"vc_empty_space\"   style=\"height: 32px\"><span class=\"vc_empty_space_inner\"><\/span><\/div><\/div><\/div><\/div><\/div><div class=\"vc_row wpb_row vc_row-fluid\"><div class=\"wpb_column vc_column_container vc_col-sm-12\"><div class=\"vc_column-inner\"><div class=\"wpb_wrapper\"><div class=\"title-box  text-left\"><span class=\"title-design\">EOLO<\/span><h2 class=\"title\">Target Public<\/h2><\/div><\/div><\/div><\/div><\/div><div class=\"vc_row wpb_row vc_row-fluid\"><div class=\"wpb_column vc_column_container vc_col-sm-4\"><div class=\"vc_column-inner\"><div class=\"wpb_wrapper\">\r\n\t\t<div class=\"iq-consult-works-  text-\">\r\n\t        <div class=\"step-img\">\r\n\t\t\t\t<img decoding=\"async\" src=\"https:\/\/cabeolica.com\/wp-content\/uploads\/2022\/09\/CABEOLICA-alunos-icone-1-150x150.png\" alt=\"fancybox\" \/>\t\t\r\n\t\t\t<\/div>\r\n\t\t\t<h4>Students<\/h4>\r\n\t    <\/div>\n\t<div class=\"wpb_text_column wpb_content_element\" >\n\t\t<div class=\"wpb_wrapper\">\n\t\t\t<p style=\"text-align: justify;\">EOLO is aimed at children between 9 and 10 years of age, in the 4th grade. Children are the main allies when it comes to changing future behaviors. Due to their enormous capacity for ing, they are tireless and unprejudiced curious people who effectively do the same things differently.<\/p>\n\n\t\t<\/div>\n\t<\/div>\n<\/div><\/div><\/div><div class=\"wpb_column vc_column_container vc_col-sm-4\"><div class=\"vc_column-inner\"><div class=\"wpb_wrapper\">\r\n\t\t<div class=\"iq-consult-works-  text-\">\r\n\t        <div class=\"step-img\">\r\n\t\t\t\t<img decoding=\"async\" src=\"https:\/\/cabeolica.com\/wp-content\/uploads\/2022\/09\/CABEOLICA-professor-icone-150x150.png\" alt=\"fancybox\" \/>\t\t\r\n\t\t\t<\/div>\r\n\t\t\t<h4>Teachers<\/h4>\r\n\t    <\/div>\n\t<div class=\"wpb_text_column wpb_content_element\" >\n\t\t<div class=\"wpb_wrapper\">\n\t\t\t<p style=\"text-align: justify;\">The teachers are a key element in the success of the program as they provide continuity to the EOLO after the classes taught by the monitors, getting the students excited about participating in the drawing contest and filling out the Mini Quiz. On the other hand, they accompany the classes throughout the year and can encourage the adoption of new behaviors at school and in the development of activities that are linked to the program.<\/p>\n\n\t\t<\/div>\n\t<\/div>\n<\/div><\/div><\/div><div class=\"wpb_column vc_column_container vc_col-sm-4\"><div class=\"vc_column-inner\"><div class=\"wpb_wrapper\">\r\n\t\t<div class=\"iq-consult-works-  text-\">\r\n\t        <div class=\"step-img\">\r\n\t\t\t\t<img decoding=\"async\" src=\"https:\/\/cabeolica.com\/wp-content\/uploads\/2022\/09\/CABEOLICA-pais-icone-150x150.png\" alt=\"fancybox\" \/>\t\t\r\n\t\t\t<\/div>\r\n\t\t\t<h4>Parents<\/h4>\r\n\t    <\/div>\n\t<div class=\"wpb_text_column wpb_content_element\" >\n\t\t<div class=\"wpb_wrapper\">\n\t\t\t<p style=\"text-align: justify;\">Parents are important recipients insofar as it is intended to involve them in EOLO to leverage the knowledge that students acquire in the classroom, so that they can transpose the new energy efficiency behaviors into their daily lives as a family.<\/p>\n\n\t\t<\/div>\n\t<\/div>\n<\/div><\/div><\/div><\/div><div class=\"vc_row wpb_row vc_row-fluid\"><div class=\"wpb_column vc_column_container vc_col-sm-12\"><div class=\"vc_column-inner\"><div class=\"wpb_wrapper\"><div class=\"vc_empty_space\"   style=\"height: 32px\"><span class=\"vc_empty_space_inner\"><\/span><\/div><div class=\"vc_empty_space\"   style=\"height: 32px\"><span class=\"vc_empty_space_inner\"><\/span><\/div><\/div><\/div><\/div><\/div><div class=\"vc_row wpb_row vc_row-fluid vc_custom_1662585259381 vc_row-has-fill\"><div class=\"wpb_column vc_column_container vc_col-sm-12 vc_col-has-fill\"><div class=\"vc_column-inner vc_custom_1662585397323\"><div class=\"wpb_wrapper\">\n\t<div  class=\"wpb_single_image wpb_content_element vc_align_center  wpb_animate_when_almost_visible wpb_bounceIn bounceIn vc_custom_1662601816379  services-finance-img mt-5 mt-lg-0 mt-md-5\">\n\t\t\n\t\t<figure class=\"wpb_wrapper vc_figure\">\n\t\t\t<a href=\"https:\/\/eolo.cv\" target=\"_blank\" class=\"vc_single_image-wrapper   vc_box_border_grey\"><img loading=\"lazy\" decoding=\"async\" width=\"2514\" height=\"836\" src=\"https:\/\/cabeolica.com\/wp-content\/uploads\/2022\/08\/Captura-de-ecra-2022-08-05-as-17.40.36.png\" class=\"vc_single_image-img attachment-full\" alt=\"\" srcset=\"https:\/\/cabeolica.com\/wp-content\/uploads\/2022\/08\/Captura-de-ecra-2022-08-05-as-17.40.36.png 2514w, https:\/\/cabeolica.com\/wp-content\/uploads\/2022\/08\/Captura-de-ecra-2022-08-05-as-17.40.36-300x100.png 300w, https:\/\/cabeolica.com\/wp-content\/uploads\/2022\/08\/Captura-de-ecra-2022-08-05-as-17.40.36-1024x341.png 1024w, https:\/\/cabeolica.com\/wp-content\/uploads\/2022\/08\/Captura-de-ecra-2022-08-05-as-17.40.36-768x255.png 768w, https:\/\/cabeolica.com\/wp-content\/uploads\/2022\/08\/Captura-de-ecra-2022-08-05-as-17.40.36-1536x511.png 1536w, https:\/\/cabeolica.com\/wp-content\/uploads\/2022\/08\/Captura-de-ecra-2022-08-05-as-17.40.36-2048x681.png 2048w\" sizes=\"auto, 100vw\" \/><\/a>\n\t\t<\/figure>\n\t<\/div>\n<div class=\"vc_btn3-container  wpb_animate_when_almost_visible wpb_bounceIn bounceIn vc_btn3-center\" ><a style=\"background-color:#0072bc; color:#ffffff;\" class=\"vc_general vc_btn3 vc_btn3-size-lg vc_btn3-shape-rounded vc_btn3-style-custom\" href=\"https:\/\/eolo.cv\" title=\"Jogar com o ELEO\" target=\"_blank\">jogar com o EOLO<\/a><\/div><\/div><\/div><\/div><\/div><div class=\"vc_row wpb_row vc_row-fluid\"><div class=\"wpb_column vc_column_container vc_col-sm-12\"><div class=\"vc_column-inner\"><div class=\"wpb_wrapper\"><div class=\"vc_empty_space\"   style=\"height: 32px\"><span class=\"vc_empty_space_inner\"><\/span><\/div><div class=\"vc_empty_space\"   style=\"height: 32px\"><span class=\"vc_empty_space_inner\"><\/span><\/div><\/div><\/div><\/div><\/div>","protected":false},"excerpt":{"rendered":"EOLON\u00f3s Somos Energia O programa educativo\u00a0N\u00f3s Somos Energia \/ EOLO\u00a0\u00e9 um projeto dedicado ao ensino das fontes de energia limpas e efici\u00eancia energ\u00e9tica. Destinado a crian\u00e7as em idade escolar entre 9 e 10 anos, no 4\u00ba ano de escolaridade, acompanha o plano curricular do Minist\u00e9rio da Educa\u00e7\u00e3o e do Desporto de Cabo Verde, sendo uma [...]","protected":false},"author":1,"featured_media":0,"parent":0,"menu_order":0,"comment_status":"closed","ping_status":"closed","template":"full-page.php","meta":{"_monsterinsights_skip_tracking":false,"_monsterinsights_sitenote_active":false,"_monsterinsights_sitenote_note":"","_monsterinsights_sitenote_category":0,"footnotes":""},"class_list":["post-4435","page","type-page","status-publish","hentry"],"aioseo_notices":[],"_links":{"self":[{"href":"\/en\/wp-json\/wp\/v2\/pages\/4435","targetHints":{"allow":["GET"]}}],"collection":[{"href":"\/en\/wp-json\/wp\/v2\/pages"}],"about":[{"href":"\/en\/wp-json\/wp\/v2\/types\/page"}],"author":[{"embeddable":true,"href":"\/en\/wp-json\/wp\/v2\/users\/1"}],"replies":[{"embeddable":true,"href":"\/en\/wp-json\/wp\/v2\/comments?post=4435"}],"version-history":[{"count":39,"href":"\/en\/wp-json\/wp\/v2\/pages\/4435\/revisions"}],"predecessor-version":[{"id":5673,"href":"\/en\/wp-json\/wp\/v2\/pages\/4435\/revisions\/5673"}],"wp:attachment":[{"href":"\/en\/wp-json\/wp\/v2\/media?parent=4435"}],"curies":[{"name":"wp","href":"https:\/\/api.w.org\/{rel}","templated":true}]}}