{"id":4383,"date":"2022-08-04T01:47:05","date_gmt":"2022-08-04T01:47:05","guid":{"rendered":"http:\/\/localhost:8888\/wordpress\/?page_id=4383"},"modified":"2022-10-29T23:59:47","modified_gmt":"2022-10-29T23:59:47","slug":"educacao-ambiental","status":"publish","type":"page","link":"\/en\/educacao-ambiental\/","title":{"rendered":"Environmental Education"},"content":{"rendered":"<div class=\"vc_row wpb_row vc_row-fluid\"><div class=\"wpb_column vc_column_container vc_col-sm-12\"><div class=\"vc_column-inner\"><div class=\"wpb_wrapper\"><div class=\"vc_empty_space\"   style=\"height: 32px\"><span class=\"vc_empty_space_inner\"><\/span><\/div><div class=\"vc_empty_space\"   style=\"height: 32px\"><span class=\"vc_empty_space_inner\"><\/span><\/div><\/div><\/div><\/div><\/div><div class=\"vc_row wpb_row vc_row-fluid vc_custom_1565267017046\"><div class=\"wpb_column vc_column_container vc_col-sm-12\"><div class=\"vc_column-inner\"><div class=\"wpb_wrapper\">\n\t<div class=\"wpb_text_column wpb_content_element  no-margin\" >\n\t\t<div class=\"wpb_wrapper\">\n\t\t\t<p style=\"text-align: justify;\"><strong>Cabe\u00f3lica believes in increasing the well-being of the population on each island<\/strong> where it is established and has always been involved in activities that enable it to continue to make a positive contribution to society.<\/p>\n\n\t\t<\/div>\n\t<\/div>\n<\/div><\/div><\/div><\/div><div class=\"vc_row wpb_row vc_row-fluid\"><div class=\"wpb_column vc_column_container vc_col-sm-6\"><div class=\"vc_column-inner\"><div class=\"wpb_wrapper\"><div class=\"title-box  text-left\"><span class=\"title-design\">NUMBER OF LECTURES AT SECONDARY SCHOOLS<\/span><h2 class=\"title\">of Boa Vista.<\/h2><\/div>\n<div class=\"vc_chart vc_line-chart wpb_content_element\" data-vc-legend=\"1\" data-vc-tooltips=\"1\" data-vc-animation=\"easeOutBounce\" data-vc-type=\"bar\" data-vc-values=\"{&quot;labels&quot;:[&quot;2013&quot;,&quot; 2014&quot;,&quot; 2015&quot;,&quot; 2016&quot;],&quot;datasets&quot;:[{&quot;label&quot;:&quot;N\\u00daMERO DE PALESTRAS&quot;,&quot;fillColor&quot;:&quot;#0072bc&quot;,&quot;strokeColor&quot;:&quot;#0072bc&quot;,&quot;pointColor&quot;:&quot;#0072bc&quot;,&quot;pointStrokeColor&quot;:&quot;#0072bc&quot;,&quot;highlightFill&quot;:&quot;#005389&quot;,&quot;highlightStroke&quot;:&quot;#005389&quot;,&quot;pointHighlightFill&quot;:&quot;#005389&quot;,&quot;pointHighlightStroke&quot;:&quot;#005389&quot;,&quot;data&quot;:[&quot;10&quot;,&quot; 25&quot;,&quot; 27&quot;,&quot; 16&quot;]}]}\">\n\t\n\t<div class=\"wpb_wrapper\">\n\t\t<div class=\"vc_chart-with-legend\"><canvas class=\"vc_line-chart-canvas\" width=\"1\" height=\"1\"><\/canvas><\/div><ul class=\"vc_chart-legend\"><li><span style=\"background-color:#0072bc\"><\/span>NUMBER OF LECTURES<\/li><\/ul>\n\t<\/div>\n<\/div>\n<\/div><\/div><\/div><div class=\"wpb_column vc_column_container vc_col-sm-6\"><div class=\"vc_column-inner\"><div class=\"wpb_wrapper\"><div class=\"vc_empty_space\"   style=\"height: 32px\"><span class=\"vc_empty_space_inner\"><\/span><\/div><div class=\"vc_empty_space\"   style=\"height: 32px\"><span class=\"vc_empty_space_inner\"><\/span><\/div>\n\t<div class=\"wpb_text_column wpb_content_element  no-margin\" >\n\t\t<div class=\"wpb_wrapper\">\n\t\t\t<p style=\"text-align: justify;\">Since 2013, the Company has maintained its environmental education program in schools and local communities that aims <strong>to promote local environmental awareness<\/strong> about the need to conserve local species and the importance of renewable energy in general. This initiative is in line with efforts to promote the recovery of bird species populations on Boa Vista and<strong>to reduce GHG emissions.<\/strong>.<\/p>\n\n\t\t<\/div>\n\t<\/div>\n<div class=\"vc_empty_space\"   style=\"height: 32px\"><span class=\"vc_empty_space_inner\"><\/span><\/div>\n\t<div class=\"wpb_text_column wpb_content_element  no-margin\" >\n\t\t<div class=\"wpb_wrapper\">\n\t\t\t<p style=\"text-align: justify;\"><strong>This environmental program has a different theme each year<\/strong> in order to activate the students' interest and address the different concerns related to the island's birdlife.<\/p>\n\n\t\t<\/div>\n\t<\/div>\n<\/div><\/div><\/div><\/div><div class=\"vc_row wpb_row vc_row-fluid\"><div class=\"wpb_column vc_column_container vc_col-sm-12\"><div class=\"vc_column-inner\"><div class=\"wpb_wrapper\"><div class=\"vc_empty_space\"   style=\"height: 32px\"><span class=\"vc_empty_space_inner\"><\/span><\/div><div class=\"vc_empty_space\"   style=\"height: 32px\"><span class=\"vc_empty_space_inner\"><\/span><\/div><\/div><\/div><\/div><\/div><div class=\"vc_row wpb_row vc_row-fluid\"><div class=\"wpb_column vc_column_container vc_col-sm-6\"><div class=\"vc_column-inner\"><div class=\"wpb_wrapper\">\n\t<div  class=\"wpb_single_image wpb_content_element vc_align_center\">\n\t\t\n\t\t<figure class=\"wpb_wrapper vc_figure\">\n\t\t\t<div class=\"vc_single_image-wrapper   vc_box_border_grey\"><img loading=\"lazy\" decoding=\"async\" width=\"1024\" height=\"683\" src=\"https:\/\/cabeolica.com\/wp-content\/uploads\/2022\/10\/RSE_EducacaoAmbiental_1-e1450395437100-1024x683-1.jpg\" class=\"vc_single_image-img attachment-full\" alt=\"\" srcset=\"https:\/\/cabeolica.com\/wp-content\/uploads\/2022\/10\/RSE_EducacaoAmbiental_1-e1450395437100-1024x683-1.jpg 1024w, https:\/\/cabeolica.com\/wp-content\/uploads\/2022\/10\/RSE_EducacaoAmbiental_1-e1450395437100-1024x683-1-300x200.jpg 300w, https:\/\/cabeolica.com\/wp-content\/uploads\/2022\/10\/RSE_EducacaoAmbiental_1-e1450395437100-1024x683-1-768x512.jpg 768w\" sizes=\"auto, 100vw\" \/><\/div>\n\t\t<\/figure>\n\t<\/div>\n<\/div><\/div><\/div><div class=\"wpb_column vc_column_container vc_col-sm-6\"><div class=\"vc_column-inner\"><div class=\"wpb_wrapper\">\n\t<div  class=\"wpb_single_image wpb_content_element vc_align_center\">\n\t\t\n\t\t<figure class=\"wpb_wrapper vc_figure\">\n\t\t\t<div class=\"vc_single_image-wrapper   vc_box_border_grey\"><img loading=\"lazy\" decoding=\"async\" width=\"1024\" height=\"681\" src=\"https:\/\/cabeolica.com\/wp-content\/uploads\/2022\/10\/Environmental-Education-3-e1450394956933-1024x681-1.jpg\" class=\"vc_single_image-img attachment-full\" alt=\"\" srcset=\"https:\/\/cabeolica.com\/wp-content\/uploads\/2022\/10\/Environmental-Education-3-e1450394956933-1024x681-1.jpg 1024w, https:\/\/cabeolica.com\/wp-content\/uploads\/2022\/10\/Environmental-Education-3-e1450394956933-1024x681-1-300x200.jpg 300w, https:\/\/cabeolica.com\/wp-content\/uploads\/2022\/10\/Environmental-Education-3-e1450394956933-1024x681-1-768x511.jpg 768w\" sizes=\"auto, 100vw\" \/><\/div>\n\t\t<\/figure>\n\t<\/div>\n<\/div><\/div><\/div><\/div><div class=\"vc_row wpb_row vc_row-fluid\"><div class=\"wpb_column vc_column_container vc_col-sm-12\"><div class=\"vc_column-inner\"><div class=\"wpb_wrapper\"><div class=\"vc_empty_space\"   style=\"height: 32px\"><span class=\"vc_empty_space_inner\"><\/span><\/div><div class=\"vc_empty_space\"   style=\"height: 32px\"><span class=\"vc_empty_space_inner\"><\/span><\/div><\/div><\/div><\/div><\/div>","protected":false},"excerpt":{"rendered":"A Cabe\u00f3lica acredita no aumento do bem-estar da popula\u00e7\u00e3o em cada ilha onde est\u00e1 estabelecida estando envolvida, desde sempre, em atividades que permitem continuar a contribuir positivamente para a sociedade. N\u00famero de Palestras nas Escolas Secund\u00e1riasda Boa Vista. N\u00daMERO DE PALESTRAS Desde 2013 que a Empresa mant\u00e9m o seu programa de educa\u00e7\u00e3o ambiental nas escolas [...]","protected":false},"author":1,"featured_media":0,"parent":0,"menu_order":0,"comment_status":"closed","ping_status":"closed","template":"full-page.php","meta":{"_monsterinsights_skip_tracking":false,"_monsterinsights_sitenote_active":false,"_monsterinsights_sitenote_note":"","_monsterinsights_sitenote_category":0,"footnotes":""},"class_list":["post-4383","page","type-page","status-publish","hentry"],"aioseo_notices":[],"_links":{"self":[{"href":"\/en\/wp-json\/wp\/v2\/pages\/4383","targetHints":{"allow":["GET"]}}],"collection":[{"href":"\/en\/wp-json\/wp\/v2\/pages"}],"about":[{"href":"\/en\/wp-json\/wp\/v2\/types\/page"}],"author":[{"embeddable":true,"href":"\/en\/wp-json\/wp\/v2\/users\/1"}],"replies":[{"embeddable":true,"href":"\/en\/wp-json\/wp\/v2\/comments?post=4383"}],"version-history":[{"count":33,"href":"\/en\/wp-json\/wp\/v2\/pages\/4383\/revisions"}],"predecessor-version":[{"id":5669,"href":"\/en\/wp-json\/wp\/v2\/pages\/4383\/revisions\/5669"}],"wp:attachment":[{"href":"\/en\/wp-json\/wp\/v2\/media?parent=4383"}],"curies":[{"name":"wp","href":"https:\/\/api.w.org\/{rel}","templated":true}]}}