{"id":4351,"date":"2022-08-04T00:43:23","date_gmt":"2022-08-04T00:43:23","guid":{"rendered":"http:\/\/localhost:8888\/wordpress\/?page_id=4351"},"modified":"2025-02-10T22:53:11","modified_gmt":"2025-02-10T22:53:11","slug":"o-que-e-sustentabilidade","status":"publish","type":"page","link":"\/en\/o-que-e-sustentabilidade\/","title":{"rendered":"What is it?"},"content":{"rendered":"<div class=\"vc_row wpb_row vc_row-fluid\"><div class=\"wpb_column vc_column_container vc_col-sm-12\"><div class=\"vc_column-inner\"><div class=\"wpb_wrapper\"><div class=\"vc_empty_space\"   style=\"height: 32px\"><span class=\"vc_empty_space_inner\"><\/span><\/div><div class=\"vc_empty_space\"   style=\"height: 32px\"><span class=\"vc_empty_space_inner\"><\/span><\/div><\/div><\/div><\/div><\/div><div class=\"vc_row wpb_row vc_row-fluid\"><div class=\"wpb_column vc_column_container vc_col-sm-12\"><div class=\"vc_column-inner\"><div class=\"wpb_wrapper\"><h2 style=\"text-align: center\" class=\"vc_custom_heading\" >Sustainability<\/h2><div class=\"vc_empty_space\"   style=\"height: 32px\"><span class=\"vc_empty_space_inner\"><\/span><\/div>\n\t<div class=\"wpb_text_column wpb_content_element  vc_custom_1659573903085\" >\n\t\t<div class=\"wpb_wrapper\">\n\t\t\t<p style=\"text-align: justify;\">Sustainability is a condition of a process that allows the development of present generations while guaranteeing the needs of future generations.<\/p>\n<p style=\"text-align: justify;\">It is a concept directly related to <b>economic and material development without harming the environment,<\/b>using natural resources intelligently so that they can be maintained in the future. By following these parameters, humanity can guarantee sustainable development.<\/p>\n\n\t\t<\/div>\n\t<\/div>\n<\/div><\/div><\/div><\/div><div class=\"vc_row wpb_row vc_row-fluid vc_custom_1576904220582\"><div class=\"wpb_column vc_column_container vc_col-sm-12\"><div class=\"vc_column-inner\"><div class=\"wpb_wrapper\"><div class=\"vc_empty_space\"   style=\"height: 32px\"><span class=\"vc_empty_space_inner\"><\/span><\/div>\n\t<div class=\"wpb_text_column wpb_content_element\" >\n\t\t<div class=\"wpb_wrapper\">\n\t\t\t<p style=\"text-align: justify;\">In an effort to increase its positive impact on the environment, in <b>addition to producing clean energy, Cabe\u00f3lica has developed environmental and social<\/b>projects, namely:<\/p>\n\n\t\t<\/div>\n\t<\/div>\n\r\n\t<div class=\"text-left\">\r\n\t\t<ul class=\"iq-list\">\r\n\t        <li>\r\n\t            <i class=\"ion ion-android-checkbox\"><\/i>\r\n\t\t            <span style=\"color: #000000\">Biodiversity programs for different endemic species.<\/span>        \r\n\t        <\/li>\r\n\t        <li>\r\n\t            <i class=\"ion ion-android-checkbox\"><\/i>\r\n\t\t            <span style=\"color: #000000\">Environmental monitoring of its impact on the environment and the community.<\/span>        \r\n\t        <\/li>\r\n\t        <li>\r\n\t            <i class=\"ion ion-android-checkbox\"><\/i>\r\n\t\t            <span style=\"color: #000000\">Support to important environmental and social projects, developed by the community, through its corporate social responsibility fund.<\/span>        \r\n\t        <\/li>\r\n\t        <li>\r\n\t            <i class=\"ion ion-android-checkbox\"><\/i>\r\n\t\t            <span style=\"color: #000000\">Environmental awareness programs for children - EOLO.<\/span>        \r\n\t        <\/li>\r\n\t\t<\/ul>\r\n\t<\/div><div class=\"vc_empty_space\"   style=\"height: 32px\"><span class=\"vc_empty_space_inner\"><\/span><\/div><div class=\"vc_empty_space\"   style=\"height: 32px\"><span class=\"vc_empty_space_inner\"><\/span><\/div><\/div><\/div><\/div><\/div><div class=\"vc_row wpb_row vc_row-fluid\"><div class=\"wpb_column vc_column_container vc_col-sm-12\"><div class=\"vc_column-inner\"><div class=\"wpb_wrapper\"><div class=\"vc_empty_space\"   style=\"height: 32px\"><span class=\"vc_empty_space_inner\"><\/span><\/div><div class=\"vc_btn3-container vc_btn3-left\" ><a class=\"vc_general vc_btn3 vc_btn3-size-md vc_btn3-shape-rounded vc_btn3-style-modern vc_btn3-icon-left vc_btn3-color-grey\" href=\"\/wp-content\/uploads\/2025\/02\/ES-Policy.pdf\" title=\"\" target=\"_blank\"><i class=\"vc_btn3-icon typcn typcn-document\"><\/i> Environmental and Social Policy<\/a><\/div><div class=\"vc_empty_space\"   style=\"height: 32px\"><span class=\"vc_empty_space_inner\"><\/span><\/div><\/div><\/div><\/div><\/div><div class=\"vc_row wpb_row vc_row-fluid\"><div class=\"wpb_column vc_column_container vc_col-sm-6\"><div class=\"vc_column-inner\"><div class=\"wpb_wrapper\">\n\t<div class=\"wpb_video_widget wpb_content_element vc_clearfix   vc_video-aspect-ratio-169 vc_video-el-width-100 vc_video-align-left\" >\n\t\t<div class=\"wpb_wrapper\">\n\t\t\t\n\t\t\t<div class=\"wpb_video_wrapper\"><iframe loading=\"lazy\" title=\"Cabe\u00f3lica Environmental Activity\" width=\"525\" height=\"295\" src=\"https:\/\/www.youtube.com\/embed\/fKEt4oJztxQ?feature=oembed\" frameborder=\"0\" allow=\"accelerometer; autoplay; clipboard-write; encrypted-media; gyroscope; picture-in-picture; web-share\" referrerpolicy=\"strict-origin-when-cross-origin\" allowfullscreen><\/iframe><\/div>\n\t\t<\/div>\n\t<\/div>\n<div class=\"title-box  text-left\"><span class=\"title-design\">Environmental Responsability<\/span><\/div>\n\t<div class=\"wpb_text_column wpb_content_element\" >\n\t\t<div class=\"wpb_wrapper\">\n\t\t\t<p style=\"text-align: justify;\">It is the designation given to attitudes aimed at protecting the environment and at the planet's sustainable development.<\/p>\n\n\t\t<\/div>\n\t<\/div>\n<div class=\"vc_btn3-container vc_btn3-center\" ><a class=\"vc_general vc_btn3 vc_btn3-size-md vc_btn3-shape-rounded vc_btn3-style-modern vc_btn3-color-primary\" href=\"\/en\/o-que-e-responsabilidade-ambiental\/\" title=\"Environmental Responsability\">MORE<\/a><\/div><\/div><\/div><\/div><div class=\"wpb_column vc_column_container vc_col-sm-6\"><div class=\"vc_column-inner\"><div class=\"wpb_wrapper\">\n\t<div class=\"wpb_video_widget wpb_content_element vc_clearfix   vc_video-aspect-ratio-169 vc_video-el-width-100 vc_video-align-left\" >\n\t\t<div class=\"wpb_wrapper\">\n\t\t\t\n\t\t\t<div class=\"wpb_video_wrapper\"><iframe loading=\"lazy\" title=\"Cabe\u00f3lica Social Responsibility\" width=\"525\" height=\"295\" src=\"https:\/\/www.youtube.com\/embed\/FYG_z_DY950?feature=oembed\" frameborder=\"0\" allow=\"accelerometer; autoplay; clipboard-write; encrypted-media; gyroscope; picture-in-picture; web-share\" referrerpolicy=\"strict-origin-when-cross-origin\" allowfullscreen><\/iframe><\/div>\n\t\t<\/div>\n\t<\/div>\n<div class=\"title-box  text-left\"><span class=\"title-design\">Social Responsability<\/span><\/div>\n\t<div class=\"wpb_text_column wpb_content_element\" >\n\t\t<div class=\"wpb_wrapper\">\n\t\t\t<p style=\"text-align: justify;\">It is a concept whereby companies decide, on a voluntary basis, to contribute to a fairer society and a cleaner environment.<\/p>\n\n\t\t<\/div>\n\t<\/div>\n<div class=\"vc_btn3-container vc_btn3-center\" ><a class=\"vc_general vc_btn3 vc_btn3-size-md vc_btn3-shape-rounded vc_btn3-style-modern vc_btn3-color-primary\" href=\"\/en\/o-que-e-responsabilidade-social\/\" title=\"Social Responsability\">MORE<\/a><\/div><\/div><\/div><\/div><\/div><div class=\"vc_row wpb_row vc_row-fluid\"><div class=\"wpb_column vc_column_container vc_col-sm-12\"><div class=\"vc_column-inner\"><div class=\"wpb_wrapper\"><div class=\"vc_empty_space\"   style=\"height: 32px\"><span class=\"vc_empty_space_inner\"><\/span><\/div><div class=\"vc_empty_space\"   style=\"height: 32px\"><span class=\"vc_empty_space_inner\"><\/span><\/div><\/div><\/div><\/div><\/div>","protected":false},"excerpt":{"rendered":"Sustentabilidade Sustentabilidade\u00a0\u00e9 uma condi\u00e7\u00e3o de um processo que permite o\u00a0desenvolvimento das gera\u00e7\u00f5es presentes garantindo, ao mesmo tempo, as necessidades das gera\u00e7\u00f5es futuras. \u00c9 um conceito\u00a0diretamente relacionado com o desenvolvimento econ\u00f3mico e material sem agredir o meio ambiente, usando os recursos naturais de forma inteligente para que eles se mantenham no futuro. Seguindo estes par\u00e2metros, a [...]","protected":false},"author":1,"featured_media":0,"parent":0,"menu_order":0,"comment_status":"closed","ping_status":"closed","template":"full-page.php","meta":{"_monsterinsights_skip_tracking":false,"_monsterinsights_sitenote_active":false,"_monsterinsights_sitenote_note":"","_monsterinsights_sitenote_category":0,"footnotes":""},"class_list":["post-4351","page","type-page","status-publish","hentry"],"aioseo_notices":[],"_links":{"self":[{"href":"\/en\/wp-json\/wp\/v2\/pages\/4351","targetHints":{"allow":["GET"]}}],"collection":[{"href":"\/en\/wp-json\/wp\/v2\/pages"}],"about":[{"href":"\/en\/wp-json\/wp\/v2\/types\/page"}],"author":[{"embeddable":true,"href":"\/en\/wp-json\/wp\/v2\/users\/1"}],"replies":[{"embeddable":true,"href":"\/en\/wp-json\/wp\/v2\/comments?post=4351"}],"version-history":[{"count":43,"href":"\/en\/wp-json\/wp\/v2\/pages\/4351\/revisions"}],"predecessor-version":[{"id":6435,"href":"\/en\/wp-json\/wp\/v2\/pages\/4351\/revisions\/6435"}],"wp:attachment":[{"href":"\/en\/wp-json\/wp\/v2\/media?parent=4351"}],"curies":[{"name":"wp","href":"https:\/\/api.w.org\/{rel}","templated":true}]}}