{"id":4314,"date":"2022-08-03T23:10:44","date_gmt":"2022-08-03T23:10:44","guid":{"rendered":"http:\/\/localhost:8888\/wordpress\/?page_id=4314"},"modified":"2022-11-08T14:33:05","modified_gmt":"2022-11-08T14:33:05","slug":"politica-da-qualidade","status":"publish","type":"page","link":"\/en\/politica-da-qualidade\/","title":{"rendered":"Quality Policy"},"content":{"rendered":"<div class=\"vc_row wpb_row vc_row-fluid vc_custom_1564573773033\"><div class=\"wpb_column vc_column_container vc_col-sm-12\"><div class=\"vc_column-inner\"><div class=\"wpb_wrapper\"><div class=\"vc_empty_space\"   style=\"height: 32px\"><span class=\"vc_empty_space_inner\"><\/span><\/div><div class=\"vc_empty_space\"   style=\"height: 32px\"><span class=\"vc_empty_space_inner\"><\/span><\/div><div class=\"title-box  text-left\"><h4 class=\"title\">Set of guiding principles<\/h4><\/div>\r\n\t<div class=\"text-left no-margin\">\r\n\t\t<ul class=\"iq-list\">\r\n\t        <li>\r\n\t            <i class=\"ion ion-android-checkbox\"><\/i>\r\n\t\t            <span style=\"color: #000000\">Ensure the quality of the energy delivered to the electricity grids.<\/span>        \r\n\t        <\/li>\r\n\t        <li>\r\n\t            <i class=\"ion ion-android-checkbox\"><\/i>\r\n\t\t            <span style=\"color: #000000\">Continuously improve the technical and commercial relationship with Electra (Public Company for Electricity and Water).<\/span>        \r\n\t        <\/li>\r\n\t        <li>\r\n\t            <i class=\"ion ion-android-checkbox\"><\/i>\r\n\t\t            <span style=\"color: #000000\">Comply with the requirements of ISO 9001, legal and statutory, contractual and others that the company subscribes with interested parties.<\/span>        \r\n\t        <\/li>\r\n\t        <li>\r\n\t            <i class=\"ion ion-android-checkbox\"><\/i>\r\n\t\t            <span style=\"color: #000000\">Ensure effective process management and compliance with internal control procedures.<\/span>        \r\n\t        <\/li>\r\n\t        <li>\r\n\t            <i class=\"ion ion-android-checkbox\"><\/i>\r\n\t\t            <span style=\"color: #000000\">Continuously improve the quality management system.<\/span>        \r\n\t        <\/li>\r\n\t        <li>\r\n\t            <i class=\"ion ion-android-checkbox\"><\/i>\r\n\t\t            <span style=\"color: #000000\">Establish, periodically, quality objectives that help implement the quality policy.<\/span>        \r\n\t        <\/li>\r\n\t\t<\/ul>\r\n\t<\/div><div class=\"vc_empty_space\"   style=\"height: 32px\"><span class=\"vc_empty_space_inner\"><\/span><\/div><div class=\"vc_empty_space\"   style=\"height: 32px\"><span class=\"vc_empty_space_inner\"><\/span><\/div><div class=\"title-box  text-left\"><h4 class=\"title\">Scope of application<\/h4><\/div>\n\t<div class=\"wpb_text_column wpb_content_element\" >\n\t\t<div class=\"wpb_wrapper\">\n\t\t\t<p style=\"text-align: justify;\">Cabe\u00f3lica implements a QMS in the following scope:<\/p>\n\n\t\t<\/div>\n\t<\/div>\n\n\t<div class=\"wpb_text_column wpb_content_element\" >\n\t\t<div class=\"wpb_wrapper\">\n\t\t\t<blockquote><p>\n\"Production and Commercialization of electricity from wind energy on the islands of Santiago, S\u00e3o Vicente, Sal and Boa Vista.\"\n<\/p><\/blockquote>\n\n\t\t<\/div>\n\t<\/div>\n<div class=\"vc_empty_space\"   style=\"height: 32px\"><span class=\"vc_empty_space_inner\"><\/span><\/div><div class=\"title-box  text-left\"><h4 class=\"title\">Quality Objectives<\/h4><\/div>\r\n\t<div class=\"text-left no-margin\">\r\n\t\t<ul class=\"iq-list\">\r\n\t        <li>\r\n\t            <i class=\"ion ion-android-checkbox\"><\/i>\r\n\t\t            <span style=\"color: #000000\">Comply with all delivery parameters of the wind energy produced, aiming to achieve the goal of \"0 wind farm shutdowns\" originated by Cabe\u00f3lica's wind farms.<\/span>        \r\n\t        <\/li>\r\n\t        <li>\r\n\t            <i class=\"ion ion-android-checkbox\"><\/i>\r\n\t\t            <span style=\"color: #000000\">Hold 2 bi-annual meetings, technical and commercial, with Electra.<\/span>        \r\n\t        <\/li>\r\n\t        <li>\r\n\t            <i class=\"ion ion-android-checkbox\"><\/i>\r\n\t\t            <span style=\"color: #000000\">Implement 2 improvements to the SGQ.<\/span>        \r\n\t        <\/li>\r\n\t\t<\/ul>\r\n\t<\/div><\/div><\/div><\/div><\/div><div class=\"vc_row wpb_row vc_row-fluid\"><div class=\"wpb_column vc_column_container vc_col-sm-12\"><div class=\"vc_column-inner\"><div class=\"wpb_wrapper\"><div class=\"vc_empty_space\"   style=\"height: 32px\"><span class=\"vc_empty_space_inner\"><\/span><\/div><div class=\"vc_empty_space\"   style=\"height: 32px\"><span class=\"vc_empty_space_inner\"><\/span><\/div><div class=\"vc_empty_space\"   style=\"height: 32px\"><span class=\"vc_empty_space_inner\"><\/span><\/div><\/div><\/div><\/div><\/div>","protected":false},"excerpt":{"rendered":"Conjunto de princ\u00edpios orientadores Assegurar a qualidade da energia entregue \u00e0s redes el\u00e9tricas. Melhorar, continuamente, a rela\u00e7\u00e3o t\u00e9cnica e comercial com a Electra (Empresa P\u00fablica de Eletricidade e \u00c1gua). Cumprir os requisitos da ISO 9001, legais e estatut\u00e1rios, contratuais e outros que a empresa subscreva com partes interessadas. Assegurar uma gest\u00e3o de processos eficaz e [...]","protected":false},"author":1,"featured_media":0,"parent":0,"menu_order":0,"comment_status":"closed","ping_status":"closed","template":"full-page.php","meta":{"_monsterinsights_skip_tracking":false,"_monsterinsights_sitenote_active":false,"_monsterinsights_sitenote_note":"","_monsterinsights_sitenote_category":0,"footnotes":""},"class_list":["post-4314","page","type-page","status-publish","hentry"],"aioseo_notices":[],"_links":{"self":[{"href":"\/en\/wp-json\/wp\/v2\/pages\/4314","targetHints":{"allow":["GET"]}}],"collection":[{"href":"\/en\/wp-json\/wp\/v2\/pages"}],"about":[{"href":"\/en\/wp-json\/wp\/v2\/types\/page"}],"author":[{"embeddable":true,"href":"\/en\/wp-json\/wp\/v2\/users\/1"}],"replies":[{"embeddable":true,"href":"\/en\/wp-json\/wp\/v2\/comments?post=4314"}],"version-history":[{"count":35,"href":"\/en\/wp-json\/wp\/v2\/pages\/4314\/revisions"}],"predecessor-version":[{"id":5764,"href":"\/en\/wp-json\/wp\/v2\/pages\/4314\/revisions\/5764"}],"wp:attachment":[{"href":"\/en\/wp-json\/wp\/v2\/media?parent=4314"}],"curies":[{"name":"wp","href":"https:\/\/api.w.org\/{rel}","templated":true}]}}