{"id":4303,"date":"2022-08-03T22:52:48","date_gmt":"2022-08-03T22:52:48","guid":{"rendered":"http:\/\/localhost:8888\/wordpress\/?page_id=4303"},"modified":"2022-11-08T14:44:36","modified_gmt":"2022-11-08T14:44:36","slug":"financiadores","status":"publish","type":"page","link":"\/en\/financiadores\/","title":{"rendered":"Lenders"},"content":{"rendered":"<div class=\"vc_row wpb_row vc_row-fluid\"><div class=\"wpb_column vc_column_container vc_col-sm-12\"><div class=\"vc_column-inner\"><div class=\"wpb_wrapper\"><div class=\"vc_empty_space\"   style=\"height: 32px\"><span class=\"vc_empty_space_inner\"><\/span><\/div><div class=\"vc_empty_space\"   style=\"height: 32px\"><span class=\"vc_empty_space_inner\"><\/span><\/div><\/div><\/div><\/div><\/div><div class=\"vc_row wpb_row vc_row-fluid\"><div class=\"wpb_column vc_column_container vc_col-sm-6\"><div class=\"vc_column-inner\"><div class=\"wpb_wrapper\"><div class=\"title-box  text-left\"><h4 class=\"title\">European Investment Bank<\/h4><\/div>\n\t<div class=\"wpb_text_column wpb_content_element  mb-3 mt-3 mt-lg-0 mt-md-0\" >\n\t\t<div class=\"wpb_wrapper\">\n\t\t\t<p style=\"text-align: justify;\">The European Investment Bank is a European Union institution whose objective is to grant long-term credit to projects that are economically viable and\/or contribute to the sustainable development of a region.<\/p>\n<p style=\"text-align: justify;\">With a strong commitment to renewable energy in order to reduce the impact of climate change, EIB supports various different public-private projects in the public interest encouraging environmental protection and the security of the energy supply.<\/p>\n\n\t\t<\/div>\n\t<\/div>\n<\/div><\/div><\/div><div class=\"wpb_column vc_column_container vc_col-sm-6\"><div class=\"vc_column-inner\"><div class=\"wpb_wrapper\">\n\t<div  class=\"wpb_single_image wpb_content_element vc_align_center   no-margin\">\n\t\t\n\t\t<figure class=\"wpb_wrapper vc_figure\">\n\t\t\t<div class=\"vc_single_image-wrapper   vc_box_border_grey\"><img loading=\"lazy\" decoding=\"async\" width=\"300\" height=\"191\" src=\"https:\/\/cabeolica.com\/wp-content\/uploads\/2022\/08\/eureupean-invest-bank-300x191.png\" class=\"vc_single_image-img attachment-medium\" alt=\"\" srcset=\"https:\/\/cabeolica.com\/wp-content\/uploads\/2022\/08\/eureupean-invest-bank-300x191.png 300w, https:\/\/cabeolica.com\/wp-content\/uploads\/2022\/08\/eureupean-invest-bank.png 530w\" sizes=\"auto, 100vw\" \/><\/div>\n\t\t<\/figure>\n\t<\/div>\n<div class=\"vc_btn3-container vc_btn3-center\" ><a style=\"background-color:#0072bc; color:#ffffff;\" class=\"vc_general vc_btn3 vc_btn3-size-lg vc_btn3-shape-rounded vc_btn3-style-custom vc_btn3-icon-left\" href=\"https:\/\/www.eib.org\/en\/\" title=\"www.eib.org\" target=\"_blank\"><i class=\"vc_btn3-icon fas fa-globe\"><\/i> www.eib.org<\/a><\/div><div class=\"vc_empty_space\"   style=\"height: 32px\"><span class=\"vc_empty_space_inner\"><\/span><\/div><\/div><\/div><\/div><\/div><div class=\"vc_row wpb_row vc_row-fluid\"><div class=\"wpb_column vc_column_container vc_col-sm-12\"><div class=\"vc_column-inner\"><div class=\"wpb_wrapper\"><div class=\"vc_empty_space\"   style=\"height: 32px\"><span class=\"vc_empty_space_inner\"><\/span><\/div><div class=\"vc_empty_space\"   style=\"height: 32px\"><span class=\"vc_empty_space_inner\"><\/span><\/div><\/div><\/div><\/div><\/div><div class=\"vc_row wpb_row vc_row-fluid\"><div class=\"wpb_column vc_column_container vc_col-sm-6\"><div class=\"vc_column-inner\"><div class=\"wpb_wrapper\"><div class=\"title-box  text-left\"><h4 class=\"title\">African Development Bank<\/h4><\/div>\n\t<div class=\"wpb_text_column wpb_content_element  mb-3 mt-3 mt-lg-0 mt-md-0\" >\n\t\t<div class=\"wpb_wrapper\">\n\t\t\t<p style=\"text-align: justify;\">The objective of the African Development Bank is to stimulate the economic growth and social progress of its member countries, which include Cabo Verde.<\/p>\n<p style=\"text-align: justify;\">For this millennium, one of the Bank\u2019s priorities is supporting projects that contribute to environmental sustainability and to the development of renewable energy within the African continent.<\/p>\n\n\t\t<\/div>\n\t<\/div>\n<\/div><\/div><\/div><div class=\"wpb_column vc_column_container vc_col-sm-6\"><div class=\"vc_column-inner\"><div class=\"wpb_wrapper\">\n\t<div  class=\"wpb_single_image wpb_content_element vc_align_center   no-margin\">\n\t\t\n\t\t<figure class=\"wpb_wrapper vc_figure\">\n\t\t\t<div class=\"vc_single_image-wrapper   vc_box_border_grey\"><img loading=\"lazy\" decoding=\"async\" width=\"300\" height=\"191\" src=\"https:\/\/cabeolica.com\/wp-content\/uploads\/2022\/08\/banco-africano-300x191.png\" class=\"vc_single_image-img attachment-medium\" alt=\"\" srcset=\"https:\/\/cabeolica.com\/wp-content\/uploads\/2022\/08\/banco-africano-300x191.png 300w, https:\/\/cabeolica.com\/wp-content\/uploads\/2022\/08\/banco-africano.png 530w\" sizes=\"auto, 100vw\" \/><\/div>\n\t\t<\/figure>\n\t<\/div>\n<div class=\"vc_btn3-container vc_btn3-center\" ><a style=\"background-color:#0072bc; color:#ffffff;\" class=\"vc_general vc_btn3 vc_btn3-size-lg vc_btn3-shape-rounded vc_btn3-style-custom vc_btn3-icon-left\" href=\"https:\/\/www.afdb.org\/en\" title=\"www.afdb.org\" target=\"_blank\"><i class=\"vc_btn3-icon fas fa-globe\"><\/i> www.afdb.org<\/a><\/div><div class=\"vc_empty_space\"   style=\"height: 32px\"><span class=\"vc_empty_space_inner\"><\/span><\/div><\/div><\/div><\/div><\/div><div class=\"vc_row wpb_row vc_row-fluid\"><div class=\"wpb_column vc_column_container vc_col-sm-12\"><div class=\"vc_column-inner\"><div class=\"wpb_wrapper\"><div class=\"vc_empty_space\"   style=\"height: 32px\"><span class=\"vc_empty_space_inner\"><\/span><\/div><div class=\"vc_empty_space\"   style=\"height: 32px\"><span class=\"vc_empty_space_inner\"><\/span><\/div><\/div><\/div><\/div><\/div>","protected":false},"excerpt":{"rendered":"Banco Europeu de Investimento Banco Europeu de Investimentos \u00e9 uma institui\u00e7\u00e3o da Uni\u00e3o Europeia que tem como objetivo conceber cr\u00e9ditos de longo prazo a projetos que sejam economicamente vi\u00e1veis e\/ou que contribuam para o desenvolvimento sustent\u00e1vel de uma regi\u00e3o. Com uma forte aposta nas energias renov\u00e1veis para diminuir os impactos das altera\u00e7\u00f5es clim\u00e1ticas, o BEI [...]","protected":false},"author":1,"featured_media":0,"parent":0,"menu_order":0,"comment_status":"closed","ping_status":"closed","template":"full-page.php","meta":{"_monsterinsights_skip_tracking":false,"_monsterinsights_sitenote_active":false,"_monsterinsights_sitenote_note":"","_monsterinsights_sitenote_category":0,"footnotes":""},"class_list":["post-4303","page","type-page","status-publish","hentry"],"aioseo_notices":[],"_links":{"self":[{"href":"\/en\/wp-json\/wp\/v2\/pages\/4303","targetHints":{"allow":["GET"]}}],"collection":[{"href":"\/en\/wp-json\/wp\/v2\/pages"}],"about":[{"href":"\/en\/wp-json\/wp\/v2\/types\/page"}],"author":[{"embeddable":true,"href":"\/en\/wp-json\/wp\/v2\/users\/1"}],"replies":[{"embeddable":true,"href":"\/en\/wp-json\/wp\/v2\/comments?post=4303"}],"version-history":[{"count":23,"href":"\/en\/wp-json\/wp\/v2\/pages\/4303\/revisions"}],"predecessor-version":[{"id":5771,"href":"\/en\/wp-json\/wp\/v2\/pages\/4303\/revisions\/5771"}],"wp:attachment":[{"href":"\/en\/wp-json\/wp\/v2\/media?parent=4303"}],"curies":[{"name":"wp","href":"https:\/\/api.w.org\/{rel}","templated":true}]}}