{"id":4265,"date":"2022-08-03T21:03:02","date_gmt":"2022-08-03T21:03:02","guid":{"rendered":"http:\/\/localhost:8888\/wordpress\/?page_id=4265"},"modified":"2023-01-28T11:07:17","modified_gmt":"2023-01-28T11:07:17","slug":"acionistas","status":"publish","type":"page","link":"\/en\/acionistas\/","title":{"rendered":"Shareholders"},"content":{"rendered":"<div class=\"vc_row wpb_row vc_row-fluid\"><div class=\"wpb_column vc_column_container vc_col-sm-12\"><div class=\"vc_column-inner\"><div class=\"wpb_wrapper\"><div class=\"vc_empty_space\"   style=\"height: 32px\"><span class=\"vc_empty_space_inner\"><\/span><\/div><div class=\"vc_empty_space\"   style=\"height: 32px\"><span class=\"vc_empty_space_inner\"><\/span><\/div><\/div><\/div><\/div><\/div><div class=\"vc_row wpb_row vc_row-fluid vc_custom_1566970537061 vc_row-o-equal-height vc_row-o-content-middle vc_row-flex\"><div class=\"wpb_column vc_column_container vc_col-sm-12 vc_col-lg-7 vc_col-md-7\"><div class=\"vc_column-inner\"><div class=\"wpb_wrapper\"><div class=\"title-box  text-left\"><h4 class=\"title\">AFC Equity Investments<\/h4><\/div>\n\t<div class=\"wpb_text_column wpb_content_element  mb-3 mt-3 mt-lg-0 mt-md-0\" >\n\t\t<div class=\"wpb_wrapper\">\n\t\t\t<p style=\"text-align: justify;\">AFC Equity Investments is a wholly owned subsidiary of Africa Finance Corporation (AFC), which directly and indirectly remains Cabeolica\u2019s largest investor since 2010. AFC is a pan-African multilateral financial institution made up of sovereign states , of which Cabo Verde is also a member state. Its main shareholders are the Central Bank of Nigeria and some of the largest African commercial and development banks.<\/p>\n\n\t\t<\/div>\n\t<\/div>\n<\/div><\/div><\/div><div class=\"mt-lg-0 mt-5 wpb_column vc_column_container vc_col-sm-12 vc_col-lg-5 vc_col-md-5\"><div class=\"vc_column-inner\"><div class=\"wpb_wrapper\">\n\t<div  class=\"wpb_single_image wpb_content_element vc_align_center   no-margin\">\n\t\t\n\t\t<figure class=\"wpb_wrapper vc_figure\">\n\t\t\t<div class=\"vc_single_image-wrapper   vc_box_border_grey\"><img loading=\"lazy\" decoding=\"async\" width=\"300\" height=\"191\" src=\"https:\/\/cabeolica.com\/wp-content\/uploads\/2022\/11\/logo-africa-finance-300x191.png\" class=\"vc_single_image-img attachment-medium\" alt=\"\" srcset=\"https:\/\/cabeolica.com\/wp-content\/uploads\/2022\/11\/logo-africa-finance-300x191.png 300w, https:\/\/cabeolica.com\/wp-content\/uploads\/2022\/11\/logo-africa-finance.png 530w\" sizes=\"auto, 100vw\" \/><\/div>\n\t\t<\/figure>\n\t<\/div>\n<div class=\"vc_btn3-container vc_btn3-center\" ><a style=\"background-color:#0072bc; color:#ffffff;\" class=\"vc_general vc_btn3 vc_btn3-size-lg vc_btn3-shape-rounded vc_btn3-style-custom vc_btn3-icon-left\" href=\"https:\/\/www.africafc.org\" title=\"www.africafc.org\" target=\"_blank\"><i class=\"vc_btn3-icon fas fa-globe\"><\/i> www.africafc.org<\/a><\/div><div class=\"vc_empty_space\"   style=\"height: 32px\"><span class=\"vc_empty_space_inner\"><\/span><\/div><\/div><\/div><\/div><\/div><div class=\"vc_row wpb_row vc_row-fluid\"><div class=\"wpb_column vc_column_container vc_col-sm-12\"><div class=\"vc_column-inner\"><div class=\"wpb_wrapper\"><div class=\"vc_empty_space\"   style=\"height: 32px\"><span class=\"vc_empty_space_inner\"><\/span><\/div><div class=\"vc_empty_space\"   style=\"height: 32px\"><span class=\"vc_empty_space_inner\"><\/span><\/div><\/div><\/div><\/div><\/div><div class=\"vc_row wpb_row vc_row-fluid vc_custom_1566970537061 vc_row-o-equal-height vc_row-o-content-middle vc_row-flex\"><div class=\"wpb_column vc_column_container vc_col-sm-12 vc_col-lg-7 vc_col-md-7\"><div class=\"vc_column-inner\"><div class=\"wpb_wrapper\"><div class=\"title-box  text-left\"><h4 class=\"title\">African Energy Transition Holding<\/h4><\/div>\n\t<div class=\"wpb_text_column wpb_content_element  mb-3 mt-3 mt-lg-0 mt-md-0\" >\n\t\t<div class=\"wpb_wrapper\">\n\t\t\t<p style=\"text-align: justify;\">African Energy Transition Holding Capital is part of A.P. Moller Group, through the African Infrastructure Fund (AIF), managed by AP Moller Capital. The AIF fund was created to invest in infrastructure assets on the African continent, having several holdings on this continent, namely in the energy sector.<\/p>\n\n\t\t<\/div>\n\t<\/div>\n<\/div><\/div><\/div><div class=\"mt-lg-0 mt-5 wpb_column vc_column_container vc_col-sm-12 vc_col-lg-5 vc_col-md-5\"><div class=\"vc_column-inner\"><div class=\"wpb_wrapper\">\n\t<div  class=\"wpb_single_image wpb_content_element vc_align_center   no-margin\">\n\t\t\n\t\t<figure class=\"wpb_wrapper vc_figure\">\n\t\t\t<div class=\"vc_single_image-wrapper   vc_box_border_grey\"><img loading=\"lazy\" decoding=\"async\" width=\"300\" height=\"191\" src=\"https:\/\/cabeolica.com\/wp-content\/uploads\/2022\/08\/ap-moller-300x191.png\" class=\"vc_single_image-img attachment-medium\" alt=\"\" srcset=\"https:\/\/cabeolica.com\/wp-content\/uploads\/2022\/08\/ap-moller-300x191.png 300w, https:\/\/cabeolica.com\/wp-content\/uploads\/2022\/08\/ap-moller.png 530w\" sizes=\"auto, 100vw\" \/><\/div>\n\t\t<\/figure>\n\t<\/div>\n<div class=\"vc_btn3-container vc_btn3-center\" ><a style=\"background-color:#0072bc; color:#ffffff;\" class=\"vc_general vc_btn3 vc_btn3-size-lg vc_btn3-shape-rounded vc_btn3-style-custom vc_btn3-icon-left\" href=\"https:\/\/apmollercapital.com\/en\/\" title=\"apmollercapital.com\" target=\"_blank\"><i class=\"vc_btn3-icon fas fa-globe\"><\/i> www.apmollercapital.com<\/a><\/div><div class=\"vc_empty_space\"   style=\"height: 32px\"><span class=\"vc_empty_space_inner\"><\/span><\/div><\/div><\/div><\/div><\/div><div class=\"vc_row wpb_row vc_row-fluid\"><div class=\"wpb_column vc_column_container vc_col-sm-12\"><div class=\"vc_column-inner\"><div class=\"wpb_wrapper\"><div class=\"vc_empty_space\"   style=\"height: 32px\"><span class=\"vc_empty_space_inner\"><\/span><\/div><div class=\"vc_empty_space\"   style=\"height: 32px\"><span class=\"vc_empty_space_inner\"><\/span><\/div><\/div><\/div><\/div><\/div><div class=\"vc_row wpb_row vc_row-fluid vc_custom_1566970537061 vc_row-o-equal-height vc_row-o-content-middle vc_row-flex\"><div class=\"wpb_column vc_column_container vc_col-sm-12 vc_col-lg-7 vc_col-md-7\"><div class=\"vc_column-inner\"><div class=\"wpb_wrapper\"><div class=\"title-box  text-left\"><h4 class=\"title\">Electra, S.A.<\/h4><\/div>\n\t<div class=\"wpb_text_column wpb_content_element  mb-3 mt-3 mt-lg-0 mt-md-0\" >\n\t\t<div class=\"wpb_wrapper\">\n\t\t\t<p style=\"text-align: justify;\">The Public Electricity and Water Company Electra was created in 1982 and has the mission providing electricity, water and services throughout Cabo Verde\u2019s territory. The company is held by the state and by private companies, with the technical and financial capacity to guarantee the continuous supply of water and electricity in economical and safe conditions, promoting and favoring Cabo Verde\u2019s socio-economic development.<\/p>\n\n\t\t<\/div>\n\t<\/div>\n<\/div><\/div><\/div><div class=\"mt-lg-0 mt-5 wpb_column vc_column_container vc_col-sm-12 vc_col-lg-5 vc_col-md-5\"><div class=\"vc_column-inner\"><div class=\"wpb_wrapper\">\n\t<div  class=\"wpb_single_image wpb_content_element vc_align_center   no-margin\">\n\t\t\n\t\t<figure class=\"wpb_wrapper vc_figure\">\n\t\t\t<div class=\"vc_single_image-wrapper   vc_box_border_grey\"><img loading=\"lazy\" decoding=\"async\" width=\"300\" height=\"191\" src=\"https:\/\/cabeolica.com\/wp-content\/uploads\/2022\/11\/eletra-300x191.png\" class=\"vc_single_image-img attachment-medium\" alt=\"\" srcset=\"https:\/\/cabeolica.com\/wp-content\/uploads\/2022\/11\/eletra-300x191.png 300w, https:\/\/cabeolica.com\/wp-content\/uploads\/2022\/11\/eletra.png 530w\" sizes=\"auto, 100vw\" \/><\/div>\n\t\t<\/figure>\n\t<\/div>\n<div class=\"vc_btn3-container vc_btn3-center\" ><a style=\"background-color:#0072bc; color:#ffffff;\" class=\"vc_general vc_btn3 vc_btn3-size-lg vc_btn3-shape-rounded vc_btn3-style-custom vc_btn3-icon-left\" href=\"https:\/\/www.electra.cv\" title=\"www.electra.cv\" target=\"_blank\"><i class=\"vc_btn3-icon fas fa-globe\"><\/i> www.electra.cv<\/a><\/div><div class=\"vc_empty_space\"   style=\"height: 32px\"><span class=\"vc_empty_space_inner\"><\/span><\/div><\/div><\/div><\/div><\/div><div class=\"vc_row wpb_row vc_row-fluid\"><div class=\"wpb_column vc_column_container vc_col-sm-12\"><div class=\"vc_column-inner\"><div class=\"wpb_wrapper\"><div class=\"vc_empty_space\"   style=\"height: 32px\"><span class=\"vc_empty_space_inner\"><\/span><\/div><div class=\"vc_empty_space\"   style=\"height: 32px\"><span class=\"vc_empty_space_inner\"><\/span><\/div><\/div><\/div><\/div><\/div><div class=\"vc_row wpb_row vc_row-fluid vc_custom_1566970537061 vc_row-o-equal-height vc_row-o-content-middle vc_row-flex\"><div class=\"wpb_column vc_column_container vc_col-sm-12 vc_col-lg-7 vc_col-md-7\"><div class=\"vc_column-inner\"><div class=\"wpb_wrapper\"><div class=\"title-box  text-left\"><h4 class=\"title\">The State of Cabo Verde<\/h4><\/div>\n\t<div class=\"wpb_text_column wpb_content_element  mb-3 mt-3 mt-lg-0 mt-md-0\" >\n\t\t<div class=\"wpb_wrapper\">\n\t\t\t<p style=\"text-align: justify;\">The State of Cape Verde promotes the social, economic, technological and cultural development of the country and has shown, in recent years, a strong commitment to renewable energies as a way of reducing dependence on energy from abroad and also of lowering costs associated with the increase in matter raw material, namely fuel. With the renewable energy targets, the State of Cape Verde continues to invest heavily in creating public-private consortia that contribute to the country's environmental and economic sustainability.<\/p>\n\n\t\t<\/div>\n\t<\/div>\n<\/div><\/div><\/div><div class=\"mt-lg-0 mt-5 wpb_column vc_column_container vc_col-sm-12 vc_col-lg-5 vc_col-md-5\"><div class=\"vc_column-inner\"><div class=\"wpb_wrapper\">\n\t<div  class=\"wpb_single_image wpb_content_element vc_align_center   no-margin\">\n\t\t\n\t\t<figure class=\"wpb_wrapper vc_figure\">\n\t\t\t<div class=\"vc_single_image-wrapper   vc_box_border_grey\"><img loading=\"lazy\" decoding=\"async\" width=\"300\" height=\"191\" src=\"https:\/\/cabeolica.com\/wp-content\/uploads\/2022\/11\/governo-cabo-verde-300x191.png\" class=\"vc_single_image-img attachment-medium\" alt=\"\" srcset=\"https:\/\/cabeolica.com\/wp-content\/uploads\/2022\/11\/governo-cabo-verde-300x191.png 300w, https:\/\/cabeolica.com\/wp-content\/uploads\/2022\/11\/governo-cabo-verde.png 530w\" sizes=\"auto, 100vw\" \/><\/div>\n\t\t<\/figure>\n\t<\/div>\n<div class=\"vc_btn3-container vc_btn3-center\" ><a style=\"background-color:#0072bc; color:#ffffff;\" class=\"vc_general vc_btn3 vc_btn3-size-lg vc_btn3-shape-rounded vc_btn3-style-custom vc_btn3-icon-left\" href=\"https:\/\/www.governo.cv\" title=\"www.governo.cv\" target=\"_blank\"><i class=\"vc_btn3-icon fas fa-globe\"><\/i> www.governo.cv<\/a><\/div><div class=\"vc_empty_space\"   style=\"height: 32px\"><span class=\"vc_empty_space_inner\"><\/span><\/div><\/div><\/div><\/div><\/div><div class=\"vc_row wpb_row vc_row-fluid\"><div class=\"wpb_column vc_column_container vc_col-sm-12\"><div class=\"vc_column-inner\"><div class=\"wpb_wrapper\"><div class=\"vc_empty_space\"   style=\"height: 32px\"><span class=\"vc_empty_space_inner\"><\/span><\/div><div class=\"vc_empty_space\"   style=\"height: 32px\"><span class=\"vc_empty_space_inner\"><\/span><\/div><\/div><\/div><\/div><\/div>","protected":false},"excerpt":{"rendered":"AFC Equity Investments A AFC Equity Investments \u00e9 uma subsidi\u00e1ria detida a 100% pela Africa Finance Corporation (AFC), que, de forma direta e indireta, continua a ser o maior investidor da Cabe\u00f3lica desde 2010. A AFC \u00e9 uma institui\u00e7\u00e3o financeira multilateral pan-africana constitu\u00edda por Estados soberanos, da qual Cabo Verde tamb\u00e9m \u00e9 um Estado membro. [...]","protected":false},"author":1,"featured_media":0,"parent":0,"menu_order":0,"comment_status":"closed","ping_status":"closed","template":"full-page.php","meta":{"_monsterinsights_skip_tracking":false,"_monsterinsights_sitenote_active":false,"_monsterinsights_sitenote_note":"","_monsterinsights_sitenote_category":0,"footnotes":""},"class_list":["post-4265","page","type-page","status-publish","hentry"],"aioseo_notices":[],"_links":{"self":[{"href":"\/en\/wp-json\/wp\/v2\/pages\/4265","targetHints":{"allow":["GET"]}}],"collection":[{"href":"\/en\/wp-json\/wp\/v2\/pages"}],"about":[{"href":"\/en\/wp-json\/wp\/v2\/types\/page"}],"author":[{"embeddable":true,"href":"\/en\/wp-json\/wp\/v2\/users\/1"}],"replies":[{"embeddable":true,"href":"\/en\/wp-json\/wp\/v2\/comments?post=4265"}],"version-history":[{"count":57,"href":"\/en\/wp-json\/wp\/v2\/pages\/4265\/revisions"}],"predecessor-version":[{"id":6070,"href":"\/en\/wp-json\/wp\/v2\/pages\/4265\/revisions\/6070"}],"wp:attachment":[{"href":"\/en\/wp-json\/wp\/v2\/media?parent=4265"}],"curies":[{"name":"wp","href":"https:\/\/api.w.org\/{rel}","templated":true}]}}