{"id":4191,"date":"2022-08-02T14:29:14","date_gmt":"2022-08-02T14:29:14","guid":{"rendered":"http:\/\/localhost:8888\/wordpress\/?page_id=4191"},"modified":"2022-11-08T14:46:22","modified_gmt":"2022-11-08T14:46:22","slug":"aerogeradores","status":"publish","type":"page","link":"\/en\/aerogeradores\/","title":{"rendered":"Wind Turbines"},"content":{"rendered":"<div class=\"vc_row wpb_row vc_row-fluid\"><div class=\"wpb_column vc_column_container vc_col-sm-12\"><div class=\"vc_column-inner\"><div class=\"wpb_wrapper\"><div class=\"vc_empty_space\"   style=\"height: 32px\"><span class=\"vc_empty_space_inner\"><\/span><\/div><div class=\"vc_empty_space\"   style=\"height: 32px\"><span class=\"vc_empty_space_inner\"><\/span><\/div><\/div><\/div><\/div><\/div><div class=\"vc_row wpb_row vc_row-fluid mt-lg-0 mt-5 vc_custom_1566801344931\"><div class=\"wpb_column vc_column_container vc_col-sm-5 vc_col-lg-6 vc_col-md-12\"><div class=\"vc_column-inner\"><div class=\"wpb_wrapper\">\n\t<div  class=\"wpb_single_image wpb_content_element vc_align_left   services-finance-img no-margin\">\n\t\t\n\t\t<figure class=\"wpb_wrapper vc_figure\">\n\t\t\t<div class=\"vc_single_image-wrapper   vc_box_border_grey\"><img loading=\"lazy\" decoding=\"async\" width=\"1080\" height=\"1080\" src=\"https:\/\/cabeolica.com\/wp-content\/uploads\/2022\/08\/CBL_post_educacional_12.png\" class=\"vc_single_image-img attachment-full\" alt=\"\" srcset=\"https:\/\/cabeolica.com\/wp-content\/uploads\/2022\/08\/CBL_post_educacional_12.png 1080w, https:\/\/cabeolica.com\/wp-content\/uploads\/2022\/08\/CBL_post_educacional_12-300x300.png 300w, https:\/\/cabeolica.com\/wp-content\/uploads\/2022\/08\/CBL_post_educacional_12-1024x1024.png 1024w, https:\/\/cabeolica.com\/wp-content\/uploads\/2022\/08\/CBL_post_educacional_12-150x150.png 150w, https:\/\/cabeolica.com\/wp-content\/uploads\/2022\/08\/CBL_post_educacional_12-768x768.png 768w, https:\/\/cabeolica.com\/wp-content\/uploads\/2022\/08\/CBL_post_educacional_12-100x100.png 100w\" sizes=\"auto, 100vw\" \/><\/div>\n\t\t<\/figure>\n\t<\/div>\n<\/div><\/div><\/div><div class=\"mt-lg-0 mt-md-0 mt-4 wpb_column vc_column_container vc_col-sm-7 vc_col-lg-6 vc_col-md-12\"><div class=\"vc_column-inner\"><div class=\"wpb_wrapper\"><div class=\"vc_empty_space\"   style=\"height: 32px\"><span class=\"vc_empty_space_inner\"><\/span><\/div>\n\t<div class=\"wpb_text_column wpb_content_element  mb-3\" >\n\t\t<div class=\"wpb_wrapper\">\n\t\t\t<p style=\"text-align: justify;\">The rotational movement that is multiplied upon leaving the gearbox also enters the generator through an axle.<\/p>\n<p style=\"text-align: justify;\">The generator uses the rotations of the axle (mechanical movement) to produce electricity through electromagnetism.<\/p>\n\n\t\t<\/div>\n\t<\/div>\n<\/div><\/div><\/div><\/div><div class=\"vc_row wpb_row vc_row-fluid\"><div class=\"wpb_column vc_column_container vc_col-sm-12\"><div class=\"vc_column-inner\"><div class=\"wpb_wrapper\"><div class=\"vc_empty_space\"   style=\"height: 32px\"><span class=\"vc_empty_space_inner\"><\/span><\/div><\/div><\/div><\/div><\/div>","protected":false},"excerpt":{"rendered":"O movimento de rota\u00e7\u00e3o que sai multiplicado da caixa entra no gerador tamb\u00e9m atrav\u00e9s de um eixo. O gerador utiliza as rota\u00e7\u00f5es do eixo (movimento mec\u00e2nico) para produzir eletricidade atrav\u00e9s de eletromagnetismo.","protected":false},"author":1,"featured_media":0,"parent":0,"menu_order":0,"comment_status":"closed","ping_status":"closed","template":"full-page.php","meta":{"_monsterinsights_skip_tracking":false,"_monsterinsights_sitenote_active":false,"_monsterinsights_sitenote_note":"","_monsterinsights_sitenote_category":0,"footnotes":""},"class_list":["post-4191","page","type-page","status-publish","hentry"],"aioseo_notices":[],"_links":{"self":[{"href":"\/en\/wp-json\/wp\/v2\/pages\/4191","targetHints":{"allow":["GET"]}}],"collection":[{"href":"\/en\/wp-json\/wp\/v2\/pages"}],"about":[{"href":"\/en\/wp-json\/wp\/v2\/types\/page"}],"author":[{"embeddable":true,"href":"\/en\/wp-json\/wp\/v2\/users\/1"}],"replies":[{"embeddable":true,"href":"\/en\/wp-json\/wp\/v2\/comments?post=4191"}],"version-history":[{"count":7,"href":"\/en\/wp-json\/wp\/v2\/pages\/4191\/revisions"}],"predecessor-version":[{"id":5773,"href":"\/en\/wp-json\/wp\/v2\/pages\/4191\/revisions\/5773"}],"wp:attachment":[{"href":"\/en\/wp-json\/wp\/v2\/media?parent=4191"}],"curies":[{"name":"wp","href":"https:\/\/api.w.org\/{rel}","templated":true}]}}