{"id":4154,"date":"2022-08-02T01:55:36","date_gmt":"2022-08-02T01:55:36","guid":{"rendered":"http:\/\/localhost:8888\/wordpress\/?page_id=4154"},"modified":"2022-10-30T00:15:18","modified_gmt":"2022-10-30T00:15:18","slug":"o-que-e-energia-eolica","status":"publish","type":"page","link":"\/en\/o-que-e-energia-eolica\/","title":{"rendered":"What is it?"},"content":{"rendered":"<div class=\"vc_row wpb_row vc_row-fluid\"><div class=\"wpb_column vc_column_container vc_col-sm-12\"><div class=\"vc_column-inner\"><div class=\"wpb_wrapper\"><div class=\"vc_empty_space\"   style=\"height: 32px\"><span class=\"vc_empty_space_inner\"><\/span><\/div><\/div><\/div><\/div><\/div><div class=\"vc_row wpb_row vc_row-fluid\"><div class=\"wpb_column vc_column_container vc_col-sm-12\"><div class=\"vc_column-inner\"><div class=\"wpb_wrapper\"><h2 style=\"text-align: center\" class=\"vc_custom_heading\" >Wind energy<\/h2><div class=\"vc_empty_space\"   style=\"height: 32px\"><span class=\"vc_empty_space_inner\"><\/span><\/div>\n\t<div class=\"wpb_text_column wpb_content_element  vc_custom_1659447181071\" >\n\t\t<div class=\"wpb_wrapper\">\n\t\t\t<p style=\"text-align: justify;\">Wind energy results from the use of the kinetic energy of wind to produce mechanical energy, which is later transformed into electrical energy by a generator. Wind has been used for thousands of years to meet the energy needs of human activity, namely to propel means of transport (sailing boats), to pump water or to enable industrial activities to function.<\/p>\n<p style=\"text-align: justify;\">Wind energy is a way of obtaining energy, through 100% clean sources, which prevents any type of pollutant from being produced. Wind energy is a renewable energy source obtained through solar energy, i.e. it originates from the heating of the atmosphere by the sun, which sets masses of air in motion. The Earth's rotation, the shape and cover of the earth's surface, and the water surfaces influence the speed, direction, and variability of the wind in a given place.<\/p>\n<p style=\"text-align: justify;\">Currently, wind energy has been increasingly used to produce electricity, either for decentralized local use in isolated places, or in large wind farms consisting of several wind turbines connected to the electricity grid.<\/p>\n\n\t\t<\/div>\n\t<\/div>\n<div class=\"vc_empty_space\"   style=\"height: 32px\"><span class=\"vc_empty_space_inner\"><\/span><\/div><\/div><\/div><\/div><\/div><div class=\"vc_row wpb_row vc_row-fluid\"><div class=\"wpb_column vc_column_container vc_col-sm-12\"><div class=\"vc_column-inner\"><div class=\"wpb_wrapper\"><div class=\"vc_empty_space\"   style=\"height: 32px\"><span class=\"vc_empty_space_inner\"><\/span><\/div><div class=\"vc_empty_space\"   style=\"height: 32px\"><span class=\"vc_empty_space_inner\"><\/span><\/div><\/div><\/div><\/div><\/div><div class=\"vc_row wpb_row vc_row-fluid overflow-hidden\"><div class=\"wpb_column vc_column_container vc_col-sm-6 vc_col-lg-4 vc_col-md-4\"><div class=\"vc_column-inner\"><div class=\"wpb_wrapper\"><div class=\"title-box  text-left\"><span class=\"title-design\">ENERGY TRANSPORT<\/span><\/div>\n\t<div  class=\"wpb_single_image wpb_content_element vc_align_left\">\n\t\t\n\t\t<figure class=\"wpb_wrapper vc_figure\">\n\t\t\t<a href=\"\/en\/transporte-de-energia\/\" target=\"_self\" class=\"vc_single_image-wrapper vc_box_rounded  vc_box_border_grey\"><img loading=\"lazy\" decoding=\"async\" width=\"1080\" height=\"1080\" src=\"https:\/\/cabeolica.com\/wp-content\/uploads\/2022\/08\/CBL_post_educacional_09.png\" class=\"vc_single_image-img attachment-full\" alt=\"\" srcset=\"https:\/\/cabeolica.com\/wp-content\/uploads\/2022\/08\/CBL_post_educacional_09.png 1080w, https:\/\/cabeolica.com\/wp-content\/uploads\/2022\/08\/CBL_post_educacional_09-300x300.png 300w, https:\/\/cabeolica.com\/wp-content\/uploads\/2022\/08\/CBL_post_educacional_09-1024x1024.png 1024w, https:\/\/cabeolica.com\/wp-content\/uploads\/2022\/08\/CBL_post_educacional_09-150x150.png 150w, https:\/\/cabeolica.com\/wp-content\/uploads\/2022\/08\/CBL_post_educacional_09-768x768.png 768w, https:\/\/cabeolica.com\/wp-content\/uploads\/2022\/08\/CBL_post_educacional_09-100x100.png 100w\" sizes=\"auto, 100vw\" \/><\/a>\n\t\t<\/figure>\n\t<\/div>\n<div class=\"vc_btn3-container vc_btn3-center\" ><a class=\"vc_general vc_btn3 vc_btn3-size-md vc_btn3-shape-rounded vc_btn3-style-modern vc_btn3-color-primary\" href=\"\/en\/transporte-de-energia\/\" title=\"ENERGY TRANSPORT\">MORE<\/a><\/div><div class=\"vc_empty_space\"   style=\"height: 32px\"><span class=\"vc_empty_space_inner\"><\/span><\/div><\/div><\/div><\/div><div class=\"wpb_column vc_column_container vc_col-sm-6 vc_col-lg-4 vc_col-md-4\"><div class=\"vc_column-inner\"><div class=\"wpb_wrapper\"><div class=\"title-box  text-left\"><span class=\"title-design\">Wind Turbines<\/span><\/div>\n\t<div  class=\"wpb_single_image wpb_content_element vc_align_left\">\n\t\t\n\t\t<figure class=\"wpb_wrapper vc_figure\">\n\t\t\t<a href=\"\/en\/aerogeradores\/\" target=\"_self\" class=\"vc_single_image-wrapper vc_box_rounded  vc_box_border_grey\"><img loading=\"lazy\" decoding=\"async\" width=\"1080\" height=\"1080\" src=\"https:\/\/cabeolica.com\/wp-content\/uploads\/2022\/08\/CBL_post_educacional_12.png\" class=\"vc_single_image-img attachment-full\" alt=\"\" srcset=\"https:\/\/cabeolica.com\/wp-content\/uploads\/2022\/08\/CBL_post_educacional_12.png 1080w, https:\/\/cabeolica.com\/wp-content\/uploads\/2022\/08\/CBL_post_educacional_12-300x300.png 300w, https:\/\/cabeolica.com\/wp-content\/uploads\/2022\/08\/CBL_post_educacional_12-1024x1024.png 1024w, https:\/\/cabeolica.com\/wp-content\/uploads\/2022\/08\/CBL_post_educacional_12-150x150.png 150w, https:\/\/cabeolica.com\/wp-content\/uploads\/2022\/08\/CBL_post_educacional_12-768x768.png 768w, https:\/\/cabeolica.com\/wp-content\/uploads\/2022\/08\/CBL_post_educacional_12-100x100.png 100w\" sizes=\"auto, 100vw\" \/><\/a>\n\t\t<\/figure>\n\t<\/div>\n<div class=\"vc_btn3-container vc_btn3-center\" ><a class=\"vc_general vc_btn3 vc_btn3-size-md vc_btn3-shape-rounded vc_btn3-style-modern vc_btn3-color-primary\" href=\"\/en\/aerogeradores\/\" title=\"Wind Turbines\">MORE<\/a><\/div><div class=\"vc_empty_space\"   style=\"height: 32px\"><span class=\"vc_empty_space_inner\"><\/span><\/div><\/div><\/div><\/div><div class=\"wpb_column vc_column_container vc_col-sm-6 vc_col-lg-4 vc_col-md-4\"><div class=\"vc_column-inner\"><div class=\"wpb_wrapper\"><div class=\"title-box  text-left\"><span class=\"title-design\">WIND GENERATING ENERGY<\/span><\/div>\n\t<div  class=\"wpb_single_image wpb_content_element vc_align_left\">\n\t\t\n\t\t<figure class=\"wpb_wrapper vc_figure\">\n\t\t\t<a href=\"\/en\/o-vento-a-gerar-energia\/\" target=\"_self\" class=\"vc_single_image-wrapper vc_box_rounded  vc_box_border_grey\"><img loading=\"lazy\" decoding=\"async\" width=\"1080\" height=\"1080\" src=\"https:\/\/cabeolica.com\/wp-content\/uploads\/2022\/08\/CBL_post_educacional_10.png\" class=\"vc_single_image-img attachment-full\" alt=\"\" srcset=\"https:\/\/cabeolica.com\/wp-content\/uploads\/2022\/08\/CBL_post_educacional_10.png 1080w, https:\/\/cabeolica.com\/wp-content\/uploads\/2022\/08\/CBL_post_educacional_10-300x300.png 300w, https:\/\/cabeolica.com\/wp-content\/uploads\/2022\/08\/CBL_post_educacional_10-1024x1024.png 1024w, https:\/\/cabeolica.com\/wp-content\/uploads\/2022\/08\/CBL_post_educacional_10-150x150.png 150w, https:\/\/cabeolica.com\/wp-content\/uploads\/2022\/08\/CBL_post_educacional_10-768x768.png 768w, https:\/\/cabeolica.com\/wp-content\/uploads\/2022\/08\/CBL_post_educacional_10-100x100.png 100w\" sizes=\"auto, 100vw\" \/><\/a>\n\t\t<\/figure>\n\t<\/div>\n<div class=\"vc_btn3-container vc_btn3-center\" ><a class=\"vc_general vc_btn3 vc_btn3-size-md vc_btn3-shape-rounded vc_btn3-style-modern vc_btn3-color-primary\" href=\"\/en\/o-vento-a-gerar-energia\/\" title=\"WIND GENERATING ENERGY\">MORE<\/a><\/div><div class=\"vc_empty_space\"   style=\"height: 32px\"><span class=\"vc_empty_space_inner\"><\/span><\/div><\/div><\/div><\/div><\/div><div class=\"vc_row wpb_row vc_row-fluid\"><div class=\"wpb_column vc_column_container vc_col-sm-12\"><div class=\"vc_column-inner\"><div class=\"wpb_wrapper\"><div class=\"vc_empty_space\"   style=\"height: 32px\"><span class=\"vc_empty_space_inner\"><\/span><\/div><div class=\"vc_empty_space\"   style=\"height: 32px\"><span class=\"vc_empty_space_inner\"><\/span><\/div><\/div><\/div><\/div><\/div>","protected":false},"excerpt":{"rendered":"Energia e\u00f3lica A energia e\u00f3lica resulta do aproveitamento da energia cin\u00e9tica\u00a0do\u00a0vento para produzir energia mec\u00e2nica, que posteriormente \u00e9 transformada em energia el\u00e9trica por um gerador. O vento \u00e9 utilizado h\u00e1 milhares de anos para responder \u00e0s necessidades energ\u00e9ticas da atividade humana, nomeadamente para propulsar meios de transporte (barcos \u00e0 vela), bombear \u00e1gua ou permitir o [...]","protected":false},"author":1,"featured_media":0,"parent":0,"menu_order":0,"comment_status":"closed","ping_status":"closed","template":"full-page.php","meta":{"_monsterinsights_skip_tracking":false,"_monsterinsights_sitenote_active":false,"_monsterinsights_sitenote_note":"","_monsterinsights_sitenote_category":0,"footnotes":""},"class_list":["post-4154","page","type-page","status-publish","hentry"],"aioseo_notices":[],"_links":{"self":[{"href":"\/en\/wp-json\/wp\/v2\/pages\/4154","targetHints":{"allow":["GET"]}}],"collection":[{"href":"\/en\/wp-json\/wp\/v2\/pages"}],"about":[{"href":"\/en\/wp-json\/wp\/v2\/types\/page"}],"author":[{"embeddable":true,"href":"\/en\/wp-json\/wp\/v2\/users\/1"}],"replies":[{"embeddable":true,"href":"\/en\/wp-json\/wp\/v2\/comments?post=4154"}],"version-history":[{"count":43,"href":"\/en\/wp-json\/wp\/v2\/pages\/4154\/revisions"}],"predecessor-version":[{"id":5683,"href":"\/en\/wp-json\/wp\/v2\/pages\/4154\/revisions\/5683"}],"wp:attachment":[{"href":"\/en\/wp-json\/wp\/v2\/media?parent=4154"}],"curies":[{"name":"wp","href":"https:\/\/api.w.org\/{rel}","templated":true}]}}