{"id":4138,"date":"2022-08-02T01:32:20","date_gmt":"2022-08-02T01:32:20","guid":{"rendered":"http:\/\/localhost:8888\/wordpress\/?page_id=4138"},"modified":"2022-11-08T14:49:33","modified_gmt":"2022-11-08T14:49:33","slug":"transporte-de-energia","status":"publish","type":"page","link":"\/en\/transporte-de-energia\/","title":{"rendered":"ENERGY TRANSPORT"},"content":{"rendered":"<div class=\"vc_row wpb_row vc_row-fluid\"><div class=\"wpb_column vc_column_container vc_col-sm-12\"><div class=\"vc_column-inner\"><div class=\"wpb_wrapper\"><div class=\"vc_empty_space\"   style=\"height: 32px\"><span class=\"vc_empty_space_inner\"><\/span><\/div><div class=\"vc_empty_space\"   style=\"height: 32px\"><span class=\"vc_empty_space_inner\"><\/span><\/div><\/div><\/div><\/div><\/div><div class=\"vc_row wpb_row vc_row-fluid mt-lg-0 mt-5 vc_custom_1566801344931\"><div class=\"wpb_column vc_column_container vc_col-sm-5 vc_col-lg-6 vc_col-md-12\"><div class=\"vc_column-inner\"><div class=\"wpb_wrapper\">\n\t<div  class=\"wpb_single_image wpb_content_element vc_align_left   services-finance-img no-margin\">\n\t\t\n\t\t<figure class=\"wpb_wrapper vc_figure\">\n\t\t\t<div class=\"vc_single_image-wrapper   vc_box_border_grey\"><img loading=\"lazy\" decoding=\"async\" width=\"1080\" height=\"1080\" src=\"https:\/\/cabeolica.com\/wp-content\/uploads\/2022\/08\/CBL_post_educacional_09.png\" class=\"vc_single_image-img attachment-full\" alt=\"\" srcset=\"https:\/\/cabeolica.com\/wp-content\/uploads\/2022\/08\/CBL_post_educacional_09.png 1080w, https:\/\/cabeolica.com\/wp-content\/uploads\/2022\/08\/CBL_post_educacional_09-300x300.png 300w, https:\/\/cabeolica.com\/wp-content\/uploads\/2022\/08\/CBL_post_educacional_09-1024x1024.png 1024w, https:\/\/cabeolica.com\/wp-content\/uploads\/2022\/08\/CBL_post_educacional_09-150x150.png 150w, https:\/\/cabeolica.com\/wp-content\/uploads\/2022\/08\/CBL_post_educacional_09-768x768.png 768w, https:\/\/cabeolica.com\/wp-content\/uploads\/2022\/08\/CBL_post_educacional_09-100x100.png 100w\" sizes=\"auto, 100vw\" \/><\/div>\n\t\t<\/figure>\n\t<\/div>\n<\/div><\/div><\/div><div class=\"mt-lg-0 mt-md-0 mt-4 wpb_column vc_column_container vc_col-sm-7 vc_col-lg-6 vc_col-md-12\"><div class=\"vc_column-inner\"><div class=\"wpb_wrapper\">\n\t<div class=\"wpb_text_column wpb_content_element  mb-3\" >\n\t\t<div class=\"wpb_wrapper\">\n\t\t\t<p style=\"text-align: justify;\">All of the electricity produced in the wind generator\u2019s terminals is brought up to the same voltage range as the grid by a transformer before being sent to the substation, which represents the interface between the wind farm and the concessionary\u2019s electricity grid. At the substation, all of the electricity is monitored by the grid analysis system, by the protection system, by the metering system and by the SCADA system.<\/p>\n<p style=\"text-align: justify;\">Once the operational conditions in terms of electricity voltage and frequency are guaranteed, the energy is injected into the grid through the transmission line. The final transformation posts bring the tension down to 220 Volts, thus allowing it to be distributed to consumers in the form we use it on a daily basis.<\/p>\n<p style=\"text-align: justify;\">In our region, the predominant winds come from a northeasterly direction, and the wind regime is good throughout the year, making wind energy a feasible alternative for the production of clean and sustainable energy.<\/p>\n\n\t\t<\/div>\n\t<\/div>\n<\/div><\/div><\/div><\/div><div class=\"vc_row wpb_row vc_row-fluid\"><div class=\"wpb_column vc_column_container vc_col-sm-12\"><div class=\"vc_column-inner\"><div class=\"wpb_wrapper\"><div class=\"vc_empty_space\"   style=\"height: 32px\"><span class=\"vc_empty_space_inner\"><\/span><\/div><\/div><\/div><\/div><\/div>","protected":false},"excerpt":{"rendered":"Toda a energia produzida nos terminais do gerador e\u00f3lico \u00e9 elevada por um transformador \u00e0 mesma faixa de tens\u00e3o da rede e, em seguida, passa pela subesta\u00e7\u00e3o que representa o ponto intermedi\u00e1rio entre o parque e a rede el\u00e9trica da concession\u00e1ria. Na subesta\u00e7\u00e3o, toda a energia \u00e9 monitorizada pelo sistema de an\u00e1lise de rede, pelo [...]","protected":false},"author":1,"featured_media":0,"parent":0,"menu_order":0,"comment_status":"closed","ping_status":"closed","template":"full-page.php","meta":{"_monsterinsights_skip_tracking":false,"_monsterinsights_sitenote_active":false,"_monsterinsights_sitenote_note":"","_monsterinsights_sitenote_category":0,"footnotes":""},"class_list":["post-4138","page","type-page","status-publish","hentry"],"aioseo_notices":[],"_links":{"self":[{"href":"\/en\/wp-json\/wp\/v2\/pages\/4138","targetHints":{"allow":["GET"]}}],"collection":[{"href":"\/en\/wp-json\/wp\/v2\/pages"}],"about":[{"href":"\/en\/wp-json\/wp\/v2\/types\/page"}],"author":[{"embeddable":true,"href":"\/en\/wp-json\/wp\/v2\/users\/1"}],"replies":[{"embeddable":true,"href":"\/en\/wp-json\/wp\/v2\/comments?post=4138"}],"version-history":[{"count":9,"href":"\/en\/wp-json\/wp\/v2\/pages\/4138\/revisions"}],"predecessor-version":[{"id":5774,"href":"\/en\/wp-json\/wp\/v2\/pages\/4138\/revisions\/5774"}],"wp:attachment":[{"href":"\/en\/wp-json\/wp\/v2\/media?parent=4138"}],"curies":[{"name":"wp","href":"https:\/\/api.w.org\/{rel}","templated":true}]}}