{"id":4134,"date":"2022-08-02T01:17:15","date_gmt":"2022-08-02T01:17:15","guid":{"rendered":"http:\/\/localhost:8888\/wordpress\/?page_id=4134"},"modified":"2025-03-07T19:30:39","modified_gmt":"2025-03-07T19:30:39","slug":"ilha-da-boa-vista","status":"publish","type":"page","link":"\/en\/ilha-da-boa-vista\/","title":{"rendered":"Boa Vista Wind Farm"},"content":{"rendered":"<div class=\"vc_row wpb_row vc_row-fluid\"><div class=\"wpb_column vc_column_container vc_col-sm-12\"><div class=\"vc_column-inner\"><div class=\"wpb_wrapper\"><div class=\"vc_empty_space\"   style=\"height: 32px\"><span class=\"vc_empty_space_inner\"><\/span><\/div><div class=\"vc_empty_space\"   style=\"height: 32px\"><span class=\"vc_empty_space_inner\"><\/span><\/div><div class=\"vc_empty_space\"   style=\"height: 32px\"><span class=\"vc_empty_space_inner\"><\/span><\/div><\/div><\/div><\/div><\/div><div class=\"vc_row wpb_row vc_row-fluid\"><div class=\"wpb_column vc_column_container vc_col-sm-6\"><div class=\"vc_column-inner\"><div class=\"wpb_wrapper\"><div class=\"title-box  text-left\"><span class=\"title-design\">PRODUCED TO DATE<\/span><h2 class=\"title\">more than 84 810 MWh<\/h2><\/div>\n        <div class=\"row\">\n            <div class=\"col-sm-12\"><div class=\"owl-carousel\" data-dots=\"true\" data-nav=\"false\" data-items=\"1\" data-items-laptop=\"1\" data-items-tab=\"1\" data-items-mobile=\"1\" data-items-mobile-sm=\"1\" data-autoplay=\"true\" data-loop=\"true\" data-margin=\"30\"><div class=\"Consulting-img  text-left\"><img decoding=\"async\" src=\"https:\/\/cabeolica.com\/wp-content\/uploads\/2022\/09\/Parque-BV3-scaled.jpg\" alt=\"slider\"><\/div><div class=\"Consulting-img  text-left\"><img decoding=\"async\" src=\"https:\/\/cabeolica.com\/wp-content\/uploads\/2022\/09\/Parque-BV1-scaled.jpg\" alt=\"slider\"><\/div><div class=\"Consulting-img  text-left\"><img decoding=\"async\" src=\"https:\/\/cabeolica.com\/wp-content\/uploads\/2022\/09\/IMG_20201104_073654-scaled.jpg\" alt=\"slider\"><\/div><div class=\"Consulting-img  text-left\"><img decoding=\"async\" src=\"https:\/\/cabeolica.com\/wp-content\/uploads\/2022\/09\/IMG_20201104_073922-scaled.jpg\" alt=\"slider\"><\/div><\/div>\n            <\/div>\n        <\/div><\/div><\/div><\/div><div class=\"wpb_column vc_column_container vc_col-sm-6\"><div class=\"vc_column-inner\"><div class=\"wpb_wrapper\"><div class=\"vc_empty_space\"   style=\"height: 32px\"><span class=\"vc_empty_space_inner\"><\/span><\/div><div class=\"vc_empty_space\"   style=\"height: 32px\"><span class=\"vc_empty_space_inner\"><\/span><\/div>\n\t<div class=\"wpb_text_column wpb_content_element  no-margin\" >\n\t\t<div class=\"wpb_wrapper\">\n\t\t\t<div class=\"elementor-element elementor-element-dd2a913 elementor-widget elementor-widget-text-editor\" data-id=\"dd2a913\" data-element_type=\"widget\" data-widget_type=\"text-editor.default\">\n<div class=\"elementor-widget-container\">\n<div class=\"elementor-text-editor elementor-clearfix\">\n<div class=\"wpb_text_column\">\n<div class=\"wpb_wrapper\">\n<p style=\"text-align: justify;\">The Boa Vista Island wind farm began injecting power into the grid in March 2012 and was inaugurated on April 20 of the same year.<\/p>\n<p style=\"text-align: justify;\">It is located in the northwestern part of the island, in the region of Morro da Vigia - Ponta do Sol. This park occupies about 18 hectares of land and contains 3 turbines, having an installed capacity of 2.55 MW.<\/p>\n<p style=\"text-align: justify;\">It is the smallest park of the 4 that Cabe\u00f3lica owns with a maximum daily generation capacity of 61.2 MWh. In February 2017 it reached a record daily generation - 47.89 MWh.<\/p>\n<\/div>\n<\/div>\n<\/div>\n<\/div>\n<\/div>\n\n\t\t<\/div>\n\t<\/div>\n<\/div><\/div><\/div><\/div><div class=\"vc_row wpb_row vc_row-fluid\"><div class=\"wpb_column vc_column_container vc_col-sm-4\"><div class=\"vc_column-inner\"><div class=\"wpb_wrapper\">\n\t<div  class=\"wpb_single_image wpb_content_element vc_align_center  wpb_animate_when_almost_visible wpb_bounceIn bounceIn\">\n\t\t\n\t\t<figure class=\"wpb_wrapper vc_figure\">\n\t\t\t<a href=\"\/en\/ilha-de-santiago\/\" target=\"_self\" class=\"vc_single_image-wrapper   vc_box_border_grey\"><img loading=\"lazy\" decoding=\"async\" width=\"500\" height=\"500\" src=\"https:\/\/cabeolica.com\/wp-content\/uploads\/2022\/09\/CABEOLICA-ILHA-SANTIAGO.png\" class=\"vc_single_image-img attachment-large\" alt=\"\" srcset=\"https:\/\/cabeolica.com\/wp-content\/uploads\/2022\/09\/CABEOLICA-ILHA-SANTIAGO.png 500w, https:\/\/cabeolica.com\/wp-content\/uploads\/2022\/09\/CABEOLICA-ILHA-SANTIAGO-300x300.png 300w, https:\/\/cabeolica.com\/wp-content\/uploads\/2022\/09\/CABEOLICA-ILHA-SANTIAGO-150x150.png 150w, https:\/\/cabeolica.com\/wp-content\/uploads\/2022\/09\/CABEOLICA-ILHA-SANTIAGO-100x100.png 100w\" sizes=\"auto, 100vw\" \/><\/a>\n\t\t<\/figure>\n\t<\/div>\n<\/div><\/div><\/div><div class=\"wpb_column vc_column_container vc_col-sm-4\"><div class=\"vc_column-inner\"><div class=\"wpb_wrapper\">\n\t<div  class=\"wpb_single_image wpb_content_element vc_align_center  wpb_animate_when_almost_visible wpb_bounceIn bounceIn\">\n\t\t\n\t\t<figure class=\"wpb_wrapper vc_figure\">\n\t\t\t<a href=\"\/en\/ilha-do-sal\/\" target=\"_self\" class=\"vc_single_image-wrapper   vc_box_border_grey\"><img loading=\"lazy\" decoding=\"async\" width=\"500\" height=\"500\" src=\"https:\/\/cabeolica.com\/wp-content\/uploads\/2022\/09\/CABEOLICA-ILHA-SAL.png\" class=\"vc_single_image-img attachment-large\" alt=\"\" srcset=\"https:\/\/cabeolica.com\/wp-content\/uploads\/2022\/09\/CABEOLICA-ILHA-SAL.png 500w, https:\/\/cabeolica.com\/wp-content\/uploads\/2022\/09\/CABEOLICA-ILHA-SAL-300x300.png 300w, https:\/\/cabeolica.com\/wp-content\/uploads\/2022\/09\/CABEOLICA-ILHA-SAL-150x150.png 150w, https:\/\/cabeolica.com\/wp-content\/uploads\/2022\/09\/CABEOLICA-ILHA-SAL-100x100.png 100w\" sizes=\"auto, 100vw\" \/><\/a>\n\t\t<\/figure>\n\t<\/div>\n<\/div><\/div><\/div><div class=\"wpb_column vc_column_container vc_col-sm-4\"><div class=\"vc_column-inner\"><div class=\"wpb_wrapper\">\n\t<div  class=\"wpb_single_image wpb_content_element vc_align_center  wpb_animate_when_almost_visible wpb_bounceIn bounceIn\">\n\t\t\n\t\t<figure class=\"wpb_wrapper vc_figure\">\n\t\t\t<a href=\"\/en\/ilha-de-sao-vicente\/\" target=\"_self\" class=\"vc_single_image-wrapper   vc_box_border_grey\"><img loading=\"lazy\" decoding=\"async\" width=\"500\" height=\"500\" src=\"https:\/\/cabeolica.com\/wp-content\/uploads\/2022\/09\/CABEOLICA-ILHA-SAO-VICENTE.png\" class=\"vc_single_image-img attachment-large\" alt=\"\" srcset=\"https:\/\/cabeolica.com\/wp-content\/uploads\/2022\/09\/CABEOLICA-ILHA-SAO-VICENTE.png 500w, https:\/\/cabeolica.com\/wp-content\/uploads\/2022\/09\/CABEOLICA-ILHA-SAO-VICENTE-300x300.png 300w, https:\/\/cabeolica.com\/wp-content\/uploads\/2022\/09\/CABEOLICA-ILHA-SAO-VICENTE-150x150.png 150w, https:\/\/cabeolica.com\/wp-content\/uploads\/2022\/09\/CABEOLICA-ILHA-SAO-VICENTE-100x100.png 100w\" sizes=\"auto, 100vw\" \/><\/a>\n\t\t<\/figure>\n\t<\/div>\n<\/div><\/div><\/div><\/div>","protected":false},"excerpt":{"rendered":"Produzidos at\u00e9 \u00e0 datamais de 84 810 MWh O parque e\u00f3lico da Ilha da Boa Vista come\u00e7ou a injetar energia na rede em mar\u00e7o de 2012 e foi inaugurado a 20 de abril do mesmo ano. Est\u00e1 localizado na parte noroeste da Ilha, na regi\u00e3o do Morro da Vigia \u2013 Ponta do Sol. Este parque [...]","protected":false},"author":1,"featured_media":0,"parent":0,"menu_order":0,"comment_status":"closed","ping_status":"closed","template":"full-page.php","meta":{"_monsterinsights_skip_tracking":false,"_monsterinsights_sitenote_active":false,"_monsterinsights_sitenote_note":"","_monsterinsights_sitenote_category":0,"footnotes":""},"class_list":["post-4134","page","type-page","status-publish","hentry"],"aioseo_notices":[],"_links":{"self":[{"href":"\/en\/wp-json\/wp\/v2\/pages\/4134","targetHints":{"allow":["GET"]}}],"collection":[{"href":"\/en\/wp-json\/wp\/v2\/pages"}],"about":[{"href":"\/en\/wp-json\/wp\/v2\/types\/page"}],"author":[{"embeddable":true,"href":"\/en\/wp-json\/wp\/v2\/users\/1"}],"replies":[{"embeddable":true,"href":"\/en\/wp-json\/wp\/v2\/comments?post=4134"}],"version-history":[{"count":14,"href":"\/en\/wp-json\/wp\/v2\/pages\/4134\/revisions"}],"predecessor-version":[{"id":6448,"href":"\/en\/wp-json\/wp\/v2\/pages\/4134\/revisions\/6448"}],"wp:attachment":[{"href":"\/en\/wp-json\/wp\/v2\/media?parent=4134"}],"curies":[{"name":"wp","href":"https:\/\/api.w.org\/{rel}","templated":true}]}}