{"id":4103,"date":"2022-08-02T00:42:57","date_gmt":"2022-08-02T00:42:57","guid":{"rendered":"http:\/\/localhost:8888\/wordpress\/?page_id=4103"},"modified":"2025-03-07T19:19:35","modified_gmt":"2025-03-07T19:19:35","slug":"ilha-de-santiago","status":"publish","type":"page","link":"\/en\/ilha-de-santiago\/","title":{"rendered":"Santiago Wind Farm"},"content":{"rendered":"<div class=\"vc_row wpb_row vc_row-fluid\"><div class=\"wpb_column vc_column_container vc_col-sm-12\"><div class=\"vc_column-inner\"><div class=\"wpb_wrapper\"><div class=\"vc_empty_space\"   style=\"height: 32px\"><span class=\"vc_empty_space_inner\"><\/span><\/div><div class=\"vc_empty_space\"   style=\"height: 32px\"><span class=\"vc_empty_space_inner\"><\/span><\/div><div class=\"vc_empty_space\"   style=\"height: 32px\"><span class=\"vc_empty_space_inner\"><\/span><\/div><\/div><\/div><\/div><\/div><div class=\"vc_row wpb_row vc_row-fluid\"><div class=\"wpb_column vc_column_container vc_col-sm-6\"><div class=\"vc_column-inner\"><div class=\"wpb_wrapper\"><div class=\"title-box  text-left\"><span class=\"title-design\">PRODUCED TO DATE<\/span><h2 class=\"title\">more than 411 770 MWh<\/h2><\/div>\n        <div class=\"row\">\n            <div class=\"col-sm-12\"><div class=\"owl-carousel\" data-dots=\"true\" data-nav=\"false\" data-items=\"1\" data-items-laptop=\"1\" data-items-tab=\"1\" data-items-mobile=\"1\" data-items-mobile-sm=\"1\" data-autoplay=\"true\" data-loop=\"true\" data-margin=\"30\"><div class=\"Consulting-img  text-left\"><img decoding=\"async\" src=\"https:\/\/cabeolica.com\/wp-content\/uploads\/2022\/09\/DG-0894_edit-50.jpg\" alt=\"slider\"><\/div><div class=\"Consulting-img  text-left\"><img decoding=\"async\" src=\"https:\/\/cabeolica.com\/wp-content\/uploads\/2022\/09\/DG_0899-Parque-eolico-lum-50-scaled.jpg\" alt=\"slider\"><\/div><div class=\"Consulting-img  text-left\"><img decoding=\"async\" src=\"https:\/\/cabeolica.com\/wp-content\/uploads\/2022\/09\/DG_0959-Zoom-Eolica-50-scaled.jpg\" alt=\"slider\"><\/div><div class=\"Consulting-img  text-left\"><img decoding=\"async\" src=\"https:\/\/cabeolica.com\/wp-content\/uploads\/2022\/09\/DG_0999-Close-up-lum-50-scaled.jpg\" alt=\"slider\"><\/div><\/div>\n            <\/div>\n        <\/div><\/div><\/div><\/div><div class=\"wpb_column vc_column_container vc_col-sm-6\"><div class=\"vc_column-inner\"><div class=\"wpb_wrapper\">\n\t<div class=\"wpb_text_column wpb_content_element  no-margin\" >\n\t\t<div class=\"wpb_wrapper\">\n\t\t\t<div class=\"elementor-element elementor-element-dd2a913 elementor-widget elementor-widget-text-editor\" data-id=\"dd2a913\" data-element_type=\"widget\" data-widget_type=\"text-editor.default\">\n<div class=\"elementor-widget-container\">\n<div class=\"elementor-text-editor elementor-clearfix\">\n<div class=\"wpb_text_column\">\n<div class=\"wpb_wrapper\">\n<p style=\"text-align: justify;\">The Santiago wind farm began injecting energy into the grid (test phase) in September 2011 and was inaugurated on October 21, 2011. It was Cabe\u00f3lica's first wind farm to go into operation and has the largest installed capacity.<\/p>\n<p style=\"text-align: justify;\">The Santiago wind farm is located in the southern part of the island, on Monte de S\u00e3o Filipe, near Cidade da Praia. This park occupies about 30 hectares of land, and contains 11 wind turbines, which translates into an installed capacity of 9.35 MW.<\/p>\n<p style=\"text-align: justify;\">The maximum daily generation capacity of the park is 224.4 MWh and to date the Santiago park has received more than 600 visitors.<\/p>\n<p style=\"text-align: justify;\">Its daily penetration record is 41%.<\/p>\n<\/div>\n<\/div>\n<\/div>\n<\/div>\n<\/div>\n<div class=\"elementor-element elementor-element-a522397 elementor-widget elementor-widget-counter\" data-id=\"a522397\" data-element_type=\"widget\" data-widget_type=\"counter.default\">\n<div class=\"elementor-widget-container\">\n<div class=\"elementor-counter\">\n<div class=\"elementor-counter-number-wrapper\" style=\"text-align: justify;\"><\/div>\n<\/div>\n<\/div>\n<\/div>\n\n\t\t<\/div>\n\t<\/div>\n<\/div><\/div><\/div><\/div><div class=\"vc_row wpb_row vc_row-fluid\"><div class=\"wpb_column vc_column_container vc_col-sm-4\"><div class=\"vc_column-inner\"><div class=\"wpb_wrapper\">\n\t<div  class=\"wpb_single_image wpb_content_element vc_align_center  wpb_animate_when_almost_visible wpb_bounceIn bounceIn\">\n\t\t\n\t\t<figure class=\"wpb_wrapper vc_figure\">\n\t\t\t<a href=\"\/en\/ilha-da-boa-vista\/\" target=\"_self\" class=\"vc_single_image-wrapper   vc_box_border_grey\"><img loading=\"lazy\" decoding=\"async\" width=\"500\" height=\"500\" src=\"https:\/\/cabeolica.com\/wp-content\/uploads\/2022\/09\/CABEOLICA-ILHA-BOA-VISTA.png\" class=\"vc_single_image-img attachment-large\" alt=\"\" srcset=\"https:\/\/cabeolica.com\/wp-content\/uploads\/2022\/09\/CABEOLICA-ILHA-BOA-VISTA.png 500w, https:\/\/cabeolica.com\/wp-content\/uploads\/2022\/09\/CABEOLICA-ILHA-BOA-VISTA-300x300.png 300w, https:\/\/cabeolica.com\/wp-content\/uploads\/2022\/09\/CABEOLICA-ILHA-BOA-VISTA-150x150.png 150w, https:\/\/cabeolica.com\/wp-content\/uploads\/2022\/09\/CABEOLICA-ILHA-BOA-VISTA-100x100.png 100w\" sizes=\"auto, 100vw\" \/><\/a>\n\t\t<\/figure>\n\t<\/div>\n<\/div><\/div><\/div><div class=\"wpb_column vc_column_container vc_col-sm-4\"><div class=\"vc_column-inner\"><div class=\"wpb_wrapper\">\n\t<div  class=\"wpb_single_image wpb_content_element vc_align_center  wpb_animate_when_almost_visible wpb_bounceIn bounceIn\">\n\t\t\n\t\t<figure class=\"wpb_wrapper vc_figure\">\n\t\t\t<a href=\"\/en\/ilha-do-sal\/\" target=\"_self\" class=\"vc_single_image-wrapper   vc_box_border_grey\"><img loading=\"lazy\" decoding=\"async\" width=\"500\" height=\"500\" src=\"https:\/\/cabeolica.com\/wp-content\/uploads\/2022\/09\/CABEOLICA-ILHA-SAL.png\" class=\"vc_single_image-img attachment-large\" alt=\"\" srcset=\"https:\/\/cabeolica.com\/wp-content\/uploads\/2022\/09\/CABEOLICA-ILHA-SAL.png 500w, https:\/\/cabeolica.com\/wp-content\/uploads\/2022\/09\/CABEOLICA-ILHA-SAL-300x300.png 300w, https:\/\/cabeolica.com\/wp-content\/uploads\/2022\/09\/CABEOLICA-ILHA-SAL-150x150.png 150w, https:\/\/cabeolica.com\/wp-content\/uploads\/2022\/09\/CABEOLICA-ILHA-SAL-100x100.png 100w\" sizes=\"auto, 100vw\" \/><\/a>\n\t\t<\/figure>\n\t<\/div>\n<\/div><\/div><\/div><div class=\"wpb_column vc_column_container vc_col-sm-4\"><div class=\"vc_column-inner\"><div class=\"wpb_wrapper\">\n\t<div  class=\"wpb_single_image wpb_content_element vc_align_center  wpb_animate_when_almost_visible wpb_bounceIn bounceIn\">\n\t\t\n\t\t<figure class=\"wpb_wrapper vc_figure\">\n\t\t\t<a href=\"\/en\/ilha-de-sao-vicente\/\" target=\"_self\" class=\"vc_single_image-wrapper   vc_box_border_grey\"><img loading=\"lazy\" decoding=\"async\" width=\"500\" height=\"500\" src=\"https:\/\/cabeolica.com\/wp-content\/uploads\/2022\/09\/CABEOLICA-ILHA-SAO-VICENTE.png\" class=\"vc_single_image-img attachment-large\" alt=\"\" srcset=\"https:\/\/cabeolica.com\/wp-content\/uploads\/2022\/09\/CABEOLICA-ILHA-SAO-VICENTE.png 500w, https:\/\/cabeolica.com\/wp-content\/uploads\/2022\/09\/CABEOLICA-ILHA-SAO-VICENTE-300x300.png 300w, https:\/\/cabeolica.com\/wp-content\/uploads\/2022\/09\/CABEOLICA-ILHA-SAO-VICENTE-150x150.png 150w, https:\/\/cabeolica.com\/wp-content\/uploads\/2022\/09\/CABEOLICA-ILHA-SAO-VICENTE-100x100.png 100w\" sizes=\"auto, 100vw\" \/><\/a>\n\t\t<\/figure>\n\t<\/div>\n<\/div><\/div><\/div><\/div>","protected":false},"excerpt":{"rendered":"Produzidos at\u00e9 \u00e0 datamais de 411 770 MWh O parque e\u00f3lico de Santiago come\u00e7ou a injetar energia na rede (fase de testes) em setembro de 2011 e foi inaugurado no dia 21 de outubro de 2011. Foi o primeiro parque da Cabe\u00f3lica a entrar em funcionamento e \u00e9 o que tem maior capacidade instalada. O [...]","protected":false},"author":1,"featured_media":0,"parent":0,"menu_order":0,"comment_status":"closed","ping_status":"closed","template":"full-page.php","meta":{"_monsterinsights_skip_tracking":false,"_monsterinsights_sitenote_active":false,"_monsterinsights_sitenote_note":"","_monsterinsights_sitenote_category":0,"footnotes":""},"class_list":["post-4103","page","type-page","status-publish","hentry"],"aioseo_notices":[],"_links":{"self":[{"href":"\/en\/wp-json\/wp\/v2\/pages\/4103","targetHints":{"allow":["GET"]}}],"collection":[{"href":"\/en\/wp-json\/wp\/v2\/pages"}],"about":[{"href":"\/en\/wp-json\/wp\/v2\/types\/page"}],"author":[{"embeddable":true,"href":"\/en\/wp-json\/wp\/v2\/users\/1"}],"replies":[{"embeddable":true,"href":"\/en\/wp-json\/wp\/v2\/comments?post=4103"}],"version-history":[{"count":30,"href":"\/en\/wp-json\/wp\/v2\/pages\/4103\/revisions"}],"predecessor-version":[{"id":6447,"href":"\/en\/wp-json\/wp\/v2\/pages\/4103\/revisions\/6447"}],"wp:attachment":[{"href":"\/en\/wp-json\/wp\/v2\/media?parent=4103"}],"curies":[{"name":"wp","href":"https:\/\/api.w.org\/{rel}","templated":true}]}}