{"id":3978,"date":"2022-07-29T00:28:23","date_gmt":"2022-07-29T00:28:23","guid":{"rendered":"http:\/\/localhost:8888\/wordpress\/?page_id=3978"},"modified":"2023-03-15T00:35:38","modified_gmt":"2023-03-15T00:35:38","slug":"press-releases","status":"publish","type":"page","link":"\/en\/press-releases\/","title":{"rendered":"Press Releases"},"content":{"rendered":"<div class=\"vc_row wpb_row vc_row-fluid\"><div class=\"wpb_column vc_column_container vc_col-sm-12\"><div class=\"vc_column-inner\"><div class=\"wpb_wrapper\"><div class=\"vc_empty_space\"   style=\"height: 32px\"><span class=\"vc_empty_space_inner\"><\/span><\/div><\/div><\/div><\/div><\/div><div class=\"vc_row wpb_row vc_row-fluid vc_custom_1563347345242\"><div class=\"wpb_column vc_column_container vc_col-sm-12\"><div class=\"vc_column-inner\"><div class=\"wpb_wrapper\">\n<div class=\"vc_grid-container-wrapper vc_clearfix\">\n\t<div class=\"vc_grid-container vc_clearfix wpb_content_element vc_basic_grid\" data-initial-loading-animation=\"fadeIn\" data-vc-grid-settings=\"{&quot;page_id&quot;:3978,&quot;style&quot;:&quot;all&quot;,&quot;action&quot;:&quot;vc_get_vc_grid_data&quot;,&quot;shortcode_id&quot;:&quot;1678840528323-41329c01-c24e-8&quot;,&quot;tag&quot;:&quot;vc_basic_grid&quot;}\" data-vc-request=\"https:\/\/cabeolica.com\/wp-admin\/admin-ajax.php\" data-vc-post-id=\"3978\" data-vc-public-nonce=\"2aa250137f\">\n\t\t<style data-type=\"vc_shortcodes-custom-css\">.vc_custom_1419240516480{background-color: #f9f9f9 !important;}<\/style><div class=\"vc_grid vc_row vc_grid-gutter-35px vc_pageable-wrapper vc_hook_hover\" data-vc-pageable-content=\"true\"><div class=\"vc_pageable-slide-wrapper vc_clearfix\" data-vc-grid-content=\"true\"><div class=\"vc_grid-item vc_clearfix vc_col-sm-4 vc_grid-item-zone-c-bottom\"><div class=\"vc_grid-item-mini vc_clearfix\"><div class=\"vc_gitem-animated-block\" \"><div class=\"vc_gitem-zone vc_gitem-zone-a vc-gitem-zone-height-mode-auto vc-gitem-zone-height-mode-auto-1-1 vc_gitem-is-link\" style=\"background-image: url('https:\/\/cabeolica.com\/wp-content\/uploads\/2025\/06\/AfDBSupportsnewexpansionproject-1024x1024.jpg') !important;\"><a href=\"\/en\/bad-aprova-financiamento-de-e196-milhoes-para-projeto-de-expansao-eolica\/\" title=\"AfDB Approves \u20ac19.6 Million Financing for Cabeolica Expansion Project\" class=\"vc_gitem-link vc-zone-link\"><\/a><img decoding=\"async\" src=\"https:\/\/cabeolica.com\/wp-content\/uploads\/2025\/06\/AfDBSupportsnewexpansionproject-1024x1024.jpg\" class=\"vc_gitem-zone-img\" alt=\"\"><div class=\"vc_gitem-zone-mini\"><\/div><\/div><\/div><div class=\"vc_gitem-zone vc_gitem-zone-c vc_custom_1419240516480\"><div class=\"vc_gitem-zone-mini\"><div class=\"vc_gitem_row vc_row vc_gitem-row-position-top\"><div class=\"vc_col-sm-12 vc_gitem-col vc_gitem-col-align-\"><div class=\"vc_custom_heading vc_gitem-post-data vc_gitem-post-data-source-post_title\" ><h4 style=\"text-align: left\" >AfDB Approves \u20ac19.6 Million Financing for Cabeolica Expansion Project<\/h4><\/div><div class=\"vc_custom_heading vc_gitem-post-data vc_gitem-post-data-source-post_excerpt\" ><p style=\"text-align: left\" ><p>Praia, June 16, 2025 \u2013 Cabeolica welcomes the approval by the African Development Bank (AfDB) of a \u20ac19.6 million financing package to support Phase II of its wind energy expansion project, aimed at strengthening renewable energy capacity across Cabo Verde. The financing includes [...]<\/p>\n<\/p><\/div><div class=\"vc_btn3-container vc_btn3-left\"><a class=\"vc_general vc_btn3 vc_btn3-size-md vc_btn3-shape-rounded vc_btn3-style-flat vc_btn3-color-juicy-pink\" a href=\"\/en\/bad-aprova-financiamento-de-e196-milhoes-para-projeto-de-expansao-eolica\/\" title=\"Read more\">Read more<\/a><\/div><\/div><\/div><\/div><\/div><\/div><div class=\"vc_clearfix\"><\/div><\/div><div class=\"vc_grid-item vc_clearfix vc_col-sm-4 vc_grid-item-zone-c-bottom\"><div class=\"vc_grid-item-mini vc_clearfix\"><div class=\"vc_gitem-animated-block\" \"><div class=\"vc_gitem-zone vc_gitem-zone-a vc-gitem-zone-height-mode-auto vc-gitem-zone-height-mode-auto-1-1 vc_gitem-is-link\" style=\"background-image: url('https:\/\/cabeolica.com\/wp-content\/uploads\/2024\/07\/WhatsApp-Image-2024-07-18-at-15.20.40.jpeg') !important;\"><a href=\"\/en\/cabeolica-e-governo-de-cabo-verde-assinam-contrato-de-execucao-do-novo-projeto-de-expansao\/\" title=\"Cabe\u00f3lica and the Government of Cabo Verde Sign Execution Contract for New Expansion Project\" class=\"vc_gitem-link vc-zone-link\"><\/a><img decoding=\"async\" src=\"https:\/\/cabeolica.com\/wp-content\/uploads\/2024\/07\/WhatsApp-Image-2024-07-18-at-15.20.40.jpeg\" class=\"vc_gitem-zone-img\" alt=\"\"><div class=\"vc_gitem-zone-mini\"><\/div><\/div><\/div><div class=\"vc_gitem-zone vc_gitem-zone-c vc_custom_1419240516480\"><div class=\"vc_gitem-zone-mini\"><div class=\"vc_gitem_row vc_row vc_gitem-row-position-top\"><div class=\"vc_col-sm-12 vc_gitem-col vc_gitem-col-align-\"><div class=\"vc_custom_heading vc_gitem-post-data vc_gitem-post-data-source-post_title\" ><h4 style=\"text-align: left\" >Cabe\u00f3lica and the Government of Cabo Verde Sign Execution Contract for New Expansion Project<\/h4><\/div><div class=\"vc_custom_heading vc_gitem-post-data vc_gitem-post-data-source-post_excerpt\" ><p style=\"text-align: left\" ><p>On April 5 2024, Cabeolica signed the new Expansion Project contract with Electra and the Government, aimed to install new turbines in the Santiago Wind Farm, as well as  battery storage in Santiago and Sal Island. This initiative will double wind energy generation [...]<\/p>\n<\/p><\/div><div class=\"vc_btn3-container vc_btn3-left\"><a class=\"vc_general vc_btn3 vc_btn3-size-md vc_btn3-shape-rounded vc_btn3-style-flat vc_btn3-color-juicy-pink\" a href=\"\/en\/cabeolica-e-governo-de-cabo-verde-assinam-contrato-de-execucao-do-novo-projeto-de-expansao\/\" title=\"Read more\">Read more<\/a><\/div><\/div><\/div><\/div><\/div><\/div><div class=\"vc_clearfix\"><\/div><\/div><div class=\"vc_grid-item vc_clearfix vc_col-sm-4 vc_grid-item-zone-c-bottom\"><div class=\"vc_grid-item-mini vc_clearfix\"><div class=\"vc_gitem-animated-block\" \"><div class=\"vc_gitem-zone vc_gitem-zone-a vc-gitem-zone-height-mode-auto vc-gitem-zone-height-mode-auto-1-1 vc_gitem-is-link\" style=\"background-image: url('https:\/\/cabeolica.com\/wp-content\/uploads\/2022\/11\/Ato-de-assinatura-do-Memorando-de-Entendimento-entre-a-DNICE-e-a-Cabeolica.jpg') !important;\"><a href=\"\/en\/conferencia-internacional-10-anos-de-operacao-em-cabo-verde\/\" title=\"Government and Cabeolica sign memorandum\" class=\"vc_gitem-link vc-zone-link\"><\/a><img decoding=\"async\" src=\"https:\/\/cabeolica.com\/wp-content\/uploads\/2022\/11\/Ato-de-assinatura-do-Memorando-de-Entendimento-entre-a-DNICE-e-a-Cabeolica.jpg\" class=\"vc_gitem-zone-img\" alt=\"\"><div class=\"vc_gitem-zone-mini\"><\/div><\/div><\/div><div class=\"vc_gitem-zone vc_gitem-zone-c vc_custom_1419240516480\"><div class=\"vc_gitem-zone-mini\"><div class=\"vc_gitem_row vc_row vc_gitem-row-position-top\"><div class=\"vc_col-sm-12 vc_gitem-col vc_gitem-col-align-\"><div class=\"vc_custom_heading vc_gitem-post-data vc_gitem-post-data-source-post_title\" ><h4 style=\"text-align: left\" >Government and Cabeolica sign memorandum<\/h4><\/div><div class=\"vc_custom_heading vc_gitem-post-data vc_gitem-post-data-source-post_excerpt\" ><p style=\"text-align: left\" ><p>Government and Cabe\u00f3lica sign memorandum to increase the volume of renewable wind energy. Praia, Sep 23 (Inforpress) \u2013 The Government of Cape Verde and the company Cabe\u00f3lica signed today, in Praia, a memorandum of understanding for the expansion of the wind farm in Santiago and the storage of [\u2026]<\/p>\n<\/p><\/div><div class=\"vc_btn3-container vc_btn3-left\"><a class=\"vc_general vc_btn3 vc_btn3-size-md vc_btn3-shape-rounded vc_btn3-style-flat vc_btn3-color-juicy-pink\" a href=\"\/en\/conferencia-internacional-10-anos-de-operacao-em-cabo-verde\/\" title=\"Read more\">Read more<\/a><\/div><\/div><\/div><\/div><\/div><\/div><div class=\"vc_clearfix\"><\/div><\/div><div class=\"vc_grid-item vc_clearfix vc_col-sm-4 vc_grid-item-zone-c-bottom\"><div class=\"vc_grid-item-mini vc_clearfix\"><div class=\"vc_gitem-animated-block\" \"><div class=\"vc_gitem-zone vc_gitem-zone-a vc-gitem-zone-height-mode-auto vc-gitem-zone-height-mode-auto-1-1 vc_gitem-is-link\" style=\"background-image: url('https:\/\/cabeolica.com\/wp-content\/uploads\/2023\/03\/0-1024x683.jpeg') !important;\"><a href=\"\/en\/10-anos-de-operacao-em-cabo-verde\/\" title=\"Confer\u00eancia Internacional &#8211; 10 anos de opera\u00e7\u00e3o em Cabo Verde\" class=\"vc_gitem-link vc-zone-link\"><\/a><img decoding=\"async\" src=\"https:\/\/cabeolica.com\/wp-content\/uploads\/2023\/03\/0-1024x683.jpeg\" class=\"vc_gitem-zone-img\" alt=\"\"><div class=\"vc_gitem-zone-mini\"><\/div><\/div><\/div><div class=\"vc_gitem-zone vc_gitem-zone-c vc_custom_1419240516480\"><div class=\"vc_gitem-zone-mini\"><div class=\"vc_gitem_row vc_row vc_gitem-row-position-top\"><div class=\"vc_col-sm-12 vc_gitem-col vc_gitem-col-align-\"><div class=\"vc_custom_heading vc_gitem-post-data vc_gitem-post-data-source-post_title\" ><h4 style=\"text-align: left\" >International Conference \u2013 10 years of operation in Cape Verde<\/h4><\/div><div class=\"vc_custom_heading vc_gitem-post-data vc_gitem-post-data-source-post_excerpt\" ><p style=\"text-align: left\" ><p>Cabe\u00f3lica marks ten years of operation in Cape Verde with international conference Cidade da Praia, Mar 22 (Inforpress) \u2013 The company Cabe\u00f3lica, S.A. promotes this Wednesday, in Praia, an international conference entitled \u201cExperience acquired in ten years of PPP models and project finance in the energy sector in Cape Verde and in the African continent\u201d. The event, [\u2026]<\/p>\n<\/p><\/div><div class=\"vc_btn3-container vc_btn3-left\"><a class=\"vc_general vc_btn3 vc_btn3-size-md vc_btn3-shape-rounded vc_btn3-style-flat vc_btn3-color-juicy-pink\" a href=\"\/en\/10-anos-de-operacao-em-cabo-verde\/\" title=\"Read more\">Read more<\/a><\/div><\/div><\/div><\/div><\/div><\/div><div class=\"vc_clearfix\"><\/div><\/div><div class=\"vc_grid-item vc_clearfix vc_col-sm-4 vc_grid-item-zone-c-bottom\"><div class=\"vc_grid-item-mini vc_clearfix\"><div class=\"vc_gitem-animated-block\" \"><div class=\"vc_gitem-zone vc_gitem-zone-a vc-gitem-zone-height-mode-auto vc-gitem-zone-height-mode-auto-1-1 vc_gitem-is-link\" style=\"background-image: url('https:\/\/cabeolica.com\/wp-content\/uploads\/2022\/07\/Press_1_Nacoes_Unidas-e1450060066265.png') !important;\"><a href=\"\/en\/cabeolica-nas-nacoes-unidas-2\/\" title=\"Cabeolica at the United Nations\" class=\"vc_gitem-link vc-zone-link\"><\/a><img decoding=\"async\" src=\"https:\/\/cabeolica.com\/wp-content\/uploads\/2022\/07\/Press_1_Nacoes_Unidas-e1450060066265.png\" class=\"vc_gitem-zone-img\" alt=\"\"><div class=\"vc_gitem-zone-mini\"><\/div><\/div><\/div><div class=\"vc_gitem-zone vc_gitem-zone-c vc_custom_1419240516480\"><div class=\"vc_gitem-zone-mini\"><div class=\"vc_gitem_row vc_row vc_gitem-row-position-top\"><div class=\"vc_col-sm-12 vc_gitem-col vc_gitem-col-align-\"><div class=\"vc_custom_heading vc_gitem-post-data vc_gitem-post-data-source-post_title\" ><h4 style=\"text-align: left\" >Cabeolica at the United Nations<\/h4><\/div><div class=\"vc_custom_heading vc_gitem-post-data vc_gitem-post-data-source-post_excerpt\" ><p style=\"text-align: left\" ><p>Cabe\u00f3lica was invited by the United Nations to participate as a speaker at the Carbon Neutral Now launch event that took place on September 22 at the United Nations headquarters in New York, having been represented by Ana Monteiro, Head of Environment, Social and Administrative Department . Carbon Neutral Now (www.climateneutralnow.org) is an online platform [\u2026]<\/p>\n<\/p><\/div><div class=\"vc_btn3-container vc_btn3-left\"><a class=\"vc_general vc_btn3 vc_btn3-size-md vc_btn3-shape-rounded vc_btn3-style-flat vc_btn3-color-juicy-pink\" a href=\"\/en\/cabeolica-nas-nacoes-unidas-2\/\" title=\"Read more\">Read more<\/a><\/div><\/div><\/div><\/div><\/div><\/div><div class=\"vc_clearfix\"><\/div><\/div><div class=\"vc_grid-item vc_clearfix vc_col-sm-4 vc_grid-item-zone-c-bottom\"><div class=\"vc_grid-item-mini vc_clearfix\"><div class=\"vc_gitem-animated-block\" \"><div class=\"vc_gitem-zone vc_gitem-zone-a vc-gitem-zone-height-mode-auto vc-gitem-zone-height-mode-auto-1-1 vc_gitem-is-link\" style=\"background-image: url('https:\/\/cabeolica.com\/wp-content\/uploads\/2022\/07\/Press_2_Entrega_Premios_Eolo-e1450060349575.jpg') !important;\"><a href=\"\/en\/entrega-dos-premios-do-concurso-de-desenho\/\" title=\"Drawing Competition Prizes Presentation\" class=\"vc_gitem-link vc-zone-link\"><\/a><img decoding=\"async\" src=\"https:\/\/cabeolica.com\/wp-content\/uploads\/2022\/07\/Press_2_Entrega_Premios_Eolo-e1450060349575.jpg\" class=\"vc_gitem-zone-img\" alt=\"\"><div class=\"vc_gitem-zone-mini\"><\/div><\/div><\/div><div class=\"vc_gitem-zone vc_gitem-zone-c vc_custom_1419240516480\"><div class=\"vc_gitem-zone-mini\"><div class=\"vc_gitem_row vc_row vc_gitem-row-position-top\"><div class=\"vc_col-sm-12 vc_gitem-col vc_gitem-col-align-\"><div class=\"vc_custom_heading vc_gitem-post-data vc_gitem-post-data-source-post_title\" ><h4 style=\"text-align: left\" >Drawing Competition Prizes Presentation<\/h4><\/div><div class=\"vc_custom_heading vc_gitem-post-data vc_gitem-post-data-source-post_excerpt\" ><p style=\"text-align: left\" ><p>&nbsp; The drawing competition prizes, within the scope of the N\u00f3s Somos Energia educational program, were handed out on the 22nd of June, at ONDS, in Mindelo. Students, teachers, managers, guardians and the Delegate of the Ministry of Education were present at the award ceremony for the drawing contest.<\/p>\n<\/p><\/div><div class=\"vc_btn3-container vc_btn3-left\"><a class=\"vc_general vc_btn3 vc_btn3-size-md vc_btn3-shape-rounded vc_btn3-style-flat vc_btn3-color-juicy-pink\" a href=\"\/en\/entrega-dos-premios-do-concurso-de-desenho\/\" title=\"Read more\">Read more<\/a><\/div><\/div><\/div><\/div><\/div><\/div><div class=\"vc_clearfix\"><\/div><\/div><div class=\"vc_grid-item vc_clearfix vc_col-sm-4 vc_grid-item-zone-c-bottom\"><div class=\"vc_grid-item-mini vc_clearfix\"><div class=\"vc_gitem-animated-block\" \"><div class=\"vc_gitem-zone vc_gitem-zone-a vc-gitem-zone-height-mode-auto vc-gitem-zone-height-mode-auto-1-1 vc_gitem-is-link\" style=\"background-image: url('https:\/\/cabeolica.com\/wp-content\/uploads\/2022\/07\/Press_3_Eolo_Inicio-e1450060308673.jpg') !important;\"><a href=\"\/en\/projeto-eolo-comeca-no-mindelo\/\" title=\"Eolo Project Starts in Mindelo\" class=\"vc_gitem-link vc-zone-link\"><\/a><img decoding=\"async\" src=\"https:\/\/cabeolica.com\/wp-content\/uploads\/2022\/07\/Press_3_Eolo_Inicio-e1450060308673.jpg\" class=\"vc_gitem-zone-img\" alt=\"\"><div class=\"vc_gitem-zone-mini\"><\/div><\/div><\/div><div class=\"vc_gitem-zone vc_gitem-zone-c vc_custom_1419240516480\"><div class=\"vc_gitem-zone-mini\"><div class=\"vc_gitem_row vc_row vc_gitem-row-position-top\"><div class=\"vc_col-sm-12 vc_gitem-col vc_gitem-col-align-\"><div class=\"vc_custom_heading vc_gitem-post-data vc_gitem-post-data-source-post_title\" ><h4 style=\"text-align: left\" >Eolo Project Starts in Mindelo<\/h4><\/div><div class=\"vc_custom_heading vc_gitem-post-data vc_gitem-post-data-source-post_excerpt\" ><p style=\"text-align: left\" ><p>&nbsp; We are Energy is an educational program that started on March 2, with around 80 students from S\u00e3o Vicente in the 4th year of the Baptista master school in Ch\u00e3 de Monte Sossego and the Educational Center of Ribeira de Calhau, which was later extended to other cities and country islands. &nbsp;<\/p>\n<\/p><\/div><div class=\"vc_btn3-container vc_btn3-left\"><a class=\"vc_general vc_btn3 vc_btn3-size-md vc_btn3-shape-rounded vc_btn3-style-flat vc_btn3-color-juicy-pink\" a href=\"\/en\/projeto-eolo-comeca-no-mindelo\/\" title=\"Read more\">Read more<\/a><\/div><\/div><\/div><\/div><\/div><\/div><div class=\"vc_clearfix\"><\/div><\/div><div class=\"vc_grid-item vc_clearfix vc_col-sm-4 vc_grid-item-zone-c-bottom\"><div class=\"vc_grid-item-mini vc_clearfix\"><div class=\"vc_gitem-animated-block\" \"><div class=\"vc_gitem-zone vc_gitem-zone-a vc-gitem-zone-height-mode-auto vc-gitem-zone-height-mode-auto-1-1 vc_gitem-is-link\" style=\"background-image: url('https:\/\/cabeolica.com\/wp-content\/uploads\/2022\/07\/Press_4_CDM.jpg') !important;\"><a href=\"\/en\/nacoes-unidas-integram-cabeolica-no-cdm\/\" title=\"United Nations Integrates Cabeolica into the CDM\" class=\"vc_gitem-link vc-zone-link\"><\/a><img decoding=\"async\" src=\"https:\/\/cabeolica.com\/wp-content\/uploads\/2022\/07\/Press_4_CDM.jpg\" class=\"vc_gitem-zone-img\" alt=\"\"><div class=\"vc_gitem-zone-mini\"><\/div><\/div><\/div><div class=\"vc_gitem-zone vc_gitem-zone-c vc_custom_1419240516480\"><div class=\"vc_gitem-zone-mini\"><div class=\"vc_gitem_row vc_row vc_gitem-row-position-top\"><div class=\"vc_col-sm-12 vc_gitem-col vc_gitem-col-align-\"><div class=\"vc_custom_heading vc_gitem-post-data vc_gitem-post-data-source-post_title\" ><h4 style=\"text-align: left\" >United Nations Integrates Cabeolica into the CDM<\/h4><\/div><div class=\"vc_custom_heading vc_gitem-post-data vc_gitem-post-data-source-post_excerpt\" ><p style=\"text-align: left\" ><p>UNITED NATIONS INTEGRATE CABE\u00d3LICA INTO CDM First Company in Cape Verde and One of the Few in Africa Cabe\u00f3lica, a wind energy producer in Cape Verde, is pleased to announce that it has joined the Clean Development Mechanism (CDM), a mechanism created by the Kyoto Protocol to the Framework Convention on [\u2026]<\/p>\n<\/p><\/div><div class=\"vc_btn3-container vc_btn3-left\"><a class=\"vc_general vc_btn3 vc_btn3-size-md vc_btn3-shape-rounded vc_btn3-style-flat vc_btn3-color-juicy-pink\" a href=\"\/en\/nacoes-unidas-integram-cabeolica-no-cdm\/\" title=\"Read more\">Read more<\/a><\/div><\/div><\/div><\/div><\/div><\/div><div class=\"vc_clearfix\"><\/div><\/div><div class=\"vc_grid-item vc_clearfix vc_col-sm-4 vc_grid-item-zone-c-bottom\"><div class=\"vc_grid-item-mini vc_clearfix\"><div class=\"vc_gitem-animated-block\" \"><div class=\"vc_gitem-zone vc_gitem-zone-a vc-gitem-zone-height-mode-auto vc-gitem-zone-height-mode-auto-1-1 vc_gitem-is-link\" style=\"background-image: url('https:\/\/cabeolica.com\/wp-content\/uploads\/2022\/07\/Press_5_Ashden-e1450213943679-1024x683.jpg') !important;\"><a href=\"\/en\/cabeolica-nas-nacoes-unidas\/\" title=\"Cabeolica Wins Award Attributed by Ashden\" class=\"vc_gitem-link vc-zone-link\"><\/a><img decoding=\"async\" src=\"https:\/\/cabeolica.com\/wp-content\/uploads\/2022\/07\/Press_5_Ashden-e1450213943679-1024x683.jpg\" class=\"vc_gitem-zone-img\" alt=\"\"><div class=\"vc_gitem-zone-mini\"><\/div><\/div><\/div><div class=\"vc_gitem-zone vc_gitem-zone-c vc_custom_1419240516480\"><div class=\"vc_gitem-zone-mini\"><div class=\"vc_gitem_row vc_row vc_gitem-row-position-top\"><div class=\"vc_col-sm-12 vc_gitem-col vc_gitem-col-align-\"><div class=\"vc_custom_heading vc_gitem-post-data vc_gitem-post-data-source-post_title\" ><h4 style=\"text-align: left\" >Cabeolica Wins Award Attributed by Ashden<\/h4><\/div><div class=\"vc_custom_heading vc_gitem-post-data vc_gitem-post-data-source-post_excerpt\" ><p style=\"text-align: left\" ><p>PRESS RELEASE Contact: Ana Paula David + 238 231 50 94 | + 238 99 798 43 Contact: Luke Malcher | luke.malcher@ashden.org +44 (0) 207 410 7068 | +44 (0) 781 628 0106 Cabeolica Wins World Award Assigned by Ashden World leader project in wind energy wins the prestigious Ashden Award 2013 (London) The company [\u2026]<\/p>\n<\/p><\/div><div class=\"vc_btn3-container vc_btn3-left\"><a class=\"vc_general vc_btn3 vc_btn3-size-md vc_btn3-shape-rounded vc_btn3-style-flat vc_btn3-color-juicy-pink\" a href=\"\/en\/cabeolica-nas-nacoes-unidas\/\" title=\"Read more\">Read more<\/a><\/div><\/div><\/div><\/div><\/div><\/div><div class=\"vc_clearfix\"><\/div><\/div><div class=\"vc_grid-item vc_clearfix vc_col-sm-4 vc_grid-item-zone-c-bottom\"><div class=\"vc_grid-item-mini vc_clearfix\"><div class=\"vc_gitem-animated-block\" \"><div class=\"vc_gitem-zone vc_gitem-zone-a vc-gitem-zone-height-mode-auto vc-gitem-zone-height-mode-auto-1-1 vc_gitem-is-link\" style=\"background-image: url('https:\/\/cabeolica.com\/wp-content\/uploads\/2022\/07\/Press_6_PPP-e1450061297936.png') !important;\"><a href=\"\/en\/cabeolica-eleita-uma-das-melhores-ppp-da-africa-subsariana\/\" title=\"Cabeolica Elected One of the Best PPPs in Sub-Saharan Africa\" class=\"vc_gitem-link vc-zone-link\"><\/a><img decoding=\"async\" src=\"https:\/\/cabeolica.com\/wp-content\/uploads\/2022\/07\/Press_6_PPP-e1450061297936.png\" class=\"vc_gitem-zone-img\" alt=\"\"><div class=\"vc_gitem-zone-mini\"><\/div><\/div><\/div><div class=\"vc_gitem-zone vc_gitem-zone-c vc_custom_1419240516480\"><div class=\"vc_gitem-zone-mini\"><div class=\"vc_gitem_row vc_row vc_gitem-row-position-top\"><div class=\"vc_col-sm-12 vc_gitem-col vc_gitem-col-align-\"><div class=\"vc_custom_heading vc_gitem-post-data vc_gitem-post-data-source-post_title\" ><h4 style=\"text-align: left\" >Cabeolica Elected One of the Best PPPs in Sub-Saharan Africa<\/h4><\/div><div class=\"vc_custom_heading vc_gitem-post-data vc_gitem-post-data-source-post_excerpt\" ><p style=\"text-align: left\" ><p>&nbsp; Cabeolica Awarded another International Distinction Considered one of the Best Public-Private Partnerships in Sub-Saharan Africa   Cape Verde is once again in the news on the international scene for the best reasons: among several other entities, Cabeolica was distinguished as one of the best public-private partnerships in Sub-Saharan Africa. The distinction was awarded by the IFC \u2013 [\u2026]<\/p>\n<\/p><\/div><div class=\"vc_btn3-container vc_btn3-left\"><a class=\"vc_general vc_btn3 vc_btn3-size-md vc_btn3-shape-rounded vc_btn3-style-flat vc_btn3-color-juicy-pink\" a href=\"\/en\/cabeolica-eleita-uma-das-melhores-ppp-da-africa-subsariana\/\" title=\"Read more\">Read more<\/a><\/div><\/div><\/div><\/div><\/div><\/div><div class=\"vc_clearfix\"><\/div><\/div><\/div><\/div>\n\t<\/div>\n<\/div><\/div><\/div><\/div><\/div>","protected":false},"excerpt":{"rendered":"Cabe\u00f3lica e Governo de Cabo Verde assinam contrato de execu\u00e7\u00e3o do novo Projeto de Expans\u00e3oFoi rubricado no dia 5 de abril de 2024, o contrato de execu\u00e7\u00e3o do novo Projeto de Expans\u00e3o da Cabe\u00f3lica, tendo em vista a instala\u00e7\u00e3o de novas turbinas no Parque E\u00f3lico de Santiago, bem como de baterias de armazenamento na Ilha [...]","protected":false},"author":1,"featured_media":0,"parent":0,"menu_order":0,"comment_status":"closed","ping_status":"closed","template":"full-page.php","meta":{"_monsterinsights_skip_tracking":false,"_monsterinsights_sitenote_active":false,"_monsterinsights_sitenote_note":"","_monsterinsights_sitenote_category":0,"footnotes":""},"class_list":["post-3978","page","type-page","status-publish","hentry"],"aioseo_notices":[],"_links":{"self":[{"href":"\/en\/wp-json\/wp\/v2\/pages\/3978","targetHints":{"allow":["GET"]}}],"collection":[{"href":"\/en\/wp-json\/wp\/v2\/pages"}],"about":[{"href":"\/en\/wp-json\/wp\/v2\/types\/page"}],"author":[{"embeddable":true,"href":"\/en\/wp-json\/wp\/v2\/users\/1"}],"replies":[{"embeddable":true,"href":"\/en\/wp-json\/wp\/v2\/comments?post=3978"}],"version-history":[{"count":11,"href":"\/en\/wp-json\/wp\/v2\/pages\/3978\/revisions"}],"predecessor-version":[{"id":6210,"href":"\/en\/wp-json\/wp\/v2\/pages\/3978\/revisions\/6210"}],"wp:attachment":[{"href":"\/en\/wp-json\/wp\/v2\/media?parent=3978"}],"curies":[{"name":"wp","href":"https:\/\/api.w.org\/{rel}","templated":true}]}}